{"id":79703,"date":"2025-07-11T17:11:14","date_gmt":"2025-07-11T14:11:14","guid":{"rendered":"https:\/\/demo8.ecube.lv\/sezona.lv\/products\/thermarest-turisma-paklajs-z-lite\/"},"modified":"2025-07-14T15:44:34","modified_gmt":"2025-07-14T12:44:34","slug":"thermarest-turisma-paklajs-z-lite","status":"publish","type":"product","link":"https:\/\/sezona.lv\/en\/products\/thermarest-turisma-paklajs-z-lite\/","title":{"rendered":"Thermarest t\u016brisma pakl\u0101js Z-LITE"},"content":{"rendered":"<div class=\"rte\">\n<p>Viskompakt\u0101kais un viegl\u0101kais t\u016brisma pakl\u0101js, kas veidots no sl\u0113gto putu materi\u0101la.<\/p>\n<p>Izm\u0113rs: 183x51x2 cm<\/p>\n<p>Svars: 410 g<\/p>\n<\/div>\n","protected":false},"excerpt":{"rendered":"<p>Viskompakt\u0101kais un viegl\u0101kais t\u016brisma pakl\u0101js, kas veidots no sl\u0113gto putu materi\u0101la. Izm\u0113rs: 183x51x2 cm Svars: 410 g<\/p>\n","protected":false},"featured_media":73885,"template":"","meta":[],"product_brand":[3434],"product_cat":[4558,4663,4773],"product_tag":[],"class_list":{"0":"post-79703","1":"product","2":"type-product","3":"status-publish","4":"has-post-thumbnail","6":"product_brand-therm-a-rest","7":"product_cat-for-tourism-recreation","8":"product_cat-mattresses-and-travel-mats-for-tourism-recreation","9":"product_cat-travel-mats-mattresses-and-travel-mats-for-tourism-recreation","11":"first","12":"instock","13":"shipping-taxable","14":"purchasable","15":"product-type-simple"},"_links":{"self":[{"href":"https:\/\/sezona.lv\/en\/wp-json\/wp\/v2\/product\/79703","targetHints":{"allow":["GET"]}}],"collection":[{"href":"https:\/\/sezona.lv\/en\/wp-json\/wp\/v2\/product"}],"about":[{"href":"https:\/\/sezona.lv\/en\/wp-json\/wp\/v2\/types\/product"}],"wp:featuredmedia":[{"embeddable":true,"href":"https:\/\/sezona.lv\/en\/wp-json\/wp\/v2\/media\/73885"}],"wp:attachment":[{"href":"https:\/\/sezona.lv\/en\/wp-json\/wp\/v2\/media?parent=79703"}],"wp:term":[{"taxonomy":"product_brand","embeddable":true,"href":"https:\/\/sezona.lv\/en\/wp-json\/wp\/v2\/product_brand?post=79703"},{"taxonomy":"product_cat","embeddable":true,"href":"https:\/\/sezona.lv\/en\/wp-json\/wp\/v2\/product_cat?post=79703"},{"taxonomy":"product_tag","embeddable":true,"href":"https:\/\/sezona.lv\/en\/wp-json\/wp\/v2\/product_tag?post=79703"}],"curies":[{"name":"wp","href":"https:\/\/api.w.org\/{rel}","templated":true}]}}