{"id":79704,"date":"2025-07-14T15:44:35","date_gmt":"2025-07-14T12:44:35","guid":{"rendered":"https:\/\/demo8.ecube.lv\/sezona.lv\/products\/celojuma-paklajini-190x55x1-2cm\/"},"modified":"2025-07-14T15:44:35","modified_gmt":"2025-07-14T12:44:35","slug":"celojuma-paklajini-190x55x1-2cm","status":"publish","type":"product","link":"https:\/\/sezona.lv\/en\/products\/celojuma-paklajini-190x55x1-2cm\/","title":{"rendered":"CE\u013bOJUMA PAKL\u0100JI\u0145I 190x55x1.2cm"},"content":{"rendered":"<div class=\"rte\">\u0112rti un viegli klasisk\u0101 parauga ce\u013cojumu pakl\u0101ji\u0146i<\/div>\n","protected":false},"excerpt":{"rendered":"<p>\u0112rti un viegli klasisk\u0101 parauga ce\u013cojumu pakl\u0101ji\u0146i<\/p>\n","protected":false},"featured_media":0,"template":"","meta":[],"product_brand":[],"product_cat":[4558,4640,4663,4773],"product_tag":[],"class_list":{"0":"post-79704","1":"product","2":"type-product","3":"status-publish","5":"product_cat-for-tourism-recreation","6":"product_cat-recreation","7":"product_cat-mattresses-and-travel-mats-for-tourism-recreation","8":"product_cat-travel-mats-mattresses-and-travel-mats-for-tourism-recreation","10":"first","11":"instock","12":"shipping-taxable","13":"purchasable","14":"product-type-simple"},"_links":{"self":[{"href":"https:\/\/sezona.lv\/en\/wp-json\/wp\/v2\/product\/79704","targetHints":{"allow":["GET"]}}],"collection":[{"href":"https:\/\/sezona.lv\/en\/wp-json\/wp\/v2\/product"}],"about":[{"href":"https:\/\/sezona.lv\/en\/wp-json\/wp\/v2\/types\/product"}],"wp:attachment":[{"href":"https:\/\/sezona.lv\/en\/wp-json\/wp\/v2\/media?parent=79704"}],"wp:term":[{"taxonomy":"product_brand","embeddable":true,"href":"https:\/\/sezona.lv\/en\/wp-json\/wp\/v2\/product_brand?post=79704"},{"taxonomy":"product_cat","embeddable":true,"href":"https:\/\/sezona.lv\/en\/wp-json\/wp\/v2\/product_cat?post=79704"},{"taxonomy":"product_tag","embeddable":true,"href":"https:\/\/sezona.lv\/en\/wp-json\/wp\/v2\/product_tag?post=79704"}],"curies":[{"name":"wp","href":"https:\/\/api.w.org\/{rel}","templated":true}]}}