{"id":79706,"date":"2025-07-14T15:44:37","date_gmt":"2025-07-14T12:44:37","guid":{"rendered":"https:\/\/demo8.ecube.lv\/sezona.lv\/products\/thermarest-piepusamais-matracis-neoair-venture-r\/"},"modified":"2025-07-14T15:44:37","modified_gmt":"2025-07-14T12:44:37","slug":"thermarest-piepusamais-matracis-neoair-venture-r","status":"publish","type":"product","link":"https:\/\/sezona.lv\/en\/products\/thermarest-piepusamais-matracis-neoair-venture-r\/","title":{"rendered":"Thermarest piep\u016b\u0161amais matracis NeoAir Venture R"},"content":{"rendered":"<p><strong>Piep\u016b&scaron;amas tr\u012bs sezonu pakl\u0101ji\u0146&scaron;. Piem\u0113rots jebkurai  aktivit\u0101tei &ndash; p\u0101rg\u0101jieni, kempings, atp\u016btai dab\u0101. ThermaRest pakl\u0101ji\u0146i  slaveni ar savu iztur\u012bbu un komfortu, tas pats ar\u012b attiecas uz Venture.<\/strong><\/p>\n<p>&nbsp;<\/p>\n<p>R &ndash; V\u0113rt\u012bba: 1,8<\/p>\n<p>Svars: 560 g<\/p>\n<p>Platums &ndash; 51 cm<\/p>\n<p>Garums &ndash; 183 cm<\/p>\n<p>Biezums &ndash; 5 cm<\/p>\n<p>Izm\u0113rs sapakojot -23 x 11,5 cm<\/p>\n","protected":false},"excerpt":{"rendered":"<p>Piep\u016b&scaron;amas tr\u012bs sezonu pakl\u0101ji\u0146&scaron;. Piem\u0113rots jebkurai aktivit\u0101tei &ndash; p\u0101rg\u0101jieni, kempings, atp\u016btai dab\u0101. ThermaRest pakl\u0101ji\u0146i slaveni ar savu iztur\u012bbu un komfortu, tas pats ar\u012b attiecas uz Venture. &nbsp; R &ndash; V\u0113rt\u012bba: 1,8 Svars: 560 g Platums &ndash; 51 cm Garums &ndash; 183 cm Biezums &ndash; 5 cm Izm\u0113rs sapakojot -23 x 11,5 cm<\/p>\n","protected":false},"featured_media":0,"template":"","meta":[],"product_brand":[3434],"product_cat":[4558,4640,4663,4771],"product_tag":[],"class_list":{"0":"post-79706","1":"product","2":"type-product","3":"status-publish","5":"product_brand-therm-a-rest","6":"product_cat-for-tourism-recreation","7":"product_cat-recreation","8":"product_cat-mattresses-and-travel-mats-for-tourism-recreation","9":"product_cat-inflatable-mattresses-mattresses-and-travel-mats-for-tourism-recreation","11":"first","12":"instock","13":"shipping-taxable","14":"purchasable","15":"product-type-simple"},"_links":{"self":[{"href":"https:\/\/sezona.lv\/en\/wp-json\/wp\/v2\/product\/79706","targetHints":{"allow":["GET"]}}],"collection":[{"href":"https:\/\/sezona.lv\/en\/wp-json\/wp\/v2\/product"}],"about":[{"href":"https:\/\/sezona.lv\/en\/wp-json\/wp\/v2\/types\/product"}],"wp:attachment":[{"href":"https:\/\/sezona.lv\/en\/wp-json\/wp\/v2\/media?parent=79706"}],"wp:term":[{"taxonomy":"product_brand","embeddable":true,"href":"https:\/\/sezona.lv\/en\/wp-json\/wp\/v2\/product_brand?post=79706"},{"taxonomy":"product_cat","embeddable":true,"href":"https:\/\/sezona.lv\/en\/wp-json\/wp\/v2\/product_cat?post=79706"},{"taxonomy":"product_tag","embeddable":true,"href":"https:\/\/sezona.lv\/en\/wp-json\/wp\/v2\/product_tag?post=79706"}],"curies":[{"name":"wp","href":"https:\/\/api.w.org\/{rel}","templated":true}]}}