{"id":79707,"date":"2025-07-14T15:44:38","date_gmt":"2025-07-14T12:44:38","guid":{"rendered":"https:\/\/demo8.ecube.lv\/sezona.lv\/products\/thermarest-piepusamais-matracis-neoair-xterm-l\/"},"modified":"2025-07-14T15:44:38","modified_gmt":"2025-07-14T12:44:38","slug":"thermarest-piepusamais-matracis-neoair-xterm-l","status":"publish","type":"product","link":"https:\/\/sezona.lv\/en\/products\/thermarest-piepusamais-matracis-neoair-xterm-l\/","title":{"rendered":"Thermarest piep\u016b\u0161amais matracis NeoAir Xterm L"},"content":{"rendered":"<p>Xterm matra\u010da &nbsp;svara\/ siltuma attiec\u012bba p\u0101rsp\u0113j jebkura cita matra\u010da rad\u012bt\u0101jus, pateicoties&nbsp;ThermaCapture&trade; tehnolo\u0123ijai.<\/p>\n<p>&nbsp;<\/p>\n<p><em><strong>Siltums, kas sver maz<\/strong> &ndash;&nbsp;ThermaCapture&trade;  &nbsp;tehnolo\u0123ija atstaro aukstumu, kas n\u0101k no zemes, k\u0101 ar\u012b atstaro \u0137erme\u0146a  radito siltumu un noglab\u0101 t\u0101s speci\u0101l\u0101s &scaron;\u016bn\u0101s. &Scaron;\u012b tehnolo\u0123ija nodro&scaron;ina  siltumu, samazinot matra\u010da svaru l\u012bdz minimumam<\/em><\/p>\n<p><em><strong>Lielisks komforts<\/strong><\/em> &ndash;&nbsp;<em>6 cm biezs, matra\u010da &scaron;\u016bnu strukt\u016bra nodro&scaron;ina izcilu atbalstu un \u0113rtumu.<\/em><\/p>\n<p><em><strong>Kompakts<\/strong> <\/em>&ndash;<em> sapakot\u0101 veid\u0101 aiz\u0146em tik pat daudz vietas cik vien 1L pudele \u016bdens<\/em><\/p>\n<p><em><strong>Viegls &ndash;&nbsp;<\/strong>augstv\u0113rt\u012bgie materi\u0101li un \u0137ermenim piel\u0101got\u0101 forma samazina svaru<\/em><\/p>\n<p>&nbsp;<\/p>\n<p><em>Svars &ndash; 570 g<\/em><\/p>\n<p><em>Platums &ndash; 63 cm<\/em><\/p>\n<p><em>Garums &ndash; 196 cm<\/em><\/p>\n<p><em>Biezums &ndash; 6,3 cm<\/em><\/p>\n<p><em>Izm\u0113rs sapakot\u0101 veid\u0101 &ndash; 28 x 11 cm<\/em><\/p>\n<p><em>Virsmas materi\u0101ls &nbsp;&ndash; 30 D Rip neilons<\/em><\/p>\n<p><em>Apak&scaron;as materi\u0101ls &ndash; 70 D neilons<\/em><\/p>\n","protected":false},"excerpt":{"rendered":"<p>Xterm matra\u010da &nbsp;svara\/ siltuma attiec\u012bba p\u0101rsp\u0113j jebkura cita matra\u010da rad\u012bt\u0101jus, pateicoties&nbsp;ThermaCapture&trade; tehnolo\u0123ijai. &nbsp; Siltums, kas sver maz &ndash;&nbsp;ThermaCapture&trade; &nbsp;tehnolo\u0123ija atstaro aukstumu, kas n\u0101k no zemes, k\u0101 ar\u012b atstaro \u0137erme\u0146a radito siltumu un noglab\u0101 t\u0101s speci\u0101l\u0101s &scaron;\u016bn\u0101s. &Scaron;\u012b tehnolo\u0123ija nodro&scaron;ina siltumu, samazinot matra\u010da svaru l\u012bdz minimumam Lielisks komforts &ndash;&nbsp;6 cm biezs, matra\u010da &scaron;\u016bnu strukt\u016bra nodro&scaron;ina izcilu [&hellip;]<\/p>\n","protected":false},"featured_media":0,"template":"","meta":[],"product_brand":[3434],"product_cat":[4558,4640,4663,4771],"product_tag":[],"class_list":{"0":"post-79707","1":"product","2":"type-product","3":"status-publish","5":"product_brand-therm-a-rest","6":"product_cat-for-tourism-recreation","7":"product_cat-recreation","8":"product_cat-mattresses-and-travel-mats-for-tourism-recreation","9":"product_cat-inflatable-mattresses-mattresses-and-travel-mats-for-tourism-recreation","11":"first","12":"instock","13":"shipping-taxable","14":"purchasable","15":"product-type-simple"},"_links":{"self":[{"href":"https:\/\/sezona.lv\/en\/wp-json\/wp\/v2\/product\/79707","targetHints":{"allow":["GET"]}}],"collection":[{"href":"https:\/\/sezona.lv\/en\/wp-json\/wp\/v2\/product"}],"about":[{"href":"https:\/\/sezona.lv\/en\/wp-json\/wp\/v2\/types\/product"}],"wp:attachment":[{"href":"https:\/\/sezona.lv\/en\/wp-json\/wp\/v2\/media?parent=79707"}],"wp:term":[{"taxonomy":"product_brand","embeddable":true,"href":"https:\/\/sezona.lv\/en\/wp-json\/wp\/v2\/product_brand?post=79707"},{"taxonomy":"product_cat","embeddable":true,"href":"https:\/\/sezona.lv\/en\/wp-json\/wp\/v2\/product_cat?post=79707"},{"taxonomy":"product_tag","embeddable":true,"href":"https:\/\/sezona.lv\/en\/wp-json\/wp\/v2\/product_tag?post=79707"}],"curies":[{"name":"wp","href":"https:\/\/api.w.org\/{rel}","templated":true}]}}