{"id":79710,"date":"2025-07-14T15:44:40","date_gmt":"2025-07-14T12:44:40","guid":{"rendered":"https:\/\/demo8.ecube.lv\/sezona.lv\/products\/thermarest-piepusamais-matracis-neoair-xlite-r\/"},"modified":"2025-07-14T15:44:40","modified_gmt":"2025-07-14T12:44:40","slug":"thermarest-piepusamais-matracis-neoair-xlite-r","status":"publish","type":"product","link":"https:\/\/sezona.lv\/en\/products\/thermarest-piepusamais-matracis-neoair-xlite-r\/","title":{"rendered":"Thermarest piep\u016b\u0161amais matracis NeoAir Xlite R"},"content":{"rendered":"<p>Pasaules jaun\u0101k\u0101s tehnolo\u0123ijas ultravieglu gu\u013cammatra\u010du ra\u017eo&scaron;an\u0101! Lai  gan &scaron;is ir piep\u016b&scaron;amais pakl\u0101js, tas, pateicoties tr\u012bs kameru uzb\u016bvei,  saglab\u0101 pa&scaron;piep\u016b&scaron;amo pakl\u0101ju komfortu, bet \u013cauj ieekonom\u0113t svaru un  izm\u0113ru (aiz\u0146em tik pat vietas, cik 1L pudele).<\/p>\n<p><em>Biezums 6.3 cm<\/em><br \/> <em> R-v\u0113rt\u012bba (izol\u0101cija) &ndash; 3,2<\/em><\/p>\n<p><em>Garums &ndash; 183 cm<\/em><\/p>\n<p><em>Platums &ndash; 51 cm<\/em><\/p>\n<p><em>Svars &ndash; 350 g<\/em><\/p>\n","protected":false},"excerpt":{"rendered":"<p>Pasaules jaun\u0101k\u0101s tehnolo\u0123ijas ultravieglu gu\u013cammatra\u010du ra\u017eo&scaron;an\u0101! Lai gan &scaron;is ir piep\u016b&scaron;amais pakl\u0101js, tas, pateicoties tr\u012bs kameru uzb\u016bvei, saglab\u0101 pa&scaron;piep\u016b&scaron;amo pakl\u0101ju komfortu, bet \u013cauj ieekonom\u0113t svaru un izm\u0113ru (aiz\u0146em tik pat vietas, cik 1L pudele). Biezums 6.3 cm R-v\u0113rt\u012bba (izol\u0101cija) &ndash; 3,2 Garums &ndash; 183 cm Platums &ndash; 51 cm Svars &ndash; 350 g<\/p>\n","protected":false},"featured_media":0,"template":"","meta":[],"product_brand":[3434],"product_cat":[4558,4640,4663,4771],"product_tag":[],"class_list":{"0":"post-79710","1":"product","2":"type-product","3":"status-publish","5":"product_brand-therm-a-rest","6":"product_cat-for-tourism-recreation","7":"product_cat-recreation","8":"product_cat-mattresses-and-travel-mats-for-tourism-recreation","9":"product_cat-inflatable-mattresses-mattresses-and-travel-mats-for-tourism-recreation","11":"first","12":"instock","13":"shipping-taxable","14":"purchasable","15":"product-type-simple"},"_links":{"self":[{"href":"https:\/\/sezona.lv\/en\/wp-json\/wp\/v2\/product\/79710","targetHints":{"allow":["GET"]}}],"collection":[{"href":"https:\/\/sezona.lv\/en\/wp-json\/wp\/v2\/product"}],"about":[{"href":"https:\/\/sezona.lv\/en\/wp-json\/wp\/v2\/types\/product"}],"wp:attachment":[{"href":"https:\/\/sezona.lv\/en\/wp-json\/wp\/v2\/media?parent=79710"}],"wp:term":[{"taxonomy":"product_brand","embeddable":true,"href":"https:\/\/sezona.lv\/en\/wp-json\/wp\/v2\/product_brand?post=79710"},{"taxonomy":"product_cat","embeddable":true,"href":"https:\/\/sezona.lv\/en\/wp-json\/wp\/v2\/product_cat?post=79710"},{"taxonomy":"product_tag","embeddable":true,"href":"https:\/\/sezona.lv\/en\/wp-json\/wp\/v2\/product_tag?post=79710"}],"curies":[{"name":"wp","href":"https:\/\/api.w.org\/{rel}","templated":true}]}}