{"id":79711,"date":"2025-07-11T17:11:21","date_gmt":"2025-07-11T14:11:21","guid":{"rendered":"https:\/\/demo8.ecube.lv\/sezona.lv\/products\/campingaz-ladejams-elektriskais-pumpis-rechargeable-quickpump-airpump\/"},"modified":"2025-07-14T15:44:41","modified_gmt":"2025-07-14T12:44:41","slug":"campingaz-ladejams-elektriskais-pumpis-rechargeable-quickpump-airpump","status":"publish","type":"product","link":"https:\/\/sezona.lv\/en\/products\/campingaz-ladejams-elektriskais-pumpis-rechargeable-quickpump-airpump\/","title":{"rendered":"Campingaz l\u0101d\u0113jams elektriskais pumpis Rechargeable Quickpump\u2122 Airpump"},"content":{"rendered":"<p>&nbsp;<\/p>\n<p>L\u0101d\u0113jams elektriskais pumpis CAMPINGAZ Rechargeable Quickpump<br \/> \u012apa&scaron;i jaud\u012bgs l\u0101d\u0113jams s\u016bknis ar akumulatoru, kas divviet\u012bgu piep\u016b&scaron;amu gultu sp\u0113j uzp\u016bst un izp\u016bst maz\u0101k k\u0101 2 min\u016bt\u0113s!<br \/> Pumpi var l\u0101d\u0113t no 12V un 220V str\u0101vas avota.<br \/> P\u0113c piln\u012bgas uzl\u0101des pumpis darbojas 30 min\u016btes.<br \/> Jauda: 600 L\/min.<\/p>\n<p>&nbsp;<\/p>\n","protected":false},"excerpt":{"rendered":"<p>&nbsp; L\u0101d\u0113jams elektriskais pumpis CAMPINGAZ Rechargeable Quickpump \u012apa&scaron;i jaud\u012bgs l\u0101d\u0113jams s\u016bknis ar akumulatoru, kas divviet\u012bgu piep\u016b&scaron;amu gultu sp\u0113j uzp\u016bst un izp\u016bst maz\u0101k k\u0101 2 min\u016bt\u0113s! Pumpi var l\u0101d\u0113t no 12V un 220V str\u0101vas avota. P\u0113c piln\u012bgas uzl\u0101des pumpis darbojas 30 min\u016btes. Jauda: 600 L\/min. &nbsp;<\/p>\n","protected":false},"featured_media":73891,"template":"","meta":[],"product_brand":[],"product_cat":[4558,4663,4771],"product_tag":[],"class_list":{"0":"post-79711","1":"product","2":"type-product","3":"status-publish","4":"has-post-thumbnail","6":"product_cat-for-tourism-recreation","7":"product_cat-mattresses-and-travel-mats-for-tourism-recreation","8":"product_cat-inflatable-mattresses-mattresses-and-travel-mats-for-tourism-recreation","10":"first","11":"instock","12":"shipping-taxable","13":"purchasable","14":"product-type-simple"},"_links":{"self":[{"href":"https:\/\/sezona.lv\/en\/wp-json\/wp\/v2\/product\/79711","targetHints":{"allow":["GET"]}}],"collection":[{"href":"https:\/\/sezona.lv\/en\/wp-json\/wp\/v2\/product"}],"about":[{"href":"https:\/\/sezona.lv\/en\/wp-json\/wp\/v2\/types\/product"}],"wp:featuredmedia":[{"embeddable":true,"href":"https:\/\/sezona.lv\/en\/wp-json\/wp\/v2\/media\/73891"}],"wp:attachment":[{"href":"https:\/\/sezona.lv\/en\/wp-json\/wp\/v2\/media?parent=79711"}],"wp:term":[{"taxonomy":"product_brand","embeddable":true,"href":"https:\/\/sezona.lv\/en\/wp-json\/wp\/v2\/product_brand?post=79711"},{"taxonomy":"product_cat","embeddable":true,"href":"https:\/\/sezona.lv\/en\/wp-json\/wp\/v2\/product_cat?post=79711"},{"taxonomy":"product_tag","embeddable":true,"href":"https:\/\/sezona.lv\/en\/wp-json\/wp\/v2\/product_tag?post=79711"}],"curies":[{"name":"wp","href":"https:\/\/api.w.org\/{rel}","templated":true}]}}