{"id":79712,"date":"2025-07-14T15:44:42","date_gmt":"2025-07-14T12:44:42","guid":{"rendered":"https:\/\/demo8.ecube.lv\/sezona.lv\/products\/coleman-piepusama-gulta-comfort-bed-double\/"},"modified":"2025-07-14T15:44:42","modified_gmt":"2025-07-14T12:44:42","slug":"coleman-piepusama-gulta-comfort-bed-double","status":"publish","type":"product","link":"https:\/\/sezona.lv\/en\/products\/coleman-piepusama-gulta-comfort-bed-double\/","title":{"rendered":"Coleman piep\u016b\u0161am\u0101 gulta Comfort Bed Double"},"content":{"rendered":"<p>Izgatavota no speci\u0101la PVC materi\u0101la, kas nodro&scaron;ina liel\u0101ku aizsardz\u012bbu  pret p\u0101rdur&scaron;anu. Ar Coleman gult\u0101m nakt\u012bs miegs b\u016bs cie&scaron;\u0101ks un neb\u016bs  j\u0101uztraucas, ka no r\u012bta pamod\u012bsities uz cietas gr\u012bdas.<br \/> Gaisa &ldquo;atsperes&rdquo;: 30<br \/> Izm\u0113ri: 188 x 137 x 22 cm<br \/> Ventilis: Double Lock&trade; valve<br \/> Svars: 3,5 kg<br \/> Maksim\u0101l\u0101 slodz: 300 kg<br \/> Remontkomplekts un iepakojums glab\u0101&scaron;anai\/transport\u0113&scaron;anai iek\u013cauts.<\/p>\n","protected":false},"excerpt":{"rendered":"<p>Izgatavota no speci\u0101la PVC materi\u0101la, kas nodro&scaron;ina liel\u0101ku aizsardz\u012bbu pret p\u0101rdur&scaron;anu. Ar Coleman gult\u0101m nakt\u012bs miegs b\u016bs cie&scaron;\u0101ks un neb\u016bs j\u0101uztraucas, ka no r\u012bta pamod\u012bsities uz cietas gr\u012bdas. Gaisa &ldquo;atsperes&rdquo;: 30 Izm\u0113ri: 188 x 137 x 22 cm Ventilis: Double Lock&trade; valve Svars: 3,5 kg Maksim\u0101l\u0101 slodz: 300 kg Remontkomplekts un iepakojums glab\u0101&scaron;anai\/transport\u0113&scaron;anai iek\u013cauts.<\/p>\n","protected":false},"featured_media":0,"template":"","meta":[],"product_brand":[3381],"product_cat":[4558,4640,4663,4771],"product_tag":[],"class_list":{"0":"post-79712","1":"product","2":"type-product","3":"status-publish","5":"product_brand-coleman","6":"product_cat-for-tourism-recreation","7":"product_cat-recreation","8":"product_cat-mattresses-and-travel-mats-for-tourism-recreation","9":"product_cat-inflatable-mattresses-mattresses-and-travel-mats-for-tourism-recreation","11":"first","12":"instock","13":"shipping-taxable","14":"purchasable","15":"product-type-simple"},"_links":{"self":[{"href":"https:\/\/sezona.lv\/en\/wp-json\/wp\/v2\/product\/79712","targetHints":{"allow":["GET"]}}],"collection":[{"href":"https:\/\/sezona.lv\/en\/wp-json\/wp\/v2\/product"}],"about":[{"href":"https:\/\/sezona.lv\/en\/wp-json\/wp\/v2\/types\/product"}],"wp:attachment":[{"href":"https:\/\/sezona.lv\/en\/wp-json\/wp\/v2\/media?parent=79712"}],"wp:term":[{"taxonomy":"product_brand","embeddable":true,"href":"https:\/\/sezona.lv\/en\/wp-json\/wp\/v2\/product_brand?post=79712"},{"taxonomy":"product_cat","embeddable":true,"href":"https:\/\/sezona.lv\/en\/wp-json\/wp\/v2\/product_cat?post=79712"},{"taxonomy":"product_tag","embeddable":true,"href":"https:\/\/sezona.lv\/en\/wp-json\/wp\/v2\/product_tag?post=79712"}],"curies":[{"name":"wp","href":"https:\/\/api.w.org\/{rel}","templated":true}]}}