{"id":79714,"date":"2025-07-14T15:44:43","date_gmt":"2025-07-14T12:44:43","guid":{"rendered":"https:\/\/demo8.ecube.lv\/sezona.lv\/products\/remonta-komplekts-instant-field-repair-kit\/"},"modified":"2025-07-14T15:44:43","modified_gmt":"2025-07-14T12:44:43","slug":"remonta-komplekts-instant-field-repair-kit","status":"publish","type":"product","link":"https:\/\/sezona.lv\/en\/products\/remonta-komplekts-instant-field-repair-kit\/","title":{"rendered":"Remonta komplekts Instant Field Repair Kit"},"content":{"rendered":"<p>&nbsp;<\/p>\n<p><p><em>Remonta komplekts pa&scaron;piep\u016b&scaron;amiem un <\/em><em>piep\u016b&scaron;amiem pakl\u0101jiem.<\/em><\/p>\n<\/p>\n<p>&nbsp;<\/p>\n","protected":false},"excerpt":{"rendered":"<p>&nbsp; Remonta komplekts pa&scaron;piep\u016b&scaron;amiem un piep\u016b&scaron;amiem pakl\u0101jiem. &nbsp;<\/p>\n","protected":false},"featured_media":0,"template":"","meta":[],"product_brand":[],"product_cat":[4558,4640,4663],"product_tag":[],"class_list":{"0":"post-79714","1":"product","2":"type-product","3":"status-publish","5":"product_cat-for-tourism-recreation","6":"product_cat-recreation","7":"product_cat-mattresses-and-travel-mats-for-tourism-recreation","9":"first","10":"instock","11":"shipping-taxable","12":"purchasable","13":"product-type-simple"},"_links":{"self":[{"href":"https:\/\/sezona.lv\/en\/wp-json\/wp\/v2\/product\/79714","targetHints":{"allow":["GET"]}}],"collection":[{"href":"https:\/\/sezona.lv\/en\/wp-json\/wp\/v2\/product"}],"about":[{"href":"https:\/\/sezona.lv\/en\/wp-json\/wp\/v2\/types\/product"}],"wp:attachment":[{"href":"https:\/\/sezona.lv\/en\/wp-json\/wp\/v2\/media?parent=79714"}],"wp:term":[{"taxonomy":"product_brand","embeddable":true,"href":"https:\/\/sezona.lv\/en\/wp-json\/wp\/v2\/product_brand?post=79714"},{"taxonomy":"product_cat","embeddable":true,"href":"https:\/\/sezona.lv\/en\/wp-json\/wp\/v2\/product_cat?post=79714"},{"taxonomy":"product_tag","embeddable":true,"href":"https:\/\/sezona.lv\/en\/wp-json\/wp\/v2\/product_tag?post=79714"}],"curies":[{"name":"wp","href":"https:\/\/api.w.org\/{rel}","templated":true}]}}