{"id":79715,"date":"2025-07-14T15:44:44","date_gmt":"2025-07-14T12:44:44","guid":{"rendered":"https:\/\/demo8.ecube.lv\/sezona.lv\/products\/thermarest-sezam-paklajins-z-seat\/"},"modified":"2025-07-14T15:44:44","modified_gmt":"2025-07-14T12:44:44","slug":"thermarest-sezam-paklajins-z-seat","status":"publish","type":"product","link":"https:\/\/sezona.lv\/en\/products\/thermarest-sezam-paklajins-z-seat\/","title":{"rendered":"Thermarest s\u0113\u017eam pakl\u0101ji\u0146\u0161 Z Seat\u2122"},"content":{"rendered":"<p>&nbsp;<\/p>\n<p>&nbsp;<\/p>\n<p>Viegls, salok\u0101ms un \u013coti iztur\u012bgs s\u0113\u017eam pakl\u0101ji\u0146&scaron;.<br \/> <em>R &ndash; V\u0113rt\u012bba: 2,2<\/em><br \/> <em>Svars &ndash; 60 g<\/em><br \/> <em>Platums &ndash; 41 cm<\/em><br \/> <em>Garums &ndash; 33 cm<\/em><br \/> <em>Biezums &ndash; 2 cm<\/em><\/p>\n","protected":false},"excerpt":{"rendered":"<p>&nbsp; &nbsp; Viegls, salok\u0101ms un \u013coti iztur\u012bgs s\u0113\u017eam pakl\u0101ji\u0146&scaron;. R &ndash; V\u0113rt\u012bba: 2,2 Svars &ndash; 60 g Platums &ndash; 41 cm Garums &ndash; 33 cm Biezums &ndash; 2 cm<\/p>\n","protected":false},"featured_media":0,"template":"","meta":[],"product_brand":[3434],"product_cat":[4558,4640,4663,4773],"product_tag":[],"class_list":{"0":"post-79715","1":"product","2":"type-product","3":"status-publish","5":"product_brand-therm-a-rest","6":"product_cat-for-tourism-recreation","7":"product_cat-recreation","8":"product_cat-mattresses-and-travel-mats-for-tourism-recreation","9":"product_cat-travel-mats-mattresses-and-travel-mats-for-tourism-recreation","11":"first","12":"instock","13":"shipping-taxable","14":"purchasable","15":"product-type-simple"},"_links":{"self":[{"href":"https:\/\/sezona.lv\/en\/wp-json\/wp\/v2\/product\/79715","targetHints":{"allow":["GET"]}}],"collection":[{"href":"https:\/\/sezona.lv\/en\/wp-json\/wp\/v2\/product"}],"about":[{"href":"https:\/\/sezona.lv\/en\/wp-json\/wp\/v2\/types\/product"}],"wp:attachment":[{"href":"https:\/\/sezona.lv\/en\/wp-json\/wp\/v2\/media?parent=79715"}],"wp:term":[{"taxonomy":"product_brand","embeddable":true,"href":"https:\/\/sezona.lv\/en\/wp-json\/wp\/v2\/product_brand?post=79715"},{"taxonomy":"product_cat","embeddable":true,"href":"https:\/\/sezona.lv\/en\/wp-json\/wp\/v2\/product_cat?post=79715"},{"taxonomy":"product_tag","embeddable":true,"href":"https:\/\/sezona.lv\/en\/wp-json\/wp\/v2\/product_tag?post=79715"}],"curies":[{"name":"wp","href":"https:\/\/api.w.org\/{rel}","templated":true}]}}