{"id":79716,"date":"2025-07-11T15:49:52","date_gmt":"2025-07-11T12:49:52","guid":{"rendered":"https:\/\/demo8.ecube.lv\/sezona.lv\/products\/thermarest-matraca-parveidotajs-trekker-chair-25\/"},"modified":"2025-07-14T15:44:45","modified_gmt":"2025-07-14T12:44:45","slug":"thermarest-matraca-parveidotajs-trekker-chair-25","status":"publish","type":"product","link":"https:\/\/sezona.lv\/en\/products\/thermarest-matraca-parveidotajs-trekker-chair-25\/","title":{"rendered":"Thermarest matra\u010da p\u0101rveidot\u0101js Trekker Chair 25\u2033"},"content":{"rendered":"<p>P\u0101rv\u0113rt savu Thermarest matraci \u0113rt\u0101 atp\u016btas zviln\u012b. Uzst\u0101d\u012b&scaron;ana ir \u0101tra un vienk\u0101r&scaron;a. &nbsp;P\u0101rvad\u0101jot kompakts.<\/p>\n<p><em>Svars &ndash; 365 g<\/em><\/p>\n<p><em>Platums &nbsp;&ndash; 63 cm<\/em><\/p>\n","protected":false},"excerpt":{"rendered":"<p>P\u0101rv\u0113rt savu Thermarest matraci \u0113rt\u0101 atp\u016btas zviln\u012b. Uzst\u0101d\u012b&scaron;ana ir \u0101tra un vienk\u0101r&scaron;a. &nbsp;P\u0101rvad\u0101jot kompakts. Svars &ndash; 365 g Platums &nbsp;&ndash; 63 cm<\/p>\n","protected":false},"featured_media":61823,"template":"","meta":[],"product_brand":[3434],"product_cat":[4558,4571,4730],"product_tag":[],"class_list":{"0":"post-79716","1":"product","2":"type-product","3":"status-publish","4":"has-post-thumbnail","6":"product_brand-therm-a-rest","7":"product_cat-for-tourism-recreation","8":"product_cat-dishes-knives-folding-tables-for-tourism-recreation","9":"product_cat-pots-and-pans-dishes-knives-folding-tables-for-tourism-recreation","11":"first","12":"instock","13":"shipping-taxable","14":"purchasable","15":"product-type-simple"},"_links":{"self":[{"href":"https:\/\/sezona.lv\/en\/wp-json\/wp\/v2\/product\/79716","targetHints":{"allow":["GET"]}}],"collection":[{"href":"https:\/\/sezona.lv\/en\/wp-json\/wp\/v2\/product"}],"about":[{"href":"https:\/\/sezona.lv\/en\/wp-json\/wp\/v2\/types\/product"}],"wp:featuredmedia":[{"embeddable":true,"href":"https:\/\/sezona.lv\/en\/wp-json\/wp\/v2\/media\/61823"}],"wp:attachment":[{"href":"https:\/\/sezona.lv\/en\/wp-json\/wp\/v2\/media?parent=79716"}],"wp:term":[{"taxonomy":"product_brand","embeddable":true,"href":"https:\/\/sezona.lv\/en\/wp-json\/wp\/v2\/product_brand?post=79716"},{"taxonomy":"product_cat","embeddable":true,"href":"https:\/\/sezona.lv\/en\/wp-json\/wp\/v2\/product_cat?post=79716"},{"taxonomy":"product_tag","embeddable":true,"href":"https:\/\/sezona.lv\/en\/wp-json\/wp\/v2\/product_tag?post=79716"}],"curies":[{"name":"wp","href":"https:\/\/api.w.org\/{rel}","templated":true}]}}