{"id":79717,"date":"2025-07-11T17:11:28","date_gmt":"2025-07-11T14:11:28","guid":{"rendered":"https:\/\/demo8.ecube.lv\/sezona.lv\/products\/coleman-pumpis-quickpump-12v\/"},"modified":"2025-07-14T15:44:46","modified_gmt":"2025-07-14T12:44:46","slug":"coleman-pumpis-quickpump-12v","status":"publish","type":"product","link":"https:\/\/sezona.lv\/en\/products\/coleman-pumpis-quickpump-12v\/","title":{"rendered":"Coleman pumpis Quickpump 12V"},"content":{"rendered":"<p>Divu funkciju pumpis: gan piepump\u0113&scaron;anai, gan gaisa izlai&scaron;anai.  Lietojams tikai ar ma&scaron;\u012bnas 12V ligzdu. Divviet\u012bgu piep\u016b&scaron;amo gultu  piepump\u0113 maz\u0101k k\u0101 1 minut\u0113.<\/p>\n<p>&nbsp;<\/p>\n<p>Gaisa pl\u016bsma &ndash; 679 L minut\u0113<\/p>\n<p>Spiediens &ndash; 37 mBar<\/p>\n<p>Svars &ndash; 0,48 kg<\/p>\n<p>Vada garums &ndash; 285 cm<\/p>\n","protected":false},"excerpt":{"rendered":"<p>Divu funkciju pumpis: gan piepump\u0113&scaron;anai, gan gaisa izlai&scaron;anai. Lietojams tikai ar ma&scaron;\u012bnas 12V ligzdu. Divviet\u012bgu piep\u016b&scaron;amo gultu piepump\u0113 maz\u0101k k\u0101 1 minut\u0113. &nbsp; Gaisa pl\u016bsma &ndash; 679 L minut\u0113 Spiediens &ndash; 37 mBar Svars &ndash; 0,48 kg Vada garums &ndash; 285 cm<\/p>\n","protected":false},"featured_media":73894,"template":"","meta":[],"product_brand":[3381],"product_cat":[4558,4663,4771],"product_tag":[],"class_list":{"0":"post-79717","1":"product","2":"type-product","3":"status-publish","4":"has-post-thumbnail","6":"product_brand-coleman","7":"product_cat-for-tourism-recreation","8":"product_cat-mattresses-and-travel-mats-for-tourism-recreation","9":"product_cat-inflatable-mattresses-mattresses-and-travel-mats-for-tourism-recreation","11":"first","12":"instock","13":"shipping-taxable","14":"purchasable","15":"product-type-simple"},"_links":{"self":[{"href":"https:\/\/sezona.lv\/en\/wp-json\/wp\/v2\/product\/79717","targetHints":{"allow":["GET"]}}],"collection":[{"href":"https:\/\/sezona.lv\/en\/wp-json\/wp\/v2\/product"}],"about":[{"href":"https:\/\/sezona.lv\/en\/wp-json\/wp\/v2\/types\/product"}],"wp:featuredmedia":[{"embeddable":true,"href":"https:\/\/sezona.lv\/en\/wp-json\/wp\/v2\/media\/73894"}],"wp:attachment":[{"href":"https:\/\/sezona.lv\/en\/wp-json\/wp\/v2\/media?parent=79717"}],"wp:term":[{"taxonomy":"product_brand","embeddable":true,"href":"https:\/\/sezona.lv\/en\/wp-json\/wp\/v2\/product_brand?post=79717"},{"taxonomy":"product_cat","embeddable":true,"href":"https:\/\/sezona.lv\/en\/wp-json\/wp\/v2\/product_cat?post=79717"},{"taxonomy":"product_tag","embeddable":true,"href":"https:\/\/sezona.lv\/en\/wp-json\/wp\/v2\/product_tag?post=79717"}],"curies":[{"name":"wp","href":"https:\/\/api.w.org\/{rel}","templated":true}]}}