{"id":79718,"date":"2025-07-14T15:44:47","date_gmt":"2025-07-14T12:44:47","guid":{"rendered":"https:\/\/demo8.ecube.lv\/sezona.lv\/products\/thermarest-matraca-parveidotajs-trekker-chair-20\/"},"modified":"2025-07-14T15:44:47","modified_gmt":"2025-07-14T12:44:47","slug":"thermarest-matraca-parveidotajs-trekker-chair-20","status":"publish","type":"product","link":"https:\/\/sezona.lv\/en\/products\/thermarest-matraca-parveidotajs-trekker-chair-20\/","title":{"rendered":"Thermarest matra\u010da p\u0101rveidot\u0101js Trekker Chair 20"},"content":{"rendered":"<p>P\u0101rv\u0113rt savu Thermarest matraci \u0113rt\u0101 atp\u016btas zviln\u012b. Uzst\u0101d\u012b&scaron;ana ir \u0101tra un vienk\u0101r&scaron;a. &nbsp;P\u0101rvad\u0101jot kompakts.<\/p>\n<p><em>Svars &ndash; 272 g<\/em><\/p>\n<p><em>Platums &nbsp;&ndash; 51 cm<\/em><\/p>\n<p><em>Garums &ndash; 107 cm<\/em><\/p>\n","protected":false},"excerpt":{"rendered":"<p>P\u0101rv\u0113rt savu Thermarest matraci \u0113rt\u0101 atp\u016btas zviln\u012b. Uzst\u0101d\u012b&scaron;ana ir \u0101tra un vienk\u0101r&scaron;a. &nbsp;P\u0101rvad\u0101jot kompakts. Svars &ndash; 272 g Platums &nbsp;&ndash; 51 cm Garums &ndash; 107 cm<\/p>\n","protected":false},"featured_media":0,"template":"","meta":[],"product_brand":[3434],"product_cat":[4558,4640,4663,4771],"product_tag":[],"class_list":{"0":"post-79718","1":"product","2":"type-product","3":"status-publish","5":"product_brand-therm-a-rest","6":"product_cat-for-tourism-recreation","7":"product_cat-recreation","8":"product_cat-mattresses-and-travel-mats-for-tourism-recreation","9":"product_cat-inflatable-mattresses-mattresses-and-travel-mats-for-tourism-recreation","11":"first","12":"instock","13":"shipping-taxable","14":"purchasable","15":"product-type-simple"},"_links":{"self":[{"href":"https:\/\/sezona.lv\/en\/wp-json\/wp\/v2\/product\/79718","targetHints":{"allow":["GET"]}}],"collection":[{"href":"https:\/\/sezona.lv\/en\/wp-json\/wp\/v2\/product"}],"about":[{"href":"https:\/\/sezona.lv\/en\/wp-json\/wp\/v2\/types\/product"}],"wp:attachment":[{"href":"https:\/\/sezona.lv\/en\/wp-json\/wp\/v2\/media?parent=79718"}],"wp:term":[{"taxonomy":"product_brand","embeddable":true,"href":"https:\/\/sezona.lv\/en\/wp-json\/wp\/v2\/product_brand?post=79718"},{"taxonomy":"product_cat","embeddable":true,"href":"https:\/\/sezona.lv\/en\/wp-json\/wp\/v2\/product_cat?post=79718"},{"taxonomy":"product_tag","embeddable":true,"href":"https:\/\/sezona.lv\/en\/wp-json\/wp\/v2\/product_tag?post=79718"}],"curies":[{"name":"wp","href":"https:\/\/api.w.org\/{rel}","templated":true}]}}