{"id":79719,"date":"2025-07-14T15:44:48","date_gmt":"2025-07-14T12:44:48","guid":{"rendered":"https:\/\/demo8.ecube.lv\/sezona.lv\/products\/thermarest-pumpis-neoair-mini-pump\/"},"modified":"2025-07-14T15:44:48","modified_gmt":"2025-07-14T12:44:48","slug":"thermarest-pumpis-neoair-mini-pump","status":"publish","type":"product","link":"https:\/\/sezona.lv\/en\/products\/thermarest-pumpis-neoair-mini-pump\/","title":{"rendered":"Thermarest pumpis NeoAir Mini Pump"},"content":{"rendered":"<p><p>P\u0113c garas dienas piedz\u012bvoumos ir atvieglojums izmantot NeoAir Mini  Pump un v\u0113rot k\u0101 tas piep\u016b&scaron; matraci! Darboj\u0101s uz 2 AAA bterij\u0101m, kas  piep\u016bt\u012bs matrcai aptuveni 3 min. Baterijas nav iek\u013cautas komplekt\u0101.<\/p>\n<p>&nbsp;<\/p>\n<p>Svars &ndash; 65 g<\/p>\n<p>Platums &ndash; 4 cm<\/p>\n<p>Garums &ndash; 7,1 cm<\/p><\/p>\n","protected":false},"excerpt":{"rendered":"<p>P\u0113c garas dienas piedz\u012bvoumos ir atvieglojums izmantot NeoAir Mini Pump un v\u0113rot k\u0101 tas piep\u016b&scaron; matraci! Darboj\u0101s uz 2 AAA bterij\u0101m, kas piep\u016bt\u012bs matrcai aptuveni 3 min. Baterijas nav iek\u013cautas komplekt\u0101. &nbsp; Svars &ndash; 65 g Platums &ndash; 4 cm Garums &ndash; 7,1 cm<\/p>\n","protected":false},"featured_media":0,"template":"","meta":[],"product_brand":[3434],"product_cat":[4558,4640,4663,4771],"product_tag":[],"class_list":{"0":"post-79719","1":"product","2":"type-product","3":"status-publish","5":"product_brand-therm-a-rest","6":"product_cat-for-tourism-recreation","7":"product_cat-recreation","8":"product_cat-mattresses-and-travel-mats-for-tourism-recreation","9":"product_cat-inflatable-mattresses-mattresses-and-travel-mats-for-tourism-recreation","11":"first","12":"instock","13":"shipping-taxable","14":"purchasable","15":"product-type-simple"},"_links":{"self":[{"href":"https:\/\/sezona.lv\/en\/wp-json\/wp\/v2\/product\/79719","targetHints":{"allow":["GET"]}}],"collection":[{"href":"https:\/\/sezona.lv\/en\/wp-json\/wp\/v2\/product"}],"about":[{"href":"https:\/\/sezona.lv\/en\/wp-json\/wp\/v2\/types\/product"}],"wp:attachment":[{"href":"https:\/\/sezona.lv\/en\/wp-json\/wp\/v2\/media?parent=79719"}],"wp:term":[{"taxonomy":"product_brand","embeddable":true,"href":"https:\/\/sezona.lv\/en\/wp-json\/wp\/v2\/product_brand?post=79719"},{"taxonomy":"product_cat","embeddable":true,"href":"https:\/\/sezona.lv\/en\/wp-json\/wp\/v2\/product_cat?post=79719"},{"taxonomy":"product_tag","embeddable":true,"href":"https:\/\/sezona.lv\/en\/wp-json\/wp\/v2\/product_tag?post=79719"}],"curies":[{"name":"wp","href":"https:\/\/api.w.org\/{rel}","templated":true}]}}