{"id":79721,"date":"2025-07-11T17:11:33","date_gmt":"2025-07-11T14:11:33","guid":{"rendered":"https:\/\/demo8.ecube.lv\/sezona.lv\/products\/thermarest-sezam-paklajins-lite-seat-poppy\/"},"modified":"2025-07-14T15:44:50","modified_gmt":"2025-07-14T12:44:50","slug":"thermarest-sezam-paklajins-lite-seat-poppy","status":"publish","type":"product","link":"https:\/\/sezona.lv\/en\/products\/thermarest-sezam-paklajins-lite-seat-poppy\/","title":{"rendered":"Thermarest s\u0113\u017eam pakl\u0101ji\u0146\u0161 Lite Seat (Poppy)"},"content":{"rendered":"<p>&nbsp;<\/p>\n<p>&nbsp;<\/p>\n<p>&nbsp;<\/p>\n<p><strong>Viegls, pa&scaron;piep\u016b&scaron;amais s\u0113dpakl\u0101ji\u0146&scaron;.<\/strong><\/p>\n<p>&nbsp;<\/p>\n<p>Ide\u0101ls kompanjons negaid\u012btiem izbraucieniem pie dabas. Pietieko&scaron;i kompakts, lai to var\u0113tu ielikt jakas kabat\u0101.<\/p>\n<p>&nbsp;<\/p>\n<p>Svars &ndash; 90 g<\/p>\n<p>Platums &ndash; 28 cm<\/p>\n<p>Garums &ndash; 38 cm<\/p>\n<p>Biezums &ndash; 3,8 cm<\/p>\n<p>Izm\u0113rs sapakojot &ndash; 17 x 6 cm<\/p>\n<p>&nbsp;<\/p>\n<p>&nbsp;<\/p>\n","protected":false},"excerpt":{"rendered":"<p>&nbsp; &nbsp; &nbsp; Viegls, pa&scaron;piep\u016b&scaron;amais s\u0113dpakl\u0101ji\u0146&scaron;. &nbsp; Ide\u0101ls kompanjons negaid\u012btiem izbraucieniem pie dabas. Pietieko&scaron;i kompakts, lai to var\u0113tu ielikt jakas kabat\u0101. &nbsp; Svars &ndash; 90 g Platums &ndash; 28 cm Garums &ndash; 38 cm Biezums &ndash; 3,8 cm Izm\u0113rs sapakojot &ndash; 17 x 6 cm &nbsp; &nbsp;<\/p>\n","protected":false},"featured_media":73897,"template":"","meta":[],"product_brand":[3434],"product_cat":[4558,4663,4771],"product_tag":[],"class_list":{"0":"post-79721","1":"product","2":"type-product","3":"status-publish","4":"has-post-thumbnail","6":"product_brand-therm-a-rest","7":"product_cat-for-tourism-recreation","8":"product_cat-mattresses-and-travel-mats-for-tourism-recreation","9":"product_cat-inflatable-mattresses-mattresses-and-travel-mats-for-tourism-recreation","11":"first","12":"instock","13":"shipping-taxable","14":"purchasable","15":"product-type-simple"},"_links":{"self":[{"href":"https:\/\/sezona.lv\/en\/wp-json\/wp\/v2\/product\/79721","targetHints":{"allow":["GET"]}}],"collection":[{"href":"https:\/\/sezona.lv\/en\/wp-json\/wp\/v2\/product"}],"about":[{"href":"https:\/\/sezona.lv\/en\/wp-json\/wp\/v2\/types\/product"}],"wp:featuredmedia":[{"embeddable":true,"href":"https:\/\/sezona.lv\/en\/wp-json\/wp\/v2\/media\/73897"}],"wp:attachment":[{"href":"https:\/\/sezona.lv\/en\/wp-json\/wp\/v2\/media?parent=79721"}],"wp:term":[{"taxonomy":"product_brand","embeddable":true,"href":"https:\/\/sezona.lv\/en\/wp-json\/wp\/v2\/product_brand?post=79721"},{"taxonomy":"product_cat","embeddable":true,"href":"https:\/\/sezona.lv\/en\/wp-json\/wp\/v2\/product_cat?post=79721"},{"taxonomy":"product_tag","embeddable":true,"href":"https:\/\/sezona.lv\/en\/wp-json\/wp\/v2\/product_tag?post=79721"}],"curies":[{"name":"wp","href":"https:\/\/api.w.org\/{rel}","templated":true}]}}