{"id":79722,"date":"2025-07-11T17:11:34","date_gmt":"2025-07-11T14:11:34","guid":{"rendered":"https:\/\/demo8.ecube.lv\/sezona.lv\/products\/thermarest-ventilis-valve-kit\/"},"modified":"2025-07-14T15:44:51","modified_gmt":"2025-07-14T12:44:51","slug":"thermarest-ventilis-valve-kit","status":"publish","type":"product","link":"https:\/\/sezona.lv\/en\/products\/thermarest-ventilis-valve-kit\/","title":{"rendered":"Thermarest ventilis VALVE KIT"},"content":{"rendered":"<p>Jauns ventilis gad\u012bjum\u0101, ja eso&scaron;ais ticis saboj\u0101ts. Nomai\u0146a ir \u0101tra un vienk\u0101r&scaron;a!<\/p>\n","protected":false},"excerpt":{"rendered":"<p>Jauns ventilis gad\u012bjum\u0101, ja eso&scaron;ais ticis saboj\u0101ts. Nomai\u0146a ir \u0101tra un vienk\u0101r&scaron;a!<\/p>\n","protected":false},"featured_media":73900,"template":"","meta":[],"product_brand":[3434],"product_cat":[4558,4663],"product_tag":[],"class_list":{"0":"post-79722","1":"product","2":"type-product","3":"status-publish","4":"has-post-thumbnail","6":"product_brand-therm-a-rest","7":"product_cat-for-tourism-recreation","8":"product_cat-mattresses-and-travel-mats-for-tourism-recreation","10":"first","11":"instock","12":"shipping-taxable","13":"purchasable","14":"product-type-simple"},"_links":{"self":[{"href":"https:\/\/sezona.lv\/en\/wp-json\/wp\/v2\/product\/79722","targetHints":{"allow":["GET"]}}],"collection":[{"href":"https:\/\/sezona.lv\/en\/wp-json\/wp\/v2\/product"}],"about":[{"href":"https:\/\/sezona.lv\/en\/wp-json\/wp\/v2\/types\/product"}],"wp:featuredmedia":[{"embeddable":true,"href":"https:\/\/sezona.lv\/en\/wp-json\/wp\/v2\/media\/73900"}],"wp:attachment":[{"href":"https:\/\/sezona.lv\/en\/wp-json\/wp\/v2\/media?parent=79722"}],"wp:term":[{"taxonomy":"product_brand","embeddable":true,"href":"https:\/\/sezona.lv\/en\/wp-json\/wp\/v2\/product_brand?post=79722"},{"taxonomy":"product_cat","embeddable":true,"href":"https:\/\/sezona.lv\/en\/wp-json\/wp\/v2\/product_cat?post=79722"},{"taxonomy":"product_tag","embeddable":true,"href":"https:\/\/sezona.lv\/en\/wp-json\/wp\/v2\/product_tag?post=79722"}],"curies":[{"name":"wp","href":"https:\/\/api.w.org\/{rel}","templated":true}]}}