{"id":79723,"date":"2025-07-14T15:44:52","date_gmt":"2025-07-14T12:44:52","guid":{"rendered":"https:\/\/demo8.ecube.lv\/sezona.lv\/products\/aukla-monofila-feeder-concept-distance-black-150-fc4001\/"},"modified":"2025-07-14T15:44:52","modified_gmt":"2025-07-14T12:44:52","slug":"aukla-monofila-feeder-concept-distance-black-150-fc4001","status":"publish","type":"product","link":"https:\/\/sezona.lv\/en\/products\/aukla-monofila-feeder-concept-distance-black-150-fc4001\/","title":{"rendered":"Aukla monof\u012bl\u0101 Feeder Concept Distance Black 150 (FC4001)"},"content":{"rendered":"<p>Aukla monof\u012bl\u0101 Feeder Concept Distance Black 150 (FC4001).<\/p>\n<p>2019. gada jaunums!<\/p>\n<p>Monof\u012bl\u0101 aukla, kas ra\u017eota speci\u0101li mak&scaron;\u0137er\u0113&scaron;anai ar f\u012bderi.<\/p>\n<p>T\u0101s lielisk\u0101 kvalit\u0101te sl\u0113pjas taj\u0101, ka nestiepj\u0101s k\u0101 citas monof\u012bl\u0101s auklas un ir pietieko&scaron;i j\u016bt\u012bga lai redz\u0113tu katru copi.<\/p>\n<p>Lieliski amortiz\u0113 lielo zivju piecirtienus.<\/p>\n<p>Meln\u0101 kr\u0101sa \u016bden\u012b ir praktiski neredzama.<\/p>\n<p>&nbsp;<\/p>\n<p>Diametrs (mm)\/Tests (kg):<\/p>\n<p>0.20\/ 3.55kg<\/p>\n<p>0.22\/ 4.15kg<\/p>\n<p>0.25\/ 5.20kg<\/p>\n<p>0.27\/ 5.90kg<\/p>\n<p>0.30\/ 6.70kg<\/p>\n","protected":false},"excerpt":{"rendered":"<p>Aukla monof\u012bl\u0101 Feeder Concept Distance Black 150 (FC4001). 2019. gada jaunums! Monof\u012bl\u0101 aukla, kas ra\u017eota speci\u0101li mak&scaron;\u0137er\u0113&scaron;anai ar f\u012bderi. T\u0101s lielisk\u0101 kvalit\u0101te sl\u0113pjas taj\u0101, ka nestiepj\u0101s k\u0101 citas monof\u012bl\u0101s auklas un ir pietieko&scaron;i j\u016bt\u012bga lai redz\u0113tu katru copi. Lieliski amortiz\u0113 lielo zivju piecirtienus. Meln\u0101 kr\u0101sa \u016bden\u012b ir praktiski neredzama. &nbsp; Diametrs (mm)\/Tests (kg): 0.20\/ 3.55kg [&hellip;]<\/p>\n","protected":false},"featured_media":0,"template":"","meta":[],"product_brand":[],"product_cat":[4538,4552,4553,4640],"product_tag":[],"class_list":{"0":"post-79723","1":"product","2":"type-product","3":"status-publish","5":"product_cat-fishing-equipment-recreation","6":"product_cat-cords-fishing-equipment-recreation","7":"product_cat-monofilament-fishing-lines-cords-fishing-equipment-recreation","8":"product_cat-recreation","10":"first","11":"instock","12":"shipping-taxable","13":"purchasable","14":"product-type-simple"},"_links":{"self":[{"href":"https:\/\/sezona.lv\/en\/wp-json\/wp\/v2\/product\/79723","targetHints":{"allow":["GET"]}}],"collection":[{"href":"https:\/\/sezona.lv\/en\/wp-json\/wp\/v2\/product"}],"about":[{"href":"https:\/\/sezona.lv\/en\/wp-json\/wp\/v2\/types\/product"}],"wp:attachment":[{"href":"https:\/\/sezona.lv\/en\/wp-json\/wp\/v2\/media?parent=79723"}],"wp:term":[{"taxonomy":"product_brand","embeddable":true,"href":"https:\/\/sezona.lv\/en\/wp-json\/wp\/v2\/product_brand?post=79723"},{"taxonomy":"product_cat","embeddable":true,"href":"https:\/\/sezona.lv\/en\/wp-json\/wp\/v2\/product_cat?post=79723"},{"taxonomy":"product_tag","embeddable":true,"href":"https:\/\/sezona.lv\/en\/wp-json\/wp\/v2\/product_tag?post=79723"}],"curies":[{"name":"wp","href":"https:\/\/api.w.org\/{rel}","templated":true}]}}