{"id":79724,"date":"2025-07-11T17:11:37","date_gmt":"2025-07-11T14:11:37","guid":{"rendered":"https:\/\/demo8.ecube.lv\/sezona.lv\/products\/spole-daiwa-crossfire-2000\/"},"modified":"2025-07-14T15:44:53","modified_gmt":"2025-07-14T12:44:53","slug":"spole-daiwa-crossfire-2000","status":"publish","type":"product","link":"https:\/\/sezona.lv\/en\/products\/spole-daiwa-crossfire-2000\/","title":{"rendered":"Spole DAIWA CROSSFIRE 2000"},"content":{"rendered":"<p>&Scaron;\u012bs ir bud\u017eeta klases spoles, kas apvieno sev\u012b maigu, vieglu gaitu.   Pievilc\u012bgas p\u0113c izskata un cenas. &Scaron;\u012b spole nepievils c\u012b\u0146\u0101 ar zivi.&nbsp;   Perfekti piem\u0113rota d\u017eigam, drop&scaron;otam vai klasiskajam spiningam.<\/p>\n<ul>\n<li> &nbsp;&nbsp;&nbsp;&nbsp;&nbsp;&nbsp;&nbsp; 3 gult\u0146i;<\/li>\n<li> &nbsp;&nbsp;&nbsp;&nbsp;&nbsp;&nbsp;&nbsp; Digigear II meh\u0101nisms;<\/li>\n<li> &nbsp;&nbsp;&nbsp;&nbsp;&nbsp;&nbsp;&nbsp; Infinite anti reverse;<\/li>\n<li> &nbsp;&nbsp;&nbsp;&nbsp;&nbsp;&nbsp;&nbsp; Alum\u012bnija rokturis spolei;<\/li>\n<li> &nbsp;&nbsp;&nbsp;&nbsp;&nbsp;&nbsp;&nbsp; ABS alum\u012bnija spoles kasete;<\/li>\n<li> &nbsp;&nbsp;&nbsp;&nbsp;&nbsp;&nbsp;&nbsp;&nbsp;Twist buster II line roller.<\/li>\n<\/ul>\n<p>&nbsp;<\/p>\n<table style=\"text-align: center\" border=\"0\">\n<tbody>\n<tr>\n<td>Kods<\/td>\n<td>Svars (g)<\/td>\n<td>Modelis<\/td>\n<td>Veltn\u012b&scaron;u gult\u0146i<\/td>\n<td>Auklas ietilp\u012bba mm\/m<\/td>\n<td>Zobratu attiec\u012bba<\/td>\n<\/tr>\n<tr>\n<td>10186-200<\/td>\n<td>225<\/td>\n<td>2000<\/td>\n<td>3<\/td>\n<td>100\/0.20<\/td>\n<td>5.2:1<\/td>\n<\/tr>\n<\/tbody>\n<\/table>\n<p>&nbsp;<\/p>\n","protected":false},"excerpt":{"rendered":"<p>&Scaron;\u012bs ir bud\u017eeta klases spoles, kas apvieno sev\u012b maigu, vieglu gaitu. Pievilc\u012bgas p\u0113c izskata un cenas. &Scaron;\u012b spole nepievils c\u012b\u0146\u0101 ar zivi.&nbsp; Perfekti piem\u0113rota d\u017eigam, drop&scaron;otam vai klasiskajam spiningam. &nbsp;&nbsp;&nbsp;&nbsp;&nbsp;&nbsp;&nbsp; 3 gult\u0146i; &nbsp;&nbsp;&nbsp;&nbsp;&nbsp;&nbsp;&nbsp; Digigear II meh\u0101nisms; &nbsp;&nbsp;&nbsp;&nbsp;&nbsp;&nbsp;&nbsp; Infinite anti reverse; &nbsp;&nbsp;&nbsp;&nbsp;&nbsp;&nbsp;&nbsp; Alum\u012bnija rokturis spolei; &nbsp;&nbsp;&nbsp;&nbsp;&nbsp;&nbsp;&nbsp; ABS alum\u012bnija spoles kasete; &nbsp;&nbsp;&nbsp;&nbsp;&nbsp;&nbsp;&nbsp;&nbsp;Twist buster II line roller. &nbsp; [&hellip;]<\/p>\n","protected":false},"featured_media":73903,"template":"","meta":[],"product_brand":[],"product_cat":[4538,4539,4541,5030],"product_tag":[],"class_list":{"0":"post-79724","1":"product","2":"type-product","3":"status-publish","4":"has-post-thumbnail","6":"product_cat-fishing-equipment-recreation","7":"product_cat-reels-fishing-equipment-recreation","8":"product_cat-spinning-reels-reels-fishing-equipment-recreation","9":"product_cat-daiwa-reels-spinning-reels-reels-fishing-equipment-recreation","11":"first","12":"instock","13":"shipping-taxable","14":"purchasable","15":"product-type-simple"},"_links":{"self":[{"href":"https:\/\/sezona.lv\/en\/wp-json\/wp\/v2\/product\/79724","targetHints":{"allow":["GET"]}}],"collection":[{"href":"https:\/\/sezona.lv\/en\/wp-json\/wp\/v2\/product"}],"about":[{"href":"https:\/\/sezona.lv\/en\/wp-json\/wp\/v2\/types\/product"}],"wp:featuredmedia":[{"embeddable":true,"href":"https:\/\/sezona.lv\/en\/wp-json\/wp\/v2\/media\/73903"}],"wp:attachment":[{"href":"https:\/\/sezona.lv\/en\/wp-json\/wp\/v2\/media?parent=79724"}],"wp:term":[{"taxonomy":"product_brand","embeddable":true,"href":"https:\/\/sezona.lv\/en\/wp-json\/wp\/v2\/product_brand?post=79724"},{"taxonomy":"product_cat","embeddable":true,"href":"https:\/\/sezona.lv\/en\/wp-json\/wp\/v2\/product_cat?post=79724"},{"taxonomy":"product_tag","embeddable":true,"href":"https:\/\/sezona.lv\/en\/wp-json\/wp\/v2\/product_tag?post=79724"}],"curies":[{"name":"wp","href":"https:\/\/api.w.org\/{rel}","templated":true}]}}