{"id":79728,"date":"2025-07-11T17:11:43","date_gmt":"2025-07-11T14:11:43","guid":{"rendered":"https:\/\/demo8.ecube.lv\/sezona.lv\/products\/spole-emcast-br-4500a\/"},"modified":"2025-07-14T15:44:57","modified_gmt":"2025-07-14T12:44:57","slug":"spole-emcast-br-4500a","status":"publish","type":"product","link":"https:\/\/sezona.lv\/en\/products\/spole-emcast-br-4500a\/","title":{"rendered":"Spole Emcast BR 4500A"},"content":{"rendered":"<p>Spole Emcast BR 4500A.<\/p>\n<p>Jaud\u012bga spole kas paredz\u0113ta f\u012bdermak&scaron;\u0137er\u0113&scaron;anai, karpu mak&scaron;\u0137er\u0113&scaron;anai.<\/p>\n<table style=\"text-align: center\" border=\"0\">\n<tbody>\n<tr>\n<td>Kods<\/td>\n<td>Svars (g)<\/td>\n<td>Modelis<\/td>\n<td>Veltn\u012b&scaron;u gult\u0146i<\/td>\n<td>Auklas ietilp\u012bba mm\/m<\/td>\n<td>Zobratu attiec\u012bba<\/td>\n<\/tr>\n<tr>\n<td>10152-450<\/td>\n<td>490<\/td>\n<td>4500<\/td>\n<td>7+1<\/td>\n<td>370\/0.30<\/td>\n<td>4.6:1<\/td>\n<\/tr>\n<\/tbody>\n<\/table>\n<p>&nbsp;<\/p>\n","protected":false},"excerpt":{"rendered":"<p>Spole Emcast BR 4500A. Jaud\u012bga spole kas paredz\u0113ta f\u012bdermak&scaron;\u0137er\u0113&scaron;anai, karpu mak&scaron;\u0137er\u0113&scaron;anai. Kods Svars (g) Modelis Veltn\u012b&scaron;u gult\u0146i Auklas ietilp\u012bba mm\/m Zobratu attiec\u012bba 10152-450 490 4500 7+1 370\/0.30 4.6:1 &nbsp;<\/p>\n","protected":false},"featured_media":73927,"template":"","meta":[],"product_brand":[],"product_cat":[4538,4539,4541,5030],"product_tag":[],"class_list":{"0":"post-79728","1":"product","2":"type-product","3":"status-publish","4":"has-post-thumbnail","6":"product_cat-fishing-equipment-recreation","7":"product_cat-reels-fishing-equipment-recreation","8":"product_cat-spinning-reels-reels-fishing-equipment-recreation","9":"product_cat-daiwa-reels-spinning-reels-reels-fishing-equipment-recreation","11":"first","12":"instock","13":"shipping-taxable","14":"purchasable","15":"product-type-simple"},"_links":{"self":[{"href":"https:\/\/sezona.lv\/en\/wp-json\/wp\/v2\/product\/79728","targetHints":{"allow":["GET"]}}],"collection":[{"href":"https:\/\/sezona.lv\/en\/wp-json\/wp\/v2\/product"}],"about":[{"href":"https:\/\/sezona.lv\/en\/wp-json\/wp\/v2\/types\/product"}],"wp:featuredmedia":[{"embeddable":true,"href":"https:\/\/sezona.lv\/en\/wp-json\/wp\/v2\/media\/73927"}],"wp:attachment":[{"href":"https:\/\/sezona.lv\/en\/wp-json\/wp\/v2\/media?parent=79728"}],"wp:term":[{"taxonomy":"product_brand","embeddable":true,"href":"https:\/\/sezona.lv\/en\/wp-json\/wp\/v2\/product_brand?post=79728"},{"taxonomy":"product_cat","embeddable":true,"href":"https:\/\/sezona.lv\/en\/wp-json\/wp\/v2\/product_cat?post=79728"},{"taxonomy":"product_tag","embeddable":true,"href":"https:\/\/sezona.lv\/en\/wp-json\/wp\/v2\/product_tag?post=79728"}],"curies":[{"name":"wp","href":"https:\/\/api.w.org\/{rel}","templated":true}]}}