{"id":79729,"date":"2025-07-14T15:44:58","date_gmt":"2025-07-14T12:44:58","guid":{"rendered":"https:\/\/demo8.ecube.lv\/sezona.lv\/products\/spole-daiwa-exceler-lt-2500\/"},"modified":"2025-07-14T15:44:58","modified_gmt":"2025-07-14T12:44:58","slug":"spole-daiwa-exceler-lt-2500","status":"publish","type":"product","link":"https:\/\/sezona.lv\/en\/products\/spole-daiwa-exceler-lt-2500\/","title":{"rendered":"Spole DAIWA EXCELER LT 2500"},"content":{"rendered":"<p>DAIWA EXCELER LT ir spole, kur\u0101 ir daudzas d\u0101rg\u0101ku spo\u013cu tehnolo\u0123ijas. &Scaron;\u012b ir \u013coti laba spole sav\u0101 cenu kategorij\u0101!<br \/> EXCELER LT s\u0113rija ar\u012b ir izstr\u0101d\u0101ta saska\u0146\u0101 ar jauno LT koncepciju un   apvieno veiksm\u012bgo DAIWA tehnolo\u0123iju ar jauno Light &amp; Tough   koncepciju. Izmantojot jauno DS5 oglek\u013ca &scaron;\u0137iedru materi\u0101lu, Daiwa   iev\u0113rojami samazin\u0101ja spoles svaru, iev\u0113rojami palielin\u0101ja iztur\u012bbu.   Spolei ir \u0113rts meh\u0101niski apstr\u0101d\u0101ts alum\u012bnija rokturis, stingri   savienots ar spoles galveno griez&scaron;anas meh\u0101nismu. Daiwa Exceler LT&nbsp;   s\u0113rija sniedz jums vair\u0101k&nbsp; tehnolo\u0123iju un koncepciju, nek\u0101 d\u0101rg\u0101kas citu   ra\u017eot\u0101ju spoles.<\/p>\n<p> <strong>Galven\u0101s EXCELER LT priek&scaron;roc\u012bbas:<\/strong><\/p>\n<p>LT koncepts &#8211; maksim\u0101li mazs svars, liela jauda;<br \/> DS5 (pl\u0101n\u0101ka un viegl\u0101ka);<br \/> TOUGH DIGIGEAR&reg; palielin\u0101ti galvenie zobrati;<br \/> CROSS WRAP krusteniska p\u012bt\u0101s auklas uzt\u012b&scaron;ana;<br \/> Infinite Anti-Reverse&reg;;<br \/> Twist Buster&reg; speci\u0101las formas auklas uzkl\u0101j\u0113jloci\u0146a rull\u012b&scaron;a forma, kas nov\u0113r&scaron; auklas sav\u0113rp&scaron;anos;<br \/> AIR BAIL&reg; loci\u0146&scaron; ar tuk&scaron;u vidu un speci\u0101lu formu;<br \/> ATD &trade; brem\u017eu sist\u0113ma, ko var \u013coti prec\u012bzi noregul\u0113t;<br \/> 5 lod\u012b&scaron;u gult\u0146i (t.sk. 1 &#8220;CRBB&reg;&#8221;);<br \/> AIR ROTOR&reg;;<br \/> CNC griezta alum\u012bnija rokturis.<\/p>\n<table style=\"text-align: center\" border=\"0\">\n<tbody>\n<tr>\n<td>Kods<\/td>\n<td>Svars (g)<\/td>\n<td>Modelis<\/td>\n<td>Gult\u0146i<\/td>\n<td>Auklas ietilp\u012bba mm\/m<\/td>\n<td>Zobratu attiec\u012bba<\/td>\n<\/tr>\n<tr>\n<td>10336-250<\/td>\n<td>205<\/td>\n<td>2500<\/td>\n<td>5<\/td>\n<td>150\/0.20<\/td>\n<td>5.3:1<\/td>\n<\/tr>\n<\/tbody>\n<\/table>\n","protected":false},"excerpt":{"rendered":"<p>DAIWA EXCELER LT ir spole, kur\u0101 ir daudzas d\u0101rg\u0101ku spo\u013cu tehnolo\u0123ijas. &Scaron;\u012b ir \u013coti laba spole sav\u0101 cenu kategorij\u0101! EXCELER LT s\u0113rija ar\u012b ir izstr\u0101d\u0101ta saska\u0146\u0101 ar jauno LT koncepciju un apvieno veiksm\u012bgo DAIWA tehnolo\u0123iju ar jauno Light &amp; Tough koncepciju. Izmantojot jauno DS5 oglek\u013ca &scaron;\u0137iedru materi\u0101lu, Daiwa iev\u0113rojami samazin\u0101ja spoles svaru, iev\u0113rojami palielin\u0101ja iztur\u012bbu. [&hellip;]<\/p>\n","protected":false},"featured_media":0,"template":"","meta":[],"product_brand":[],"product_cat":[4538,4539,4541,4640,5030],"product_tag":[],"class_list":{"0":"post-79729","1":"product","2":"type-product","3":"status-publish","5":"product_cat-fishing-equipment-recreation","6":"product_cat-reels-fishing-equipment-recreation","7":"product_cat-spinning-reels-reels-fishing-equipment-recreation","8":"product_cat-recreation","9":"product_cat-daiwa-reels-spinning-reels-reels-fishing-equipment-recreation","11":"first","12":"instock","13":"shipping-taxable","14":"purchasable","15":"product-type-simple"},"_links":{"self":[{"href":"https:\/\/sezona.lv\/en\/wp-json\/wp\/v2\/product\/79729","targetHints":{"allow":["GET"]}}],"collection":[{"href":"https:\/\/sezona.lv\/en\/wp-json\/wp\/v2\/product"}],"about":[{"href":"https:\/\/sezona.lv\/en\/wp-json\/wp\/v2\/types\/product"}],"wp:attachment":[{"href":"https:\/\/sezona.lv\/en\/wp-json\/wp\/v2\/media?parent=79729"}],"wp:term":[{"taxonomy":"product_brand","embeddable":true,"href":"https:\/\/sezona.lv\/en\/wp-json\/wp\/v2\/product_brand?post=79729"},{"taxonomy":"product_cat","embeddable":true,"href":"https:\/\/sezona.lv\/en\/wp-json\/wp\/v2\/product_cat?post=79729"},{"taxonomy":"product_tag","embeddable":true,"href":"https:\/\/sezona.lv\/en\/wp-json\/wp\/v2\/product_tag?post=79729"}],"curies":[{"name":"wp","href":"https:\/\/api.w.org\/{rel}","templated":true}]}}