{"id":79731,"date":"2025-07-11T17:11:48","date_gmt":"2025-07-11T14:11:48","guid":{"rendered":"https:\/\/demo8.ecube.lv\/sezona.lv\/products\/spole-daiwa-fuego-lt-2500d\/"},"modified":"2025-07-14T15:44:59","modified_gmt":"2025-07-14T12:44:59","slug":"spole-daiwa-fuego-lt-2500d","status":"publish","type":"product","link":"https:\/\/sezona.lv\/en\/products\/spole-daiwa-fuego-lt-2500d\/","title":{"rendered":"Spole DAIWA FUEGO LT 2500D"},"content":{"rendered":"<p>Daiwa Spininga spole Fuego izce\u013c\u0101s ar savu vieglo svaru un iztur\u012bbu. Fuego LT s\u0113rija ir izstr\u0101d\u0101ta saska\u0146\u0101 ar jauno LT koncepciju un apvieno veiksm\u012bgo DAIWA tehnolo\u0123iju ar jauno Light &amp; Tough koncepciju.<br \/>Izmantojot jauno DS5 oglek\u013ca &scaron;\u0137iedru materi\u0101lu, Daiwa iev\u0113rojami samazin\u0101ja spoles svaru, iev\u0113rojami palielin\u0101ja iztur\u012bbu. T\u0101d\u0113j\u0101di Fuego s\u0113rija pied\u0101v\u0101 maksim\u0101li vieglas un iztur\u012bgas spoles.&nbsp; Jaun\u0101&nbsp;<em>Tough Digigear<\/em>&nbsp;piedzi\u0146as konstrukcija \u013c\u0101va samazin\u0101t spoles korpusa izm\u0113ru, nezaud\u0113jot iztur\u012bbu.&nbsp;<em>MagSealed<\/em>&nbsp;sist\u0113ma aizsarg\u0101 spoli no \u016bdens un net\u012brumu da\u013ci\u0146u ieks\u013c\u016b&scaron;anas spoles meh\u0101nism\u0101, bet&nbsp;<em>ATD<\/em>&nbsp;nodro&scaron;ina vienm\u0113r\u012bgu t\u012b&scaron;anu, bez piep\u016bles.<\/p>\n<p>&middot; LT (viegla un iztur\u012bga);<\/p>\n<p>&middot; DS5 (pl\u0101n\u0101ka un viegl\u0101ka);<\/p>\n<p>&middot; MAGSEALED&reg; virsb\u016bves konstrukcija;<\/p>\n<p>&middot; 6 lod\u012b&scaron;u gult\u0146i;<\/p>\n<p>&middot; AIR ROTOR&reg;;<\/p>\n<p>&middot; TOUGH DIGIGEAR&reg;;<\/p>\n<p>&middot; ATD &trade; vilk&scaron;anas sist\u0113ma;<\/p>\n<p>&middot; Infinite Anti-Reverse&reg;;<\/p>\n<p>&middot; Cross Wrap &trade; sist\u0113ma;<\/p>\n<p>&middot; Spole ir klusa;<\/p>\n<p>&middot; CNC griezta alum\u012bnija rokturis;<\/p>\n<p>&middot; AIR BAIL&reg;;<\/p>\n<p>&middot; Twist Buster&reg; II l\u012bnijas veltnis.<\/p>\n<div>\n<table style=\"text-align: center\" border=\"0\">\n<tbody>\n<tr>\n<td>Kods<\/td>\n<td>Svars (g)<\/td>\n<td>Modelis<\/td>\n<td>Gult\u0146i<\/td>\n<td>Auklas ietilp\u012bba mm\/m<\/td>\n<td>Zobratu attiec\u012bba<\/td>\n<\/tr>\n<tr>\n<td>10223-250<\/td>\n<td>205<\/td>\n<td>2500<\/td>\n<td>6<\/td>\n<td>150\/0.20<\/td>\n<td>5.3:1<\/td>\n<\/tr>\n<\/tbody>\n<\/table>\n<\/div>\n","protected":false},"excerpt":{"rendered":"<p>Daiwa Spininga spole Fuego izce\u013c\u0101s ar savu vieglo svaru un iztur\u012bbu. Fuego LT s\u0113rija ir izstr\u0101d\u0101ta saska\u0146\u0101 ar jauno LT koncepciju un apvieno veiksm\u012bgo DAIWA tehnolo\u0123iju ar jauno Light &amp; Tough koncepciju.Izmantojot jauno DS5 oglek\u013ca &scaron;\u0137iedru materi\u0101lu, Daiwa iev\u0113rojami samazin\u0101ja spoles svaru, iev\u0113rojami palielin\u0101ja iztur\u012bbu. T\u0101d\u0113j\u0101di Fuego s\u0113rija pied\u0101v\u0101 maksim\u0101li vieglas un iztur\u012bgas spoles.&nbsp; Jaun\u0101&nbsp;Tough [&hellip;]<\/p>\n","protected":false},"featured_media":0,"template":"","meta":[],"product_brand":[],"product_cat":[4538,4539,4541,5030],"product_tag":[],"class_list":{"0":"post-79731","1":"product","2":"type-product","3":"status-publish","5":"product_cat-fishing-equipment-recreation","6":"product_cat-reels-fishing-equipment-recreation","7":"product_cat-spinning-reels-reels-fishing-equipment-recreation","8":"product_cat-daiwa-reels-spinning-reels-reels-fishing-equipment-recreation","10":"first","11":"instock","12":"shipping-taxable","13":"purchasable","14":"product-type-simple"},"_links":{"self":[{"href":"https:\/\/sezona.lv\/en\/wp-json\/wp\/v2\/product\/79731","targetHints":{"allow":["GET"]}}],"collection":[{"href":"https:\/\/sezona.lv\/en\/wp-json\/wp\/v2\/product"}],"about":[{"href":"https:\/\/sezona.lv\/en\/wp-json\/wp\/v2\/types\/product"}],"wp:attachment":[{"href":"https:\/\/sezona.lv\/en\/wp-json\/wp\/v2\/media?parent=79731"}],"wp:term":[{"taxonomy":"product_brand","embeddable":true,"href":"https:\/\/sezona.lv\/en\/wp-json\/wp\/v2\/product_brand?post=79731"},{"taxonomy":"product_cat","embeddable":true,"href":"https:\/\/sezona.lv\/en\/wp-json\/wp\/v2\/product_cat?post=79731"},{"taxonomy":"product_tag","embeddable":true,"href":"https:\/\/sezona.lv\/en\/wp-json\/wp\/v2\/product_tag?post=79731"}],"curies":[{"name":"wp","href":"https:\/\/api.w.org\/{rel}","templated":true}]}}