{"id":79733,"date":"2025-07-11T17:11:51","date_gmt":"2025-07-11T14:11:51","guid":{"rendered":"https:\/\/demo8.ecube.lv\/sezona.lv\/products\/spole-daiwa-prorex-lt-2000d\/"},"modified":"2025-07-14T15:45:01","modified_gmt":"2025-07-14T12:45:01","slug":"spole-daiwa-prorex-lt-2000d","status":"publish","type":"product","link":"https:\/\/sezona.lv\/en\/products\/spole-daiwa-prorex-lt-2000d\/","title":{"rendered":"Spole DAIWA PROREX LT 2000D"},"content":{"rendered":"<p>Daiwa PROREX LT ir balst\u012bta uz jauno DAIWA LT koncepciju (Light &amp; Tough)- maksim\u0101li mazs svars, liela jauda!<br \/> Jaun\u0101s LT spoles ir izteikti viegl\u0101kas un taj\u0101 pa&scaron;\u0101 laik\u0101 pied\u0101v\u0101  vair\u0101k jaudas, nek\u0101 iepriek&scaron;\u0113jie mode\u013ci. Spoles korpusa izm\u0113ri ir  samazin\u0101ti, bet jauda pat uzlabota. Jaun\u0101 LT koncepcija \u013cauj iev\u0113rojami  samazin\u0101t svaru, vienlaic\u012bgi palielinot jaudu. Prorex LT 2500D sver tikai 175g un t\u0101d\u0113j\u0101di ir viena viegl\u0101kaj\u0101m spol\u0113m ar jaun\u0101kaj\u0101m tehnolo\u0123ij\u0101m!<\/p>\n<p>Zaion spoles kompoz\u012btmateri\u0101la korpuss r\u016bp\u0113j\u0101s par spoles meh\u0101nismu dro&scaron;\u012bbu.<\/p>\n<p>ATD brem\u017eu sist\u0113ma, ko var \u013coti prec\u012bzi  noregul\u0113t, r\u016bp\u0113jas par vienm\u0113r\u012bgi izklied\u0113tu pretest\u012bbu. Alum\u012bnija  rokturis ir stingri pieskr\u016bv\u0113ts, ne\u013caujot rasties &scaron;\u0137irbai.<\/p>\n<p>Tough Digigear piedzi\u0146a nodro&scaron;ina optim\u0101lu izvad\u012b&scaron;anas jaudu un past\u0101v\u012bgu iztur\u012bbu.<\/p>\n<p>Vilktsp\u0113ks:<\/p>\n<p>&middot;&nbsp; Spoles izm\u0113rs 2000: 5,0kg<\/p>\n<p>&middot;&nbsp; Spoles izm\u0113rs 2500\/3000: 10.0kg<\/p>\n<p>&middot;&nbsp; Spoles izm\u0113rs 4000: 12,0kg<\/p>\n<p> Galven\u0101s PROREX LT priek&scaron;roc\u012bbas:<\/p>\n<p>&middot;&nbsp;&nbsp; LT koncepts &#8211; maksim\u0101li mazs svars, liela jauda;<\/p>\n<p>&middot;&nbsp;&nbsp; ZAION&reg; kompoz\u012btmateri\u0101la korpuss;<\/p>\n<p>&middot;&nbsp;&nbsp; MAGSEALED&reg; magn\u0113tisk\u0101s e\u013c\u013cas aizsardz\u012bba pret mitruma iek\u013c\u016b&scaron;anu spoles iek&scaron;pus\u0113;<\/p>\n<p>&middot;&nbsp;&nbsp; 6 lod\u012b&scaron;u gult\u0146i (t.sk. 1 &#8220;CRBB&reg;&#8221;);<\/p>\n<p>&middot;&nbsp;&nbsp; DS5 kopoz\u012btmateri\u0101la atvieglots rotors;<\/p>\n<p>&middot;&nbsp;&nbsp; TOUGH DIGIGEAR&reg; palielin\u0101ti galvenie zobrati;<\/p>\n<p>&middot;&nbsp;&nbsp; ATD &trade; brem\u017eu sist\u0113ma, ko var \u013coti prec\u012bzi noregul\u0113t;<\/p>\n<p>&middot;&nbsp;&nbsp; Cross Wrap &trade; krusteniska p\u012bt\u0101s auklas uzt\u012b&scaron;ana;<\/p>\n<p>&middot;&nbsp;&nbsp;&nbsp; SILENT OSCILLATION SYSTEM &#8211; spolei m\u012bksta gaita, bez vibr\u0101cij\u0101m;<\/p>\n<p>&middot;&nbsp;&nbsp;&nbsp; AIR BAIL&reg; loci\u0146&scaron; ar tuk&scaron;u vidu un speci\u0101lu formu;<\/p>\n<p>&middot;&nbsp;&nbsp;&nbsp; Twist Buster&reg; II speci\u0101las formas auklas uzkl\u0101j\u0113jloci\u0146a rull\u012b&scaron;a forma, kas nov\u0113r&scaron; auklas sav\u0113rp&scaron;anos.<\/p>\n<table style=\"text-align: center\" border=\"0\">\n<tbody>\n<tr>\n<td>Kods<\/td>\n<td>Svars (g)<\/td>\n<td>Modelis<\/td>\n<td>Gult\u0146i<\/td>\n<td>Auklas ietilp\u012bba mm\/m<\/td>\n<td>Zobratu attiec\u012bba<\/td>\n<\/tr>\n<tr>\n<td>10604-206<\/td>\n<td><strong>165<\/strong><\/td>\n<td>2000<\/td>\n<td>6<\/td>\n<td>150\/0.23<\/td>\n<td>5.2:1<\/td>\n<\/tr>\n<\/tbody>\n<\/table>\n<p>&nbsp;<\/p>\n","protected":false},"excerpt":{"rendered":"<p>Daiwa PROREX LT ir balst\u012bta uz jauno DAIWA LT koncepciju (Light &amp; Tough)- maksim\u0101li mazs svars, liela jauda! Jaun\u0101s LT spoles ir izteikti viegl\u0101kas un taj\u0101 pa&scaron;\u0101 laik\u0101 pied\u0101v\u0101 vair\u0101k jaudas, nek\u0101 iepriek&scaron;\u0113jie mode\u013ci. Spoles korpusa izm\u0113ri ir samazin\u0101ti, bet jauda pat uzlabota. Jaun\u0101 LT koncepcija \u013cauj iev\u0113rojami samazin\u0101t svaru, vienlaic\u012bgi palielinot jaudu. Prorex LT [&hellip;]<\/p>\n","protected":false},"featured_media":73947,"template":"","meta":[],"product_brand":[],"product_cat":[4538,4539,4541,5030],"product_tag":[],"class_list":{"0":"post-79733","1":"product","2":"type-product","3":"status-publish","4":"has-post-thumbnail","6":"product_cat-fishing-equipment-recreation","7":"product_cat-reels-fishing-equipment-recreation","8":"product_cat-spinning-reels-reels-fishing-equipment-recreation","9":"product_cat-daiwa-reels-spinning-reels-reels-fishing-equipment-recreation","11":"first","12":"instock","13":"shipping-taxable","14":"purchasable","15":"product-type-simple"},"_links":{"self":[{"href":"https:\/\/sezona.lv\/en\/wp-json\/wp\/v2\/product\/79733","targetHints":{"allow":["GET"]}}],"collection":[{"href":"https:\/\/sezona.lv\/en\/wp-json\/wp\/v2\/product"}],"about":[{"href":"https:\/\/sezona.lv\/en\/wp-json\/wp\/v2\/types\/product"}],"wp:featuredmedia":[{"embeddable":true,"href":"https:\/\/sezona.lv\/en\/wp-json\/wp\/v2\/media\/73947"}],"wp:attachment":[{"href":"https:\/\/sezona.lv\/en\/wp-json\/wp\/v2\/media?parent=79733"}],"wp:term":[{"taxonomy":"product_brand","embeddable":true,"href":"https:\/\/sezona.lv\/en\/wp-json\/wp\/v2\/product_brand?post=79733"},{"taxonomy":"product_cat","embeddable":true,"href":"https:\/\/sezona.lv\/en\/wp-json\/wp\/v2\/product_cat?post=79733"},{"taxonomy":"product_tag","embeddable":true,"href":"https:\/\/sezona.lv\/en\/wp-json\/wp\/v2\/product_tag?post=79733"}],"curies":[{"name":"wp","href":"https:\/\/api.w.org\/{rel}","templated":true}]}}