{"id":79736,"date":"2025-07-14T15:45:07","date_gmt":"2025-07-14T12:45:07","guid":{"rendered":"https:\/\/demo8.ecube.lv\/sezona.lv\/products\/deeper-fishfinder-chirp-plus\/"},"modified":"2025-07-14T15:45:07","modified_gmt":"2025-07-14T12:45:07","slug":"deeper-fishfinder-chirp-plus","status":"publish","type":"product","link":"https:\/\/sezona.lv\/en\/products\/deeper-fishfinder-chirp-plus\/","title":{"rendered":"DEEPER FISHFINDER CHIRP PLUS"},"content":{"rendered":"<p>DEEPER FISHFINDER CHIRP PLUS.<\/p>\n<p>Pirmais pasaul\u0113 metamais Wi-Fi smart son\u0101rs Deeper Chirp+ ar ieb\u016bv\u0113tu   GPS moduli un unik\u0101lu Chirp tehnolo\u0123iju. Deeper Chirp+ ir tr\u012bsstaru   son\u0101rs ar neticamo precizit\u0101te, kas padara to ide\u0101lu, lai \u0101tri noteiktu   da\u017e\u0101das zivju sugas atra&scaron;an\u0101s vietu&nbsp; un zveja liel\u0101 dzi\u013cum\u0101. CHIRP+ dod   jums strat\u0113\u0123isku priek&scaron;roc\u012bbu, lai \u0137ertu vair\u0101k, \u0137ert \u0101tr\u0101k un \u0137ert   lab\u0101k.<\/p>\n<p>Kas ir CHIRP?<\/p>\n<p>Parastaj\u0101s eholot\u0113s tiek izvad\u012bts viens noteikt\u0101 bie\u017euma frekvences   impulss, son\u0101rs ar CHIRP (Compressed High Intensity Radiated Pulse)   tehnolo\u0123iju izstaro vair\u0101kus impulsus ar da\u017e\u0101d\u0101m frekvenc\u0113m (no zem\u0101m   l\u012bdz augst\u0101m), kas \u013cauj samazin\u0101t troksni, palielin\u0101t precizit\u0101ti un   objektu detaliz\u0101ciju. Son\u0101ra r\u0101d\u012bjumi ir daudz skaidr\u0101kas, un t\u0101m ir   augst\u0101ka iz&scaron;\u0137irtsp\u0113ja, sal\u012bdzinot ar tradicion\u0101laj\u0101m eholot\u0113m.<\/p>\n<p>K\u0101p\u0113c Deeper CHIRP +?<\/p>\n<div>\n<h4 class=\"heading\">Neticam\u0101 M\u0113r\u0137u Sadal\u012b&scaron;ana:<\/h4>\n<\/div>\n<p>Ar  att\u0101lumu starp m\u0113r\u0137iem 1 cm var viegli noteikt zivju sugas pat  tad, ja  vi\u0146i ir \u0113smu bar\u0101 vai izseko maz\u0101ko \u0113smu vertik\u0101l\u0101 d\u017eig\u0101.<\/p>\n<div>\n<h4 class=\"heading\">Neticam\u0101 Dzi\u013cuma Precizit\u0101te:<\/h4>\n<\/div>\n<p>Chirp  tehnolo\u0123ija \u013cauj samazin\u0101t virsmas nek\u0101rt\u012bbu un trok&scaron;\u0146us,  t\u0101p\u0113c j\u016bs  varat cer\u0113t uz prec\u012bzas son\u0101ra r\u0101d\u012bjumus sekl\u016bden\u012b. Noteikt  zivju  atra&scaron;an\u0101s vietu 15 cm att\u0101lum\u0101 no \u016bdens virsmas un var\u0113siet  at&scaron;\u0137irt  citus dibena iem\u012btniekus uz dzi\u013cum\u0101 l\u012bdz 100 m.<\/p>\n<div>\n<h4 class=\"heading\">3 Frekvences Daudzpus\u012bbai:<\/h4>\n<\/div>\n<p>Atrodiet  zivju sakopojumus \u0101tr\u0101k, sken\u0113t apgabalu ar pla&scaron;u staru 47 &deg;  (100 kHz).  Izmantojiet vid\u0113jo staru 16&deg; (290 kHz), lai detaliz\u0113t\u0101k  izp\u0113t\u012btu vietu.  Koncentr\u0113jiet uzman\u012bbu uz saviem variet\u0101t\u0113m un izp\u0113tiet  vietas ar \u013coti  detaliz\u0113tu &scaron;auru staru 7 &deg; (675 kHz).<\/p>\n<div>\n<h4 class=\"heading\">Super\u0101tra Uzl\u0101de:<\/h4>\n<\/div>\n<p>80% par 45 min, 100% par 75 min. Atgriezieties uz \u016bden\u012b, \u0101tri.<\/p>\n<p>&nbsp;<\/p>\n<p>Visi sken\u0113jumi un batimetrisk\u0101s kartes, ko veicat ar savu Deeper  Chirp+&nbsp;  un katrs interesants punkts (cit\u0101di ce\u013ca punkts &#8220;aka  waypoint&#8221;), ko j\u016bs  atz\u012bm\u0113jat ar Fish&nbsp;Deeper App &#8211; b\u016bs pieejami vien\u0101  viet\u0101 Deeper  Lakebook&trade;. Deeper <a rel=\"noopener\" href=\"https:\/\/maps.deepersonar.com\/\" target=\"_blank\">Lakebook&trade;<\/a> &#8211; j\u016bsu person\u012bgais \u017eurn\u0101ls lab\u0101kai mak&scaron;\u0137er\u0113&scaron;anai.<\/p>\n<div class=\"right\">\n<p>&nbsp;<\/p>\n<p><strong>Materi\u0101ls:<\/strong> ABS plastikas korpuss, ar Tit\u0101na iestarpin\u0101jumiem;<\/p>\n<p><strong>Son\u0101ra Tips:<\/strong> 3 Frekvences CHIRP;<\/p>\n<p><strong>Frekvence (Konusa stars):<\/strong><\/p>\n<p>&Scaron;aurs CHIRP 675 kHz (konusa le\u0146\u0137is 7<span>&deg;<\/span>)<\/p>\n<p>Vid\u0113js CHIRP 290 kHz (konusa le\u0146\u0137is 16<span>&deg;<\/span>)<\/p>\n<p>Plats CHIRP 100 kHz (konusa le\u0146\u0137is 47<span>&deg;<\/span>)<\/p>\n<p><strong>M\u0113r\u0137u dal\u012b&scaron;ana:<\/strong><\/p>\n<p>1 cm.&Scaron;aurs Chirp<\/p>\n<p>2.4 cm. Vid\u0113js Chirp<\/p>\n<p>2.4 cm. Plats Chirp<\/p>\n<p><strong>Dzi\u013cuma diapazons:<\/strong> 15 cm. &ndash; 100 m;<\/p>\n<p><strong>Sken\u0113&scaron;anas \u0101trums:<\/strong> L\u012bdz 15 sken\u0113jumiem sekund\u0113;<\/p>\n<p><strong>Son\u0101ra re\u017e\u012bmi:<\/strong> Standarta, Zemledus, Laivas un Krasta GPS;<\/p>\n<p><strong>Temperat\u016bras sensors:<\/strong> \u016adens virsmas temperat\u016bras sensors (Celsija\/F\u0101renheita);<\/p>\n<p><strong>Darb\u012bbas temperat\u016bra:<\/strong> -20<span>&deg;<\/span>C lidz 40<span>&deg;<\/span>C;<\/p>\n<p><strong>GNSS (Atbalsta &scaron;\u0101das glob\u0101l\u0101s pozicion\u0113&scaron;anas sist\u0113mas):<\/strong> GPS, GLONASS, Galileo, BeiDou, QZSS;<\/p>\n<p><strong>Darba laiks:<\/strong><\/p>\n<p>Ar IESL\u0112GTU GPS l\u012bdz 4.5 stund\u0101m<\/p>\n<p>Ar IZSL\u0112GTU GPS l\u012bdz 6 stund\u0101m<\/p>\n<p><strong>Uzl\u0101des tehnolo\u0123ija:<\/strong><\/p>\n<p>\u0100tra uzl\u0101de<\/p>\n<p>80% par 45 min.<\/p>\n<p>100% par 75 min.<\/p>\n<p><strong>Iek&scaron;\u0113jais akumulators:<\/strong> Lithium Polymer, 3.7V L\u0101d\u0113jama, 950mAh;<\/p>\n<p><strong>Str\u0101vas adapters (nav iek\u013cauts komplekt\u0101):<\/strong> Input 110V\/220V. Output Micro USB, 5V 2A;<\/p>\n<p><strong>Savienojuma veids:<\/strong> Wi-Fi;<\/p>\n<p><strong>Savienojumu diapazons:<\/strong> Stabils savienojums l\u012bdz 100 m;<\/p>\n<p><strong>Kr\u0101sa:<\/strong> Milit\u0101ri za\u013c&scaron;.<\/p>\n<p><strong><strong>Garantija:<\/strong><\/strong>&nbsp;5 gadi!<\/p>\n<\/div>\n","protected":false},"excerpt":{"rendered":"<p>DEEPER FISHFINDER CHIRP PLUS. Pirmais pasaul\u0113 metamais Wi-Fi smart son\u0101rs Deeper Chirp+ ar ieb\u016bv\u0113tu GPS moduli un unik\u0101lu Chirp tehnolo\u0123iju. Deeper Chirp+ ir tr\u012bsstaru son\u0101rs ar neticamo precizit\u0101te, kas padara to ide\u0101lu, lai \u0101tri noteiktu da\u017e\u0101das zivju sugas atra&scaron;an\u0101s vietu&nbsp; un zveja liel\u0101 dzi\u013cum\u0101. CHIRP+ dod jums strat\u0113\u0123isku priek&scaron;roc\u012bbu, lai \u0137ertu vair\u0101k, \u0137ert \u0101tr\u0101k un [&hellip;]<\/p>\n","protected":false},"featured_media":0,"template":"","meta":[],"product_brand":[],"product_cat":[4640,4741,4782],"product_tag":[],"class_list":{"0":"post-79736","1":"product","2":"type-product","3":"status-publish","5":"product_cat-recreation","6":"product_cat-eholots-navigation-watches-radios","7":"product_cat-navigation-watches-radios-recreation","9":"first","10":"instock","11":"shipping-taxable","12":"purchasable","13":"product-type-simple"},"_links":{"self":[{"href":"https:\/\/sezona.lv\/en\/wp-json\/wp\/v2\/product\/79736","targetHints":{"allow":["GET"]}}],"collection":[{"href":"https:\/\/sezona.lv\/en\/wp-json\/wp\/v2\/product"}],"about":[{"href":"https:\/\/sezona.lv\/en\/wp-json\/wp\/v2\/types\/product"}],"wp:attachment":[{"href":"https:\/\/sezona.lv\/en\/wp-json\/wp\/v2\/media?parent=79736"}],"wp:term":[{"taxonomy":"product_brand","embeddable":true,"href":"https:\/\/sezona.lv\/en\/wp-json\/wp\/v2\/product_brand?post=79736"},{"taxonomy":"product_cat","embeddable":true,"href":"https:\/\/sezona.lv\/en\/wp-json\/wp\/v2\/product_cat?post=79736"},{"taxonomy":"product_tag","embeddable":true,"href":"https:\/\/sezona.lv\/en\/wp-json\/wp\/v2\/product_tag?post=79736"}],"curies":[{"name":"wp","href":"https:\/\/api.w.org\/{rel}","templated":true}]}}