{"id":79738,"date":"2025-07-14T15:45:09","date_gmt":"2025-07-14T12:45:09","guid":{"rendered":"https:\/\/demo8.ecube.lv\/sezona.lv\/products\/mikstais-sedeklis-lote-c-serija\/"},"modified":"2025-07-14T15:45:09","modified_gmt":"2025-07-14T12:45:09","slug":"mikstais-sedeklis-lote-c-serija","status":"publish","type":"product","link":"https:\/\/sezona.lv\/en\/products\/mikstais-sedeklis-lote-c-serija\/","title":{"rendered":"M\u012bkstais s\u0113deklis LOTE C s\u0113rija"},"content":{"rendered":"<p>M\u012bkstais s\u0113deklis LOTE C s\u0113rija.<\/p>\n<p>Der vis\u0101m C s\u0113rijas LOTE piep\u016b&scaron;amaj\u0101m laiv\u0101m, k\u0101 ar\u012b cit\u0101m laiv\u0101m ar cietajiem s\u0113dek\u013ciem.<\/p>\n<p>Izm\u0113rs: 87 x 21 x 5 cm<\/p>\n","protected":false},"excerpt":{"rendered":"<p>M\u012bkstais s\u0113deklis LOTE C s\u0113rija. Der vis\u0101m C s\u0113rijas LOTE piep\u016b&scaron;amaj\u0101m laiv\u0101m, k\u0101 ar\u012b cit\u0101m laiv\u0101m ar cietajiem s\u0113dek\u013ciem. Izm\u0113rs: 87 x 21 x 5 cm<\/p>\n","protected":false},"featured_media":0,"template":"","meta":[],"product_brand":[],"product_cat":[4557,4640,4666],"product_tag":[],"class_list":{"0":"post-79738","1":"product","2":"type-product","3":"status-publish","5":"product_cat-boats-recreation","6":"product_cat-recreation","7":"product_cat-boat-accessories-boats-recreation","9":"first","10":"instock","11":"shipping-taxable","12":"purchasable","13":"product-type-simple"},"_links":{"self":[{"href":"https:\/\/sezona.lv\/en\/wp-json\/wp\/v2\/product\/79738","targetHints":{"allow":["GET"]}}],"collection":[{"href":"https:\/\/sezona.lv\/en\/wp-json\/wp\/v2\/product"}],"about":[{"href":"https:\/\/sezona.lv\/en\/wp-json\/wp\/v2\/types\/product"}],"wp:attachment":[{"href":"https:\/\/sezona.lv\/en\/wp-json\/wp\/v2\/media?parent=79738"}],"wp:term":[{"taxonomy":"product_brand","embeddable":true,"href":"https:\/\/sezona.lv\/en\/wp-json\/wp\/v2\/product_brand?post=79738"},{"taxonomy":"product_cat","embeddable":true,"href":"https:\/\/sezona.lv\/en\/wp-json\/wp\/v2\/product_cat?post=79738"},{"taxonomy":"product_tag","embeddable":true,"href":"https:\/\/sezona.lv\/en\/wp-json\/wp\/v2\/product_tag?post=79738"}],"curies":[{"name":"wp","href":"https:\/\/api.w.org\/{rel}","templated":true}]}}