{"id":79743,"date":"2025-07-14T15:45:14","date_gmt":"2025-07-14T12:45:14","guid":{"rendered":"https:\/\/demo8.ecube.lv\/sezona.lv\/products\/makskeru-turetajs-ar-glazu-turetaju-lote\/"},"modified":"2025-07-14T15:45:14","modified_gmt":"2025-07-14T12:45:14","slug":"makskeru-turetajs-ar-glazu-turetaju-lote","status":"publish","type":"product","link":"https:\/\/sezona.lv\/en\/products\/makskeru-turetajs-ar-glazu-turetaju-lote\/","title":{"rendered":"Mak\u0161\u0137eru tur\u0113t\u0101js ar gl\u0101\u017eu tur\u0113t\u0101ju LOTE"},"content":{"rendered":"<p>Mak&scaron;\u0137eru tur\u0113t\u0101js ar gl\u0101\u017eu tur\u0113t\u0101ju LOTE.<\/p>\n<p>Der vis\u0101m B un C s\u0113rijas LOTE piep\u016b&scaron;amaj\u0101m laiv\u0101m, k\u0101 ar\u012b cit\u0101m.<\/p>\n<p>&nbsp;<\/p>\n","protected":false},"excerpt":{"rendered":"<p>Mak&scaron;\u0137eru tur\u0113t\u0101js ar gl\u0101\u017eu tur\u0113t\u0101ju LOTE. Der vis\u0101m B un C s\u0113rijas LOTE piep\u016b&scaron;amaj\u0101m laiv\u0101m, k\u0101 ar\u012b cit\u0101m. &nbsp;<\/p>\n","protected":false},"featured_media":0,"template":"","meta":[],"product_brand":[],"product_cat":[4557,4640,4666],"product_tag":[],"class_list":{"0":"post-79743","1":"product","2":"type-product","3":"status-publish","5":"product_cat-boats-recreation","6":"product_cat-recreation","7":"product_cat-boat-accessories-boats-recreation","9":"first","10":"instock","11":"shipping-taxable","12":"purchasable","13":"product-type-simple"},"_links":{"self":[{"href":"https:\/\/sezona.lv\/en\/wp-json\/wp\/v2\/product\/79743","targetHints":{"allow":["GET"]}}],"collection":[{"href":"https:\/\/sezona.lv\/en\/wp-json\/wp\/v2\/product"}],"about":[{"href":"https:\/\/sezona.lv\/en\/wp-json\/wp\/v2\/types\/product"}],"wp:attachment":[{"href":"https:\/\/sezona.lv\/en\/wp-json\/wp\/v2\/media?parent=79743"}],"wp:term":[{"taxonomy":"product_brand","embeddable":true,"href":"https:\/\/sezona.lv\/en\/wp-json\/wp\/v2\/product_brand?post=79743"},{"taxonomy":"product_cat","embeddable":true,"href":"https:\/\/sezona.lv\/en\/wp-json\/wp\/v2\/product_cat?post=79743"},{"taxonomy":"product_tag","embeddable":true,"href":"https:\/\/sezona.lv\/en\/wp-json\/wp\/v2\/product_tag?post=79743"}],"curies":[{"name":"wp","href":"https:\/\/api.w.org\/{rel}","templated":true}]}}