{"id":79744,"date":"2025-07-11T17:12:10","date_gmt":"2025-07-11T14:12:10","guid":{"rendered":"https:\/\/demo8.ecube.lv\/sezona.lv\/products\/humminbird-eholote-piranhamax-4-di\/"},"modified":"2025-07-14T15:45:14","modified_gmt":"2025-07-14T12:45:14","slug":"humminbird-eholote-piranhamax-4-di","status":"publish","type":"product","link":"https:\/\/sezona.lv\/en\/products\/humminbird-eholote-piranhamax-4-di\/","title":{"rendered":"Humminbird eholote PIRANHAMAX 4 DI"},"content":{"rendered":"<p>Eholote Humminbird PiranhaMax 4cx RUA DI 410160-1RAM (410160-1)<br \/> Izm\u0113rs \t4.3&#8243;<br \/> Tips \tFSTN LCD<br \/> Iz&scaron;\u0137irtsp\u0113ja \t480V x 272H<br \/> Kr\u0101sas \t256<br \/> Apgaismojums \tRegul\u0113jams<br \/> DEV\u0112JS<br \/> Frekvence \t455 kHz \/ 200 kHz<br \/> Tips \tDown Imaging, Dual Frequency<br \/> Stari \tDivi<br \/> P\u0101rkl\u0101juma le\u0146\u0137is \t16&deg;\/28&deg;<br \/> Izejas jauda \tPeak-to-peak 2400 W \/ RMS 300 W<br \/> Dzi\u013cuma jauda \t183m<br \/> Br\u012bdin\u0101juma sign\u0101li \tZivis; max\/min dzi\u013cums<br \/> \u016adens temperat\u016bra \tIek\u013cauta (dev\u0113j\u0101)<br \/> M\u0113r\u0137a iz&scaron;\u0137irtsp\u0113ja \t2.5 collas<br \/> Dev\u0113ja kods \tXNT-9-28-T<br \/> CITI TEHNISKIE PARAMETRI<br \/> Ieb\u016bv\u0113ta atmi\u0146a \tN\u0113<br \/> Korpuss \tHerm\u0113tiski nosl\u0113gts un \u016bdensdro&scaron;s<br \/> Korpusa izm\u0113ri (mm) \t186 x 99 x 92 (kron&scaron;teina izm\u0113rs) mm<br \/> Nepiecie&scaron;amais spriegums \t12V<br \/> Jaudas izlietojums \t10-20 VDC<\/p>\n<p>&nbsp;<\/p>\n","protected":false},"excerpt":{"rendered":"<p>Eholote Humminbird PiranhaMax 4cx RUA DI 410160-1RAM (410160-1) Izm\u0113rs 4.3&#8243; Tips FSTN LCD Iz&scaron;\u0137irtsp\u0113ja 480V x 272H Kr\u0101sas 256 Apgaismojums Regul\u0113jams DEV\u0112JS Frekvence 455 kHz \/ 200 kHz Tips Down Imaging, Dual Frequency Stari Divi P\u0101rkl\u0101juma le\u0146\u0137is 16&deg;\/28&deg; Izejas jauda Peak-to-peak 2400 W \/ RMS 300 W Dzi\u013cuma jauda 183m Br\u012bdin\u0101juma sign\u0101li Zivis; max\/min dzi\u013cums [&hellip;]<\/p>\n","protected":false},"featured_media":0,"template":"","meta":[],"product_brand":[3401],"product_cat":[4741,4782],"product_tag":[],"class_list":{"0":"post-79744","1":"product","2":"type-product","3":"status-publish","5":"product_brand-humminbird","6":"product_cat-eholots-navigation-watches-radios","7":"product_cat-navigation-watches-radios-recreation","9":"first","10":"instock","11":"shipping-taxable","12":"purchasable","13":"product-type-simple"},"_links":{"self":[{"href":"https:\/\/sezona.lv\/en\/wp-json\/wp\/v2\/product\/79744","targetHints":{"allow":["GET"]}}],"collection":[{"href":"https:\/\/sezona.lv\/en\/wp-json\/wp\/v2\/product"}],"about":[{"href":"https:\/\/sezona.lv\/en\/wp-json\/wp\/v2\/types\/product"}],"wp:attachment":[{"href":"https:\/\/sezona.lv\/en\/wp-json\/wp\/v2\/media?parent=79744"}],"wp:term":[{"taxonomy":"product_brand","embeddable":true,"href":"https:\/\/sezona.lv\/en\/wp-json\/wp\/v2\/product_brand?post=79744"},{"taxonomy":"product_cat","embeddable":true,"href":"https:\/\/sezona.lv\/en\/wp-json\/wp\/v2\/product_cat?post=79744"},{"taxonomy":"product_tag","embeddable":true,"href":"https:\/\/sezona.lv\/en\/wp-json\/wp\/v2\/product_tag?post=79744"}],"curies":[{"name":"wp","href":"https:\/\/api.w.org\/{rel}","templated":true}]}}