{"id":79747,"date":"2025-07-14T15:45:17","date_gmt":"2025-07-14T12:45:17","guid":{"rendered":"https:\/\/demo8.ecube.lv\/sezona.lv\/products\/rapala-soma-mini-duffel\/"},"modified":"2025-07-14T15:45:17","modified_gmt":"2025-07-14T12:45:17","slug":"rapala-soma-mini-duffel","status":"publish","type":"product","link":"https:\/\/sezona.lv\/en\/products\/rapala-soma-mini-duffel\/","title":{"rendered":"Rapala soma MINI DUFFEL"},"content":{"rendered":"<p>&#8211;&nbsp;Ra\u017eot\u0101js: <span> Rapala <\/span><\/p>\n<div>&nbsp;&#8211; Izm\u0113rs: 50x26x25 cm<\/div>\n<div>&#8211;&nbsp; Kr\u0101sa: Green\/Grey<\/div>\n","protected":false},"excerpt":{"rendered":"<p>&#8211;&nbsp;Ra\u017eot\u0101js: Rapala &nbsp;&#8211; Izm\u0113rs: 50x26x25 cm &#8211;&nbsp; Kr\u0101sa: Green\/Grey<\/p>\n","protected":false},"featured_media":0,"template":"","meta":[],"product_brand":[3368],"product_cat":[4538,4556,4640],"product_tag":[],"class_list":{"0":"post-79747","1":"product","2":"type-product","3":"status-publish","5":"product_brand-rapala","6":"product_cat-fishing-equipment-recreation","7":"product_cat-bags-boxes-fishing-equipment-recreation","8":"product_cat-recreation","10":"first","11":"instock","12":"shipping-taxable","13":"purchasable","14":"product-type-simple"},"_links":{"self":[{"href":"https:\/\/sezona.lv\/en\/wp-json\/wp\/v2\/product\/79747","targetHints":{"allow":["GET"]}}],"collection":[{"href":"https:\/\/sezona.lv\/en\/wp-json\/wp\/v2\/product"}],"about":[{"href":"https:\/\/sezona.lv\/en\/wp-json\/wp\/v2\/types\/product"}],"wp:attachment":[{"href":"https:\/\/sezona.lv\/en\/wp-json\/wp\/v2\/media?parent=79747"}],"wp:term":[{"taxonomy":"product_brand","embeddable":true,"href":"https:\/\/sezona.lv\/en\/wp-json\/wp\/v2\/product_brand?post=79747"},{"taxonomy":"product_cat","embeddable":true,"href":"https:\/\/sezona.lv\/en\/wp-json\/wp\/v2\/product_cat?post=79747"},{"taxonomy":"product_tag","embeddable":true,"href":"https:\/\/sezona.lv\/en\/wp-json\/wp\/v2\/product_tag?post=79747"}],"curies":[{"name":"wp","href":"https:\/\/api.w.org\/{rel}","templated":true}]}}