{"id":79748,"date":"2025-07-11T17:12:14","date_gmt":"2025-07-11T14:12:14","guid":{"rendered":"https:\/\/demo8.ecube.lv\/sezona.lv\/products\/rapala-soma-tool-organizer\/"},"modified":"2025-07-14T15:45:18","modified_gmt":"2025-07-14T12:45:18","slug":"rapala-soma-tool-organizer","status":"publish","type":"product","link":"https:\/\/sezona.lv\/en\/products\/rapala-soma-tool-organizer\/","title":{"rendered":"Rapala soma Tool Organizer"},"content":{"rendered":"<p>&#8211;&nbsp;Ra\u017eot\u0101js: <span> Rapala <\/span><\/p>\n<div>&nbsp;&#8211; Izm\u0113rs: 31 cm x 23 cm x 16 cm<\/div>\n<div>&#8211;&nbsp; Svars: 560g<\/div>\n<p>&nbsp;<\/p>\n","protected":false},"excerpt":{"rendered":"<p>&#8211;&nbsp;Ra\u017eot\u0101js: Rapala &nbsp;&#8211; Izm\u0113rs: 31 cm x 23 cm x 16 cm &#8211;&nbsp; Svars: 560g &nbsp;<\/p>\n","protected":false},"featured_media":73982,"template":"","meta":[],"product_brand":[3368],"product_cat":[4538,4556],"product_tag":[],"class_list":{"0":"post-79748","1":"product","2":"type-product","3":"status-publish","4":"has-post-thumbnail","6":"product_brand-rapala","7":"product_cat-fishing-equipment-recreation","8":"product_cat-bags-boxes-fishing-equipment-recreation","10":"first","11":"instock","12":"shipping-taxable","13":"purchasable","14":"product-type-simple"},"_links":{"self":[{"href":"https:\/\/sezona.lv\/en\/wp-json\/wp\/v2\/product\/79748","targetHints":{"allow":["GET"]}}],"collection":[{"href":"https:\/\/sezona.lv\/en\/wp-json\/wp\/v2\/product"}],"about":[{"href":"https:\/\/sezona.lv\/en\/wp-json\/wp\/v2\/types\/product"}],"wp:featuredmedia":[{"embeddable":true,"href":"https:\/\/sezona.lv\/en\/wp-json\/wp\/v2\/media\/73982"}],"wp:attachment":[{"href":"https:\/\/sezona.lv\/en\/wp-json\/wp\/v2\/media?parent=79748"}],"wp:term":[{"taxonomy":"product_brand","embeddable":true,"href":"https:\/\/sezona.lv\/en\/wp-json\/wp\/v2\/product_brand?post=79748"},{"taxonomy":"product_cat","embeddable":true,"href":"https:\/\/sezona.lv\/en\/wp-json\/wp\/v2\/product_cat?post=79748"},{"taxonomy":"product_tag","embeddable":true,"href":"https:\/\/sezona.lv\/en\/wp-json\/wp\/v2\/product_tag?post=79748"}],"curies":[{"name":"wp","href":"https:\/\/api.w.org\/{rel}","templated":true}]}}