{"id":79749,"date":"2025-07-14T15:45:19","date_gmt":"2025-07-14T12:45:19","guid":{"rendered":"https:\/\/demo8.ecube.lv\/sezona.lv\/products\/rapala-soma-urban-back-pac\/"},"modified":"2025-07-14T15:45:19","modified_gmt":"2025-07-14T12:45:19","slug":"rapala-soma-urban-back-pac","status":"publish","type":"product","link":"https:\/\/sezona.lv\/en\/products\/rapala-soma-urban-back-pac\/","title":{"rendered":"Rapala soma Urban Back Pac"},"content":{"rendered":"<div class=\"desc\">\n<div>Stil\u012bga un ietilp\u012bga mugursoma no jaun\u0101s Rapala URBAN somu s\u0113rijas, kas  \u012bpa&scaron;i izstr\u0101d\u0101ta StreetFishing mak&scaron;\u0137er\u0113&scaron;anas stila cien\u012bt\u0101jiem!<\/div>\n<ul>\n<li> 25 litru ietilp\u012bbas mugursoma ar no\u0146emamu gurnu jostu<\/li>\n<li> Galvenais nodal\u012bjums ir piln\u012bb\u0101 atverams vieglai piek\u013cuvei<\/li>\n<li> Galvenaj\u0101 nodal\u012bjum\u0101 daudz kabatu \u0113rtai priek&scaron;metu izvieto&scaron;anai<\/li>\n<li> Aizmugur\u0113j\u0101 da\u013c\u0101 atsevi&scaron;\u0137s, polster\u0113ts nodal\u012bjums 14&#8243; kl\u0113pjdatoram<\/li>\n<li> Muguras da\u013cai 3D t\u012bklveida materi\u0101ls, kas nodro&scaron;ina ventil\u0101ciju<\/li>\n<li> Ciets EVA nodal\u012bjums saulesbrill\u0113m<\/li>\n<li> Mak&scaron;\u0137erk\u0101tu stiprin\u0101jumi ab\u0101s pus\u0113s<\/li>\n<li> Palielin\u0101ma priek&scaron;\u0113j\u0101 kabata&nbsp;<\/li>\n<li> No\u0146emama gurnu josta, ko var izmantot ar\u012b atsevi&scaron;\u0137i k\u0101 somi\u0146u<\/li>\n<li> Regul\u0113jamas kr\u016b&scaron;u un plecu siksnas<\/li>\n<\/ul>\n<p>&nbsp;Somas izm\u0113rs: 40cm x 32 cm x 20cm<\/p>\n<\/div>\n<table class=\"params\" border=\"0\">\n<tbody>\n<tr>\n<td class=\"label\">Ra\u017eot\u0101js:<\/td>\n<td class=\"date\">Rapala<\/td>\n<\/tr>\n<tr class=\"nth\">\n<td class=\"label\">Preces kods:<\/td>\n<td class=\"date\">RUBP<\/td>\n<\/tr>\n<tr class=\"nth\">\n<td class=\"label\">Izm\u0113rs:<\/td>\n<td class=\"date\">40cm x 32 cm x 20cm<\/td>\n<\/tr>\n<\/tbody>\n<\/table>\n","protected":false},"excerpt":{"rendered":"<p>Stil\u012bga un ietilp\u012bga mugursoma no jaun\u0101s Rapala URBAN somu s\u0113rijas, kas \u012bpa&scaron;i izstr\u0101d\u0101ta StreetFishing mak&scaron;\u0137er\u0113&scaron;anas stila cien\u012bt\u0101jiem! 25 litru ietilp\u012bbas mugursoma ar no\u0146emamu gurnu jostu Galvenais nodal\u012bjums ir piln\u012bb\u0101 atverams vieglai piek\u013cuvei Galvenaj\u0101 nodal\u012bjum\u0101 daudz kabatu \u0113rtai priek&scaron;metu izvieto&scaron;anai Aizmugur\u0113j\u0101 da\u013c\u0101 atsevi&scaron;\u0137s, polster\u0113ts nodal\u012bjums 14&#8243; kl\u0113pjdatoram Muguras da\u013cai 3D t\u012bklveida materi\u0101ls, kas nodro&scaron;ina ventil\u0101ciju Ciets [&hellip;]<\/p>\n","protected":false},"featured_media":0,"template":"","meta":[],"product_brand":[3368],"product_cat":[4538,4556,4640],"product_tag":[],"class_list":{"0":"post-79749","1":"product","2":"type-product","3":"status-publish","5":"product_brand-rapala","6":"product_cat-fishing-equipment-recreation","7":"product_cat-bags-boxes-fishing-equipment-recreation","8":"product_cat-recreation","10":"first","11":"instock","12":"shipping-taxable","13":"purchasable","14":"product-type-simple"},"_links":{"self":[{"href":"https:\/\/sezona.lv\/en\/wp-json\/wp\/v2\/product\/79749","targetHints":{"allow":["GET"]}}],"collection":[{"href":"https:\/\/sezona.lv\/en\/wp-json\/wp\/v2\/product"}],"about":[{"href":"https:\/\/sezona.lv\/en\/wp-json\/wp\/v2\/types\/product"}],"wp:attachment":[{"href":"https:\/\/sezona.lv\/en\/wp-json\/wp\/v2\/media?parent=79749"}],"wp:term":[{"taxonomy":"product_brand","embeddable":true,"href":"https:\/\/sezona.lv\/en\/wp-json\/wp\/v2\/product_brand?post=79749"},{"taxonomy":"product_cat","embeddable":true,"href":"https:\/\/sezona.lv\/en\/wp-json\/wp\/v2\/product_cat?post=79749"},{"taxonomy":"product_tag","embeddable":true,"href":"https:\/\/sezona.lv\/en\/wp-json\/wp\/v2\/product_tag?post=79749"}],"curies":[{"name":"wp","href":"https:\/\/api.w.org\/{rel}","templated":true}]}}