{"id":79751,"date":"2025-07-14T15:45:21","date_gmt":"2025-07-14T12:45:21","guid":{"rendered":"https:\/\/demo8.ecube.lv\/sezona.lv\/products\/rapala-soma-urban-messenger-bag\/"},"modified":"2025-07-14T15:45:21","modified_gmt":"2025-07-14T12:45:21","slug":"rapala-soma-urban-messenger-bag","status":"publish","type":"product","link":"https:\/\/sezona.lv\/en\/products\/rapala-soma-urban-messenger-bag\/","title":{"rendered":"Rapala soma Urban Messenger bag"},"content":{"rendered":"<div class=\"desc\">\n<div>Stil\u012bga un ietilp\u012bga soma no jaun\u0101s Rapala URBAN somu s\u0113rijas, kas  \u012bpa&scaron;i izstr\u0101d\u0101ta StreetFishing mak&scaron;\u0137er\u0113&scaron;anas stila cien\u012bt\u0101jiem!<\/div>\n<ul>\n<li> 20 litru ietilp\u012bbas plecu soma<\/li>\n<li> Galvenaj\u0101 nodal\u012bjum\u0101 var&nbsp;ievietot 3700 izm\u0113ra kastes<\/li>\n<li> Polster\u0113ta kabata kl\u0113pjdatoram, vai 3600 izm\u0113ra kastei<\/li>\n<li> \u012apa&scaron;a kabata knaibl\u0113m<\/li>\n<li> Ciets EVA nodal\u012bjums saulesbri\u013c\u013cu uzglab\u0101&scaron;anai<\/li>\n<li> Daudz da\u017e\u0101du piederumu tur\u0113t\u0101ji somas \u0101rpus\u0113<\/li>\n<li> Mak&scaron;\u0137erk\u0101tu tur\u0113t\u0101ji ab\u0101s pus\u0113s<\/li>\n<li> <span style=\"color: #000000;font-family: tahoma\">3D t\u012bklveida materi\u0101ls, kas nodro&scaron;ina ventil\u0101ciju<\/span><\/li>\n<li> Regul\u0113jama, polster\u0113ta plecu siksna&nbsp;<\/li>\n<\/ul>\n<p>Izm\u0113rs: 36 x 29 x 18cm&nbsp;<\/p>\n<\/div>\n<table class=\"params\" border=\"0\">\n<tbody>\n<tr class=\"nth\">\n<td class=\"label\">Preces kods:<\/td>\n<td class=\"date\">RUMB<\/td>\n<\/tr>\n<tr class=\"nth\">\n<td class=\"label\">Izm\u0113rs:<\/td>\n<td class=\"date\">36 x 29 x 18cm<\/td>\n<\/tr>\n<\/tbody>\n<\/table>\n","protected":false},"excerpt":{"rendered":"<p>Stil\u012bga un ietilp\u012bga soma no jaun\u0101s Rapala URBAN somu s\u0113rijas, kas \u012bpa&scaron;i izstr\u0101d\u0101ta StreetFishing mak&scaron;\u0137er\u0113&scaron;anas stila cien\u012bt\u0101jiem! 20 litru ietilp\u012bbas plecu soma Galvenaj\u0101 nodal\u012bjum\u0101 var&nbsp;ievietot 3700 izm\u0113ra kastes Polster\u0113ta kabata kl\u0113pjdatoram, vai 3600 izm\u0113ra kastei \u012apa&scaron;a kabata knaibl\u0113m Ciets EVA nodal\u012bjums saulesbri\u013c\u013cu uzglab\u0101&scaron;anai Daudz da\u017e\u0101du piederumu tur\u0113t\u0101ji somas \u0101rpus\u0113 Mak&scaron;\u0137erk\u0101tu tur\u0113t\u0101ji ab\u0101s pus\u0113s 3D t\u012bklveida [&hellip;]<\/p>\n","protected":false},"featured_media":0,"template":"","meta":[],"product_brand":[3368],"product_cat":[4538,4556,4640],"product_tag":[],"class_list":{"0":"post-79751","1":"product","2":"type-product","3":"status-publish","5":"product_brand-rapala","6":"product_cat-fishing-equipment-recreation","7":"product_cat-bags-boxes-fishing-equipment-recreation","8":"product_cat-recreation","10":"first","11":"instock","12":"shipping-taxable","13":"purchasable","14":"product-type-simple"},"_links":{"self":[{"href":"https:\/\/sezona.lv\/en\/wp-json\/wp\/v2\/product\/79751","targetHints":{"allow":["GET"]}}],"collection":[{"href":"https:\/\/sezona.lv\/en\/wp-json\/wp\/v2\/product"}],"about":[{"href":"https:\/\/sezona.lv\/en\/wp-json\/wp\/v2\/types\/product"}],"wp:attachment":[{"href":"https:\/\/sezona.lv\/en\/wp-json\/wp\/v2\/media?parent=79751"}],"wp:term":[{"taxonomy":"product_brand","embeddable":true,"href":"https:\/\/sezona.lv\/en\/wp-json\/wp\/v2\/product_brand?post=79751"},{"taxonomy":"product_cat","embeddable":true,"href":"https:\/\/sezona.lv\/en\/wp-json\/wp\/v2\/product_cat?post=79751"},{"taxonomy":"product_tag","embeddable":true,"href":"https:\/\/sezona.lv\/en\/wp-json\/wp\/v2\/product_tag?post=79751"}],"curies":[{"name":"wp","href":"https:\/\/api.w.org\/{rel}","templated":true}]}}