{"id":79752,"date":"2025-07-14T15:45:22","date_gmt":"2025-07-14T12:45:22","guid":{"rendered":"https:\/\/demo8.ecube.lv\/sezona.lv\/products\/rapala-soma-urban-sling-bag\/"},"modified":"2025-07-14T15:45:22","modified_gmt":"2025-07-14T12:45:22","slug":"rapala-soma-urban-sling-bag","status":"publish","type":"product","link":"https:\/\/sezona.lv\/en\/products\/rapala-soma-urban-sling-bag\/","title":{"rendered":"Rapala soma Urban Sling Bag"},"content":{"rendered":"<div class=\"desc\">\n<div class=\"desc\">\n<div><span style=\"color: #000000;font-family: tahoma\">Stil\u012bga un ietilp\u012bga soma no jaun\u0101s Rapala URBAN somu  s\u0113rijas, kas \u012bpa&scaron;i izstr\u0101d\u0101ta StreetFishing mak&scaron;\u0137er\u0113&scaron;anas stila  cien\u012bt\u0101jiem!<\/span><\/div>\n<ul>\n<li> \u012apa&scaron;a dizaina plecu soma<\/li>\n<li> Galvenaj\u0101 nodal\u012bjum\u0101 ietilpst 3600 izm\u0113ra piederumu kastes<\/li>\n<li> Polster\u0113ts aizmugur\u0113jais nodal\u012bjums ar r\u0101v\u0113jsl\u0113dz\u0113ju. Taj\u0101 ietilpst 10&#8243; kl\u0113pjdators.<\/li>\n<li> \u012apa&scaron;a kabati\u0146a knaibl\u0113m<\/li>\n<li> Ciets EVA nodal\u012bjums saulesbrill\u0113m<\/li>\n<li> Mak&scaron;\u0137erk\u0101tu stiprin\u0101&scaron;anas un p\u0101rvad\u0101&scaron;anas sist\u0113ma<\/li>\n<li> Uz plecu siksnas \u016bdens dro&scaron;a un caursp\u012bd\u012bga kabata, kas darbojas uz sk\u0101rienj\u016bt\u012bga ekr\u0101na telefoniem<\/li>\n<li> Papildus kabatas un stiprin\u0101jumu vietas<\/li>\n<li> 3D t\u012bklveida materi\u0101ls, kas nodro&scaron;ina ventil\u0101ciju<\/li>\n<\/ul>\n<div>Izm\u0113ri: 40cm x 28 cm 14 cm<\/div>\n<\/div>\n<table class=\"params\" border=\"0\">\n<tbody>\n<tr class=\"nth\">\n<td class=\"label\">Preces kods:<\/td>\n<td class=\"date\">RUSB<\/td>\n<\/tr>\n<tr class=\"nth\">\n<td class=\"label\">Izm\u0113rs:<\/td>\n<td class=\"date\">40cm x 28 cm 14 cm<\/td>\n<\/tr>\n<\/tbody>\n<\/table>\n<p>&nbsp;<\/p>\n<\/div>\n","protected":false},"excerpt":{"rendered":"<p>Stil\u012bga un ietilp\u012bga soma no jaun\u0101s Rapala URBAN somu s\u0113rijas, kas \u012bpa&scaron;i izstr\u0101d\u0101ta StreetFishing mak&scaron;\u0137er\u0113&scaron;anas stila cien\u012bt\u0101jiem! \u012apa&scaron;a dizaina plecu soma Galvenaj\u0101 nodal\u012bjum\u0101 ietilpst 3600 izm\u0113ra piederumu kastes Polster\u0113ts aizmugur\u0113jais nodal\u012bjums ar r\u0101v\u0113jsl\u0113dz\u0113ju. Taj\u0101 ietilpst 10&#8243; kl\u0113pjdators. \u012apa&scaron;a kabati\u0146a knaibl\u0113m Ciets EVA nodal\u012bjums saulesbrill\u0113m Mak&scaron;\u0137erk\u0101tu stiprin\u0101&scaron;anas un p\u0101rvad\u0101&scaron;anas sist\u0113ma Uz plecu siksnas \u016bdens dro&scaron;a un [&hellip;]<\/p>\n","protected":false},"featured_media":0,"template":"","meta":[],"product_brand":[3368],"product_cat":[4538,4556,4640],"product_tag":[],"class_list":{"0":"post-79752","1":"product","2":"type-product","3":"status-publish","5":"product_brand-rapala","6":"product_cat-fishing-equipment-recreation","7":"product_cat-bags-boxes-fishing-equipment-recreation","8":"product_cat-recreation","10":"first","11":"instock","12":"shipping-taxable","13":"purchasable","14":"product-type-simple"},"_links":{"self":[{"href":"https:\/\/sezona.lv\/en\/wp-json\/wp\/v2\/product\/79752","targetHints":{"allow":["GET"]}}],"collection":[{"href":"https:\/\/sezona.lv\/en\/wp-json\/wp\/v2\/product"}],"about":[{"href":"https:\/\/sezona.lv\/en\/wp-json\/wp\/v2\/types\/product"}],"wp:attachment":[{"href":"https:\/\/sezona.lv\/en\/wp-json\/wp\/v2\/media?parent=79752"}],"wp:term":[{"taxonomy":"product_brand","embeddable":true,"href":"https:\/\/sezona.lv\/en\/wp-json\/wp\/v2\/product_brand?post=79752"},{"taxonomy":"product_cat","embeddable":true,"href":"https:\/\/sezona.lv\/en\/wp-json\/wp\/v2\/product_cat?post=79752"},{"taxonomy":"product_tag","embeddable":true,"href":"https:\/\/sezona.lv\/en\/wp-json\/wp\/v2\/product_tag?post=79752"}],"curies":[{"name":"wp","href":"https:\/\/api.w.org\/{rel}","templated":true}]}}