{"id":79753,"date":"2025-07-14T15:45:23","date_gmt":"2025-07-14T12:45:23","guid":{"rendered":"https:\/\/demo8.ecube.lv\/sezona.lv\/products\/rapala-soma-urban-vest-pack\/"},"modified":"2025-07-14T15:45:23","modified_gmt":"2025-07-14T12:45:23","slug":"rapala-soma-urban-vest-pack","status":"publish","type":"product","link":"https:\/\/sezona.lv\/en\/products\/rapala-soma-urban-vest-pack\/","title":{"rendered":"Rapala soma Urban Vest Pack"},"content":{"rendered":"<div class=\"desc\">\n<div class=\"desc\">\n<div>Stil\u012bga, ietilp\u012bga, jauna dizaina veste\/soma no jaun\u0101s Rapala URBAN  somu s\u0113rijas, kas \u012bpa&scaron;i izstr\u0101d\u0101ta StreetFishing mak&scaron;\u0137er\u0113&scaron;anas stila  cien\u012bt\u0101jiem!<\/div>\n<ul>\n<li> Liela priek&scaron;\u0113j\u0101 kabata maz\u0101ku kast\u012b&scaron;u izvieto&scaron;anai<\/li>\n<li> \u012apa&scaron;a, \u0113rti atsniedzama kabata knaibl\u0113m<\/li>\n<li> Atlok\u0101ma mobil\u0101 telefona kabata ar elast\u012bgu, sk\u0101rienj\u016bt\u012bgu lodzi\u0146u<\/li>\n<li> Papildus kabatas un stiprin\u0101jumi<\/li>\n<li> Mak&scaron;\u0137erk\u0101tu stiprin\u0101jumi ab\u0101s pus\u0113s<\/li>\n<li> Kompakta, papla&scaron;in\u0101ma mugursoma ar savilc\u0113m<\/li>\n<li> 3D t\u012bklveida materi\u0101ls, kas nodro&scaron;ina ventil\u0101ciju<\/li>\n<li> Regul\u0113jama da\u017e\u0101dos veidos un der visiem izm\u0113riem<\/li>\n<\/ul>\n<p>Izm\u0113rs: viens izm\u0113rs<\/p>\n<\/div>\n<div class=\"params\">\n<table class=\"params\" border=\"0\">\n<tbody>\n<tr class=\"nth\">\n<td class=\"label\">Preces kods:<\/td>\n<td class=\"date\">RUVP<\/td>\n<\/tr>\n<\/tbody>\n<\/table>\n<\/div>\n<\/div>\n","protected":false},"excerpt":{"rendered":"<p>Stil\u012bga, ietilp\u012bga, jauna dizaina veste\/soma no jaun\u0101s Rapala URBAN somu s\u0113rijas, kas \u012bpa&scaron;i izstr\u0101d\u0101ta StreetFishing mak&scaron;\u0137er\u0113&scaron;anas stila cien\u012bt\u0101jiem! Liela priek&scaron;\u0113j\u0101 kabata maz\u0101ku kast\u012b&scaron;u izvieto&scaron;anai \u012apa&scaron;a, \u0113rti atsniedzama kabata knaibl\u0113m Atlok\u0101ma mobil\u0101 telefona kabata ar elast\u012bgu, sk\u0101rienj\u016bt\u012bgu lodzi\u0146u Papildus kabatas un stiprin\u0101jumi Mak&scaron;\u0137erk\u0101tu stiprin\u0101jumi ab\u0101s pus\u0113s Kompakta, papla&scaron;in\u0101ma mugursoma ar savilc\u0113m 3D t\u012bklveida materi\u0101ls, kas nodro&scaron;ina [&hellip;]<\/p>\n","protected":false},"featured_media":0,"template":"","meta":[],"product_brand":[3368],"product_cat":[4538,4556,4640],"product_tag":[],"class_list":{"0":"post-79753","1":"product","2":"type-product","3":"status-publish","5":"product_brand-rapala","6":"product_cat-fishing-equipment-recreation","7":"product_cat-bags-boxes-fishing-equipment-recreation","8":"product_cat-recreation","10":"first","11":"instock","12":"shipping-taxable","13":"purchasable","14":"product-type-simple"},"_links":{"self":[{"href":"https:\/\/sezona.lv\/en\/wp-json\/wp\/v2\/product\/79753","targetHints":{"allow":["GET"]}}],"collection":[{"href":"https:\/\/sezona.lv\/en\/wp-json\/wp\/v2\/product"}],"about":[{"href":"https:\/\/sezona.lv\/en\/wp-json\/wp\/v2\/types\/product"}],"wp:attachment":[{"href":"https:\/\/sezona.lv\/en\/wp-json\/wp\/v2\/media?parent=79753"}],"wp:term":[{"taxonomy":"product_brand","embeddable":true,"href":"https:\/\/sezona.lv\/en\/wp-json\/wp\/v2\/product_brand?post=79753"},{"taxonomy":"product_cat","embeddable":true,"href":"https:\/\/sezona.lv\/en\/wp-json\/wp\/v2\/product_cat?post=79753"},{"taxonomy":"product_tag","embeddable":true,"href":"https:\/\/sezona.lv\/en\/wp-json\/wp\/v2\/product_tag?post=79753"}],"curies":[{"name":"wp","href":"https:\/\/api.w.org\/{rel}","templated":true}]}}