{"id":79758,"date":"2025-07-11T17:12:25","date_gmt":"2025-07-11T14:12:25","guid":{"rendered":"https:\/\/demo8.ecube.lv\/sezona.lv\/products\/turisma-nazis-mora-kniv-22cm-15399101\/"},"modified":"2025-07-14T15:45:28","modified_gmt":"2025-07-14T12:45:28","slug":"turisma-nazis-mora-kniv-22cm-15399101","status":"publish","type":"product","link":"https:\/\/sezona.lv\/en\/products\/turisma-nazis-mora-kniv-22cm-15399101\/","title":{"rendered":"T\u016brisma nazis Mora Kniv 22cm (15399101)"},"content":{"rendered":"<p>T\u016brisma nazis Mora Kniv 22cm (15399101).<\/p>\n<p>Ide\u0101ls nazis piedz\u012bvojumiem, \u012bsts univers\u0101ls nazis. M\u012bkstais rokturis ir izgatavots no TPE gumijas, t\u0101p\u0113c ar nazi var dro&scaron;i un stabili str\u0101d\u0101t. Polim\u0113ra na\u017ea maksts ietver praktisku jostas skavu, lai nazi var\u0113tu piestiprin\u0101t pie mugursomas vai jostas un vienm\u0113r b\u016btu pa rokai.<\/p>\n<p>Asmens: Sandvik sakaus\u0113jums 12C27.<\/p>\n<p>Spals: 100% Polipropil\u0113ns.<\/p>\n<p>Spala p\u0101rkl\u0101jums: 100% TPE (termoplastisks elastom\u0113rs).<\/p>\n<p>Maci\u0146&scaron;: 100% polipropil\u0113ns.<\/p>\n<p>Asmens garums: 10 cm.<\/p>\n<p>Kop\u0113jais garums: 22 cm.<\/p>\n<p>Ra\u017eots Zviedrija.<\/p>\n","protected":false},"excerpt":{"rendered":"<p>T\u016brisma nazis Mora Kniv 22cm (15399101). Ide\u0101ls nazis piedz\u012bvojumiem, \u012bsts univers\u0101ls nazis. M\u012bkstais rokturis ir izgatavots no TPE gumijas, t\u0101p\u0113c ar nazi var dro&scaron;i un stabili str\u0101d\u0101t. Polim\u0113ra na\u017ea maksts ietver praktisku jostas skavu, lai nazi var\u0113tu piestiprin\u0101t pie mugursomas vai jostas un vienm\u0113r b\u016btu pa rokai. Asmens: Sandvik sakaus\u0113jums 12C27. Spals: 100% Polipropil\u0113ns. Spala [&hellip;]<\/p>\n","protected":false},"featured_media":106478,"template":"","meta":[],"product_brand":[],"product_cat":[4558,4571,4733],"product_tag":[],"class_list":{"0":"post-79758","1":"product","2":"type-product","3":"status-publish","4":"has-post-thumbnail","6":"product_cat-for-tourism-recreation","7":"product_cat-dishes-knives-folding-tables-for-tourism-recreation","8":"product_cat-knives-dishes-knives-folding-tables-for-tourism-recreation","10":"first","11":"instock","12":"shipping-taxable","13":"purchasable","14":"product-type-simple"},"_links":{"self":[{"href":"https:\/\/sezona.lv\/en\/wp-json\/wp\/v2\/product\/79758","targetHints":{"allow":["GET"]}}],"collection":[{"href":"https:\/\/sezona.lv\/en\/wp-json\/wp\/v2\/product"}],"about":[{"href":"https:\/\/sezona.lv\/en\/wp-json\/wp\/v2\/types\/product"}],"wp:featuredmedia":[{"embeddable":true,"href":"https:\/\/sezona.lv\/en\/wp-json\/wp\/v2\/media\/106478"}],"wp:attachment":[{"href":"https:\/\/sezona.lv\/en\/wp-json\/wp\/v2\/media?parent=79758"}],"wp:term":[{"taxonomy":"product_brand","embeddable":true,"href":"https:\/\/sezona.lv\/en\/wp-json\/wp\/v2\/product_brand?post=79758"},{"taxonomy":"product_cat","embeddable":true,"href":"https:\/\/sezona.lv\/en\/wp-json\/wp\/v2\/product_cat?post=79758"},{"taxonomy":"product_tag","embeddable":true,"href":"https:\/\/sezona.lv\/en\/wp-json\/wp\/v2\/product_tag?post=79758"}],"curies":[{"name":"wp","href":"https:\/\/api.w.org\/{rel}","templated":true}]}}