{"id":79759,"date":"2025-07-11T17:12:27","date_gmt":"2025-07-11T14:12:27","guid":{"rendered":"https:\/\/demo8.ecube.lv\/sezona.lv\/products\/mil-tec-nazu-asinamais-15445000\/"},"modified":"2025-07-14T15:45:29","modified_gmt":"2025-07-14T12:45:29","slug":"mil-tec-nazu-asinamais-15445000","status":"publish","type":"product","link":"https:\/\/sezona.lv\/en\/products\/mil-tec-nazu-asinamais-15445000\/","title":{"rendered":"Mil Tec Na\u017eu asin\u0101mais (15445000)"},"content":{"rendered":"<p>Mil Tec Na\u017eu asin\u0101mais (15445000).<\/p>\n<p><span class=\"main\">Body: ABS plastic<br \/>Sharpen part: Tungsten Steel<br \/>Dimensions: 5,7 x 7,5 cm<br \/>Depth: 2,4 cm<br \/>Weight: 35 g<\/p>\n<p>&#8211; 2 different sharpening systems for coarse (carbid) and fine (ceramic) grinding in V-shaped order.<\/span><\/p>\n","protected":false},"excerpt":{"rendered":"<p>Mil Tec Na\u017eu asin\u0101mais (15445000). Body: ABS plasticSharpen part: Tungsten SteelDimensions: 5,7 x 7,5 cmDepth: 2,4 cmWeight: 35 g &#8211; 2 different sharpening systems for coarse (carbid) and fine (ceramic) grinding in V-shaped order.<\/p>\n","protected":false},"featured_media":106342,"template":"","meta":[],"product_brand":[54],"product_cat":[4558,4571,4740],"product_tag":[],"class_list":{"0":"post-79759","1":"product","2":"type-product","3":"status-publish","4":"has-post-thumbnail","6":"product_brand-victorinox","7":"product_cat-for-tourism-recreation","8":"product_cat-dishes-knives-folding-tables-for-tourism-recreation","9":"product_cat-knife-accessories-dishes-knives-folding-tables-for-tourism-recreation","11":"first","12":"instock","13":"shipping-taxable","14":"purchasable","15":"product-type-simple"},"_links":{"self":[{"href":"https:\/\/sezona.lv\/en\/wp-json\/wp\/v2\/product\/79759","targetHints":{"allow":["GET"]}}],"collection":[{"href":"https:\/\/sezona.lv\/en\/wp-json\/wp\/v2\/product"}],"about":[{"href":"https:\/\/sezona.lv\/en\/wp-json\/wp\/v2\/types\/product"}],"wp:featuredmedia":[{"embeddable":true,"href":"https:\/\/sezona.lv\/en\/wp-json\/wp\/v2\/media\/106342"}],"wp:attachment":[{"href":"https:\/\/sezona.lv\/en\/wp-json\/wp\/v2\/media?parent=79759"}],"wp:term":[{"taxonomy":"product_brand","embeddable":true,"href":"https:\/\/sezona.lv\/en\/wp-json\/wp\/v2\/product_brand?post=79759"},{"taxonomy":"product_cat","embeddable":true,"href":"https:\/\/sezona.lv\/en\/wp-json\/wp\/v2\/product_cat?post=79759"},{"taxonomy":"product_tag","embeddable":true,"href":"https:\/\/sezona.lv\/en\/wp-json\/wp\/v2\/product_tag?post=79759"}],"curies":[{"name":"wp","href":"https:\/\/api.w.org\/{rel}","templated":true}]}}