{"id":79766,"date":"2025-07-14T15:45:37","date_gmt":"2025-07-14T12:45:37","guid":{"rendered":"https:\/\/demo8.ecube.lv\/sezona.lv\/products\/shimano-spole-bantam-mgl-151-hg\/"},"modified":"2025-07-14T15:45:37","modified_gmt":"2025-07-14T12:45:37","slug":"shimano-spole-bantam-mgl-151-hg","status":"publish","type":"product","link":"https:\/\/sezona.lv\/en\/products\/shimano-spole-bantam-mgl-151-hg\/","title":{"rendered":"Shimano spole BANTAM MGL 151 HG"},"content":{"rendered":"<div id=\"cke_pastebin\">\n<div id=\"cke_pastebin\"><strong>Bantam MGL<\/strong> &ndash; labi zin\u0101m\u0101s multiplikatoru  s\u0113rijas,  jaunais modelis. Spole nu ir tikusi pie Hagane materi\u0101la  koprusa, kas ir  viegls un iztur\u012bgs. T\u0101pat slodzes iztur\u012bbu palielina  Micromodule un X  Ship tehnolo\u0123ijas. Speci\u0101la atvieglota auklas kasete,  lai palielin\u0101tu  metiena att\u0101lumu. Multam ir SVS Infinity centrb\u0113dzes  brem\u017eu sist\u0113ma.  Bantam MGL b\u016bs lielisks tvi\u010dojot voblerus.<\/div>\n<ul>\n<li> <strong>Micromodule <\/strong>&#8211; ehnolo\u0123ija, kas rada \u013coti prec\u012bzus  pa&scaron;us  zobratus, to &ldquo;zobus&rdquo;. Katrs &ldquo;zobs&rdquo; l\u012bdz smalk\u0101kajai deta\u013cai tiek   veidots, l\u012bdz ar ko praktiski nav ska\u0146as pie spoles grie&scaron;anas, turkl\u0101t   spolei ir \u013coti samtaina gaita.<\/li>\n<li> <strong>X Ship<\/strong> &#8211; tehnolo\u0123ija, kas dod papildus jaudu. Tiek   piemekl\u0113ts optim\u0101lais zobratu izvietojums, zobratu izm\u0113ri, lai sasniegtu   daudz lab\u0101ku izpild\u012bjumu.<\/li>\n<li> <strong>Hagane body<\/strong> &#8211; spolei ir pastiprin\u0101ts met\u0101la korpus, kur&scaron; nodro&scaron;ina augstu iztur\u012bbu, k\u0101 ar\u012b iztur\u012bbu pret triecieniem.<\/li>\n<li> <strong>Coresolid body<\/strong> &ndash; spoles korpuss ir izgatavots no viena gabala, l\u012bdz ar ko ir daudz iztur\u012bg\u0101ks<\/li>\n<li> <strong>MGL auklas kasete<\/strong> &#8211; atvieglota auklas kasete, pateicoties kurai metiena att\u0101lums ir palielin\u0101jies par 20%.<\/li>\n<li> <strong>S3D<\/strong> &#8211; auklas kasetei ir uzlabots balanss, un  samazin\u0101ta  br\u012bvkust\u012bba, attiec\u012bgi metiena br\u012bd\u012b kasete br\u012bvi grie\u017eas, un  metiena  att\u0101lums uzlabojas.<\/li>\n<li> <strong>Silent tune<\/strong> &#8211; tehnolo\u0123ija, kas rada nelielu  spiedienu uz  auklas kasetes gult\u0146iem, t\u0101d\u0113j\u0101di nov\u0113r&scaron;ot vibr\u0101ciju un  ska\u0146u, pie  augstiem apgriezieniem.<\/li>\n<li> <strong>SVS<\/strong> &#8211; jaun\u0101s paaudzes Infinity centrb\u0113dzes brem\u017eu sist\u0113ma.<\/li>\n<li> <strong>S AR-B<\/strong> &#8211; speci\u0101li gult\u0146i, kurus var izmantot ar\u012b s\u0101ls\u016bden\u012b, un kuri ir aizsarg\u0101ti pret r\u016bsu un koroziju.<\/li>\n<li> <strong>Super Free spool<\/strong> &#8211; kad tiek nospiests saj\u016bgs, un  atbr\u012bvota  auklas kasete metienam, pati kasete balst\u0101s tikai uz diviem  gult\u0146iem,  attiec\u012bgi ir kasete grie\u017eas piln\u012bgi br\u012bvi.<\/li>\n<li> <strong>Saltwater<\/strong> &#8211; spoli var lietot s\u0101ls\u016bden\u012b, pateicoties S  A-RB  gult\u0146iem. P\u0113c spoles izmanto&scaron;anas s\u0101ls\u016bden\u012b, spoli ir ieteicams   noskalot sald\u016bden\u012b.<\/li>\n<\/ul>\n<\/div>\n<p>&#8211; Kods:&nbsp;BANTMGL151<\/p>\n<p>&#8211; Auklas ietilp\u012bba: 0,33-100<\/p>\n<p>&#8211; Svars: 220g<\/p>\n<p>&#8211; P\u0101rnesumi: 7.1:1<\/p>\n<p>&#8211; Gult\u0146i: 8+1<\/p>\n","protected":false},"excerpt":{"rendered":"<p>Bantam MGL &ndash; labi zin\u0101m\u0101s multiplikatoru s\u0113rijas, jaunais modelis. Spole nu ir tikusi pie Hagane materi\u0101la koprusa, kas ir viegls un iztur\u012bgs. T\u0101pat slodzes iztur\u012bbu palielina Micromodule un X Ship tehnolo\u0123ijas. Speci\u0101la atvieglota auklas kasete, lai palielin\u0101tu metiena att\u0101lumu. Multam ir SVS Infinity centrb\u0113dzes brem\u017eu sist\u0113ma. Bantam MGL b\u016bs lielisks tvi\u010dojot voblerus. Micromodule &#8211; ehnolo\u0123ija, [&hellip;]<\/p>\n","protected":false},"featured_media":0,"template":"","meta":[],"product_brand":[3371],"product_cat":[4538,4539,4542,4640],"product_tag":[],"class_list":{"0":"post-79766","1":"product","2":"type-product","3":"status-publish","5":"product_brand-shimano","6":"product_cat-fishing-equipment-recreation","7":"product_cat-reels-fishing-equipment-recreation","8":"product_cat-baitcasting-reels-reels-fishing-equipment-recreation","9":"product_cat-recreation","11":"first","12":"instock","13":"shipping-taxable","14":"purchasable","15":"product-type-simple"},"_links":{"self":[{"href":"https:\/\/sezona.lv\/en\/wp-json\/wp\/v2\/product\/79766","targetHints":{"allow":["GET"]}}],"collection":[{"href":"https:\/\/sezona.lv\/en\/wp-json\/wp\/v2\/product"}],"about":[{"href":"https:\/\/sezona.lv\/en\/wp-json\/wp\/v2\/types\/product"}],"wp:attachment":[{"href":"https:\/\/sezona.lv\/en\/wp-json\/wp\/v2\/media?parent=79766"}],"wp:term":[{"taxonomy":"product_brand","embeddable":true,"href":"https:\/\/sezona.lv\/en\/wp-json\/wp\/v2\/product_brand?post=79766"},{"taxonomy":"product_cat","embeddable":true,"href":"https:\/\/sezona.lv\/en\/wp-json\/wp\/v2\/product_cat?post=79766"},{"taxonomy":"product_tag","embeddable":true,"href":"https:\/\/sezona.lv\/en\/wp-json\/wp\/v2\/product_tag?post=79766"}],"curies":[{"name":"wp","href":"https:\/\/api.w.org\/{rel}","templated":true}]}}