{"id":79767,"date":"2025-07-11T17:12:37","date_gmt":"2025-07-11T14:12:37","guid":{"rendered":"https:\/\/demo8.ecube.lv\/sezona.lv\/products\/shimano-spole-curado-dc-151-hg-lh\/"},"modified":"2025-07-14T15:45:37","modified_gmt":"2025-07-14T12:45:37","slug":"shimano-spole-curado-dc-151-hg-lh","status":"publish","type":"product","link":"https:\/\/sezona.lv\/en\/products\/shimano-spole-curado-dc-151-hg-lh\/","title":{"rendered":"Shimano spole CURADO DC 151 HG (LH)"},"content":{"rendered":"<div id=\"cke_pastebin\">\n<div id=\"cke_pastebin\">\n<div id=\"cke_pastebin\"><strong>Curado DC<\/strong>&nbsp;&ndash; pirmais multiplikators, kur&scaron; vid\u0113j\u0101 cenu  klas\u0113 pied\u0101v\u0101 I-DC 4 sist\u0113mu. Multiplikators ir ieguvis Hangane  materi\u0101la korpusu. T\u0101pat ir izmantota Micromodule un X Ship tehnolo\u0123ija,  kas nodro&scaron;ina lielu slodzes iztur\u012bbu multam. I-DC 4 sist\u0113ma ir  magn\u0113tisk\u0101 brem\u017eu sist\u0113ma, kas tiek kontrol\u0113ta ar mikro\u010dipa pal\u012bdz\u012bbu.  Attiec\u012bgi magn\u0113tisk\u0101s bremzes regul\u0113jas daudz prec\u012bz\u0101k, turkl\u0101t I-DC 4  sp\u0113j noteikt k\u0101ds ir optim\u0101lais bremz\u0113&scaron;anas sp\u0113ks, katr\u0101 no metiena  stadij\u0101m. T\u0101pat I-DC 4 nov\u0113r&scaron; auklas apme&scaron;anos, metiena br\u012bd\u012b. Ar I-DC 4  sist\u0113mu apr\u012bkotie multi ir \u013coti vienk\u0101r&scaron;i apg\u016bstami un lietojami.&nbsp;<\/div>\n<ul>\n<li> <strong>Micromodule<\/strong>&nbsp;&#8211; ehnolo\u0123ija, kas rada \u013coti prec\u012bzus  pa&scaron;us zobratus, to &ldquo;zobus&rdquo;. Katrs &ldquo;zobs&rdquo; l\u012bdz smalk\u0101kajai deta\u013cai tiek  veidots, l\u012bdz ar ko praktiski nav ska\u0146as pie spoles grie&scaron;anas, turkl\u0101t  spolei ir \u013coti samtaina gaita.<\/li>\n<li> <strong>X Ship<\/strong>&nbsp;&#8211; tehnolo\u0123ija, kas dod papildus jaudu. Tiek  piemekl\u0113ts optim\u0101lais zobratu izvietojums, zobratu izm\u0113ri, lai sasniegtu  daudz lab\u0101ku izpild\u012bjumu.<\/li>\n<li> <strong>Hagane body<\/strong>&nbsp;&#8211; spolei ir pastiprin\u0101ts met\u0101la korpus, kur&scaron; nodro&scaron;ina augstu iztur\u012bbu, k\u0101 ar\u012b iztur\u012bbu pret triecieniem.<\/li>\n<li> <strong>I-DC 4<\/strong>&nbsp;&#8211; digital control brem\u017eu sist\u0113ma, kas kontrol\u0113 bremzes ar mikro\u010dipa pal\u012bdz\u012bbu<\/li>\n<li> <strong>S3D<\/strong>&nbsp;&#8211; auklas kasetei ir uzlabots balanss, un  samazin\u0101ta br\u012bvkust\u012bba, attiec\u012bgi metiena br\u012bd\u012b kasete br\u012bvi grie\u017eas, un  metiena att\u0101lums uzlabojas.<\/li>\n<li> <strong>S AR-B<\/strong>&nbsp;&#8211; speci\u0101li gult\u0146i, kurus var izmantot ar\u012b s\u0101ls\u016bden\u012b, un kuri ir aizsarg\u0101ti pret r\u016bsu un koroziju.<\/li>\n<li> <strong>Super Free spool<\/strong>&nbsp;&#8211; kad tiek nospiests saj\u016bgs, un  atbr\u012bvota auklas kasete metienam, pati kasete balst\u0101s tikai uz diviem  gult\u0146iem, attiec\u012bgi ir kasete grie\u017eas piln\u012bgi br\u012bvi.<\/li>\n<li> <strong>Cross Carbon drag&nbsp;<\/strong>&ndash; spoles darba bremzes ir daudz jaud\u012bg\u0101kas, un prec\u012bz\u0101k regul\u0113jamas<\/li>\n<\/ul>\n<\/div>\n<\/div>\n<p>&#8211; Kods: CUDC151HG<\/p>\n<p>&#8211; Auklas ietilp\u012bba: 20 \/ 150,30 \/ 135,40 \/ 105<\/p>\n<p>&#8211; Svars: 220g<\/p>\n<p>&#8211; P\u0101rnesumi: 6.2:1<\/p>\n<p>&#8211; Gult\u0146i: 6+1<\/p>\n","protected":false},"excerpt":{"rendered":"<p>Curado DC&nbsp;&ndash; pirmais multiplikators, kur&scaron; vid\u0113j\u0101 cenu klas\u0113 pied\u0101v\u0101 I-DC 4 sist\u0113mu. Multiplikators ir ieguvis Hangane materi\u0101la korpusu. T\u0101pat ir izmantota Micromodule un X Ship tehnolo\u0123ija, kas nodro&scaron;ina lielu slodzes iztur\u012bbu multam. I-DC 4 sist\u0113ma ir magn\u0113tisk\u0101 brem\u017eu sist\u0113ma, kas tiek kontrol\u0113ta ar mikro\u010dipa pal\u012bdz\u012bbu. Attiec\u012bgi magn\u0113tisk\u0101s bremzes regul\u0113jas daudz prec\u012bz\u0101k, turkl\u0101t I-DC 4 sp\u0113j [&hellip;]<\/p>\n","protected":false},"featured_media":74024,"template":"","meta":[],"product_brand":[3371],"product_cat":[4538,4539,4542],"product_tag":[],"class_list":{"0":"post-79767","1":"product","2":"type-product","3":"status-publish","4":"has-post-thumbnail","6":"product_brand-shimano","7":"product_cat-fishing-equipment-recreation","8":"product_cat-reels-fishing-equipment-recreation","9":"product_cat-baitcasting-reels-reels-fishing-equipment-recreation","11":"first","12":"instock","13":"shipping-taxable","14":"purchasable","15":"product-type-simple"},"_links":{"self":[{"href":"https:\/\/sezona.lv\/en\/wp-json\/wp\/v2\/product\/79767","targetHints":{"allow":["GET"]}}],"collection":[{"href":"https:\/\/sezona.lv\/en\/wp-json\/wp\/v2\/product"}],"about":[{"href":"https:\/\/sezona.lv\/en\/wp-json\/wp\/v2\/types\/product"}],"wp:featuredmedia":[{"embeddable":true,"href":"https:\/\/sezona.lv\/en\/wp-json\/wp\/v2\/media\/74024"}],"wp:attachment":[{"href":"https:\/\/sezona.lv\/en\/wp-json\/wp\/v2\/media?parent=79767"}],"wp:term":[{"taxonomy":"product_brand","embeddable":true,"href":"https:\/\/sezona.lv\/en\/wp-json\/wp\/v2\/product_brand?post=79767"},{"taxonomy":"product_cat","embeddable":true,"href":"https:\/\/sezona.lv\/en\/wp-json\/wp\/v2\/product_cat?post=79767"},{"taxonomy":"product_tag","embeddable":true,"href":"https:\/\/sezona.lv\/en\/wp-json\/wp\/v2\/product_tag?post=79767"}],"curies":[{"name":"wp","href":"https:\/\/api.w.org\/{rel}","templated":true}]}}