{"id":79768,"date":"2025-07-14T15:45:38","date_gmt":"2025-07-14T12:45:38","guid":{"rendered":"https:\/\/demo8.ecube.lv\/sezona.lv\/products\/shimano-spole-tekota-600-hglcma\/"},"modified":"2025-07-14T15:45:38","modified_gmt":"2025-07-14T12:45:38","slug":"shimano-spole-tekota-600-hglcma","status":"publish","type":"product","link":"https:\/\/sezona.lv\/en\/products\/shimano-spole-tekota-600-hglcma\/","title":{"rendered":"Shimano spole TEKOTA 600 HGLCMA"},"content":{"rendered":"<p>&#8211; Ra\u017eot\u0101js: Shimano<\/p>\n<p>&#8211; Kods: TEK600HGLCMA<\/p>\n<p>&#8211; Auklas uzt\u012b&scaron;ana: 97 cm apgriezien\u0101<\/p>\n<p>&#8211; Svars: 485g<\/p>\n<p>&#8211; P\u0101rnesumi: 6.3:1<\/p>\n<p>&#8211; Gult\u0146i: 3+1<\/p>\n<p>&#8211; Tests: 11kg<\/p>\n","protected":false},"excerpt":{"rendered":"<p>&#8211; Ra\u017eot\u0101js: Shimano &#8211; Kods: TEK600HGLCMA &#8211; Auklas uzt\u012b&scaron;ana: 97 cm apgriezien\u0101 &#8211; Svars: 485g &#8211; P\u0101rnesumi: 6.3:1 &#8211; Gult\u0146i: 3+1 &#8211; Tests: 11kg<\/p>\n","protected":false},"featured_media":0,"template":"","meta":[],"product_brand":[3371],"product_cat":[4538,4539,4542,4640],"product_tag":[],"class_list":{"0":"post-79768","1":"product","2":"type-product","3":"status-publish","5":"product_brand-shimano","6":"product_cat-fishing-equipment-recreation","7":"product_cat-reels-fishing-equipment-recreation","8":"product_cat-baitcasting-reels-reels-fishing-equipment-recreation","9":"product_cat-recreation","11":"first","12":"instock","13":"shipping-taxable","14":"purchasable","15":"product-type-simple"},"_links":{"self":[{"href":"https:\/\/sezona.lv\/en\/wp-json\/wp\/v2\/product\/79768","targetHints":{"allow":["GET"]}}],"collection":[{"href":"https:\/\/sezona.lv\/en\/wp-json\/wp\/v2\/product"}],"about":[{"href":"https:\/\/sezona.lv\/en\/wp-json\/wp\/v2\/types\/product"}],"wp:attachment":[{"href":"https:\/\/sezona.lv\/en\/wp-json\/wp\/v2\/media?parent=79768"}],"wp:term":[{"taxonomy":"product_brand","embeddable":true,"href":"https:\/\/sezona.lv\/en\/wp-json\/wp\/v2\/product_brand?post=79768"},{"taxonomy":"product_cat","embeddable":true,"href":"https:\/\/sezona.lv\/en\/wp-json\/wp\/v2\/product_cat?post=79768"},{"taxonomy":"product_tag","embeddable":true,"href":"https:\/\/sezona.lv\/en\/wp-json\/wp\/v2\/product_tag?post=79768"}],"curies":[{"name":"wp","href":"https:\/\/api.w.org\/{rel}","templated":true}]}}