{"id":79769,"date":"2025-07-11T17:12:39","date_gmt":"2025-07-11T14:12:39","guid":{"rendered":"https:\/\/demo8.ecube.lv\/sezona.lv\/products\/shimano-spole-tekota-500-hglcma\/"},"modified":"2025-07-14T15:45:39","modified_gmt":"2025-07-14T12:45:39","slug":"shimano-spole-tekota-500-hglcma","status":"publish","type":"product","link":"https:\/\/sezona.lv\/en\/products\/shimano-spole-tekota-500-hglcma\/","title":{"rendered":"Shimano spole TEKOTA 500 HGLCMA"},"content":{"rendered":"<p>&#8211; Ra\u017eot\u0101js: Shimano<\/p>\n<p>&#8211; Kods: TEK500HGLCMA<\/p>\n<p>&#8211; Auklas uzt\u012b&scaron;ana: 64 cm apgriezien\u0101<\/p>\n<p>&#8211; Svars: 694g<\/p>\n<p>&#8211; P\u0101rnesumi: 4.2:1<\/p>\n<p>&#8211; Gult\u0146i: 3+1<\/p>\n<p>&#8211; Tests: 8kg<\/p>\n","protected":false},"excerpt":{"rendered":"<p>&#8211; Ra\u017eot\u0101js: Shimano &#8211; Kods: TEK500HGLCMA &#8211; Auklas uzt\u012b&scaron;ana: 64 cm apgriezien\u0101 &#8211; Svars: 694g &#8211; P\u0101rnesumi: 4.2:1 &#8211; Gult\u0146i: 3+1 &#8211; Tests: 8kg<\/p>\n","protected":false},"featured_media":74027,"template":"","meta":[],"product_brand":[3371],"product_cat":[4538,4539,4542],"product_tag":[],"class_list":{"0":"post-79769","1":"product","2":"type-product","3":"status-publish","4":"has-post-thumbnail","6":"product_brand-shimano","7":"product_cat-fishing-equipment-recreation","8":"product_cat-reels-fishing-equipment-recreation","9":"product_cat-baitcasting-reels-reels-fishing-equipment-recreation","11":"first","12":"instock","13":"shipping-taxable","14":"purchasable","15":"product-type-simple"},"_links":{"self":[{"href":"https:\/\/sezona.lv\/en\/wp-json\/wp\/v2\/product\/79769","targetHints":{"allow":["GET"]}}],"collection":[{"href":"https:\/\/sezona.lv\/en\/wp-json\/wp\/v2\/product"}],"about":[{"href":"https:\/\/sezona.lv\/en\/wp-json\/wp\/v2\/types\/product"}],"wp:featuredmedia":[{"embeddable":true,"href":"https:\/\/sezona.lv\/en\/wp-json\/wp\/v2\/media\/74027"}],"wp:attachment":[{"href":"https:\/\/sezona.lv\/en\/wp-json\/wp\/v2\/media?parent=79769"}],"wp:term":[{"taxonomy":"product_brand","embeddable":true,"href":"https:\/\/sezona.lv\/en\/wp-json\/wp\/v2\/product_brand?post=79769"},{"taxonomy":"product_cat","embeddable":true,"href":"https:\/\/sezona.lv\/en\/wp-json\/wp\/v2\/product_cat?post=79769"},{"taxonomy":"product_tag","embeddable":true,"href":"https:\/\/sezona.lv\/en\/wp-json\/wp\/v2\/product_tag?post=79769"}],"curies":[{"name":"wp","href":"https:\/\/api.w.org\/{rel}","templated":true}]}}