{"id":79771,"date":"2025-07-11T17:12:41","date_gmt":"2025-07-11T14:12:41","guid":{"rendered":"https:\/\/demo8.ecube.lv\/sezona.lv\/products\/shimano-makskere-aernos-ax-feeder-13-120g\/"},"modified":"2025-07-14T15:45:41","modified_gmt":"2025-07-14T12:45:41","slug":"shimano-makskere-aernos-ax-feeder-13-120g","status":"publish","type":"product","link":"https:\/\/sezona.lv\/en\/products\/shimano-makskere-aernos-ax-feeder-13-120g\/","title":{"rendered":"Shimano mak\u0161\u0137ere AERNOS AX FEEDER 13&#8242; 120g"},"content":{"rendered":"<div>\n<p>&nbsp;&#8211;&nbsp;Ra\u017eot\u0101js: <span> Shimano <\/span><\/p>\n<\/div>\n<div>\n<p>&nbsp;&#8211;&nbsp;Garums (m): <span>3.90<\/span><\/p>\n<p><span>&#8211; Rokturis: kor\u0137is + EVA<\/span><\/p>\n<p><span>&#8211; Ri\u0146\u0137u materi\u0101ls: <\/span><span>Shimano Hardlite ner\u016bs\u0113jo&scaron;a t\u0113rauda<\/span><\/p>\n<p><span>&#8211; Materi\u0101ls: <\/span><span>XT 60 + NANO<\/span><\/p>\n<\/div>\n<div>\n<p>&nbsp;&#8211;&nbsp;Tests (g) l\u012bdz: <span>120<\/span><\/p>\n<\/div>\n<div>\n<p>&nbsp;&#8211;&nbsp;Svars (g): <span>305<\/span><\/p>\n<\/div>\n<div>\n<p>&nbsp;&#8211;&nbsp;Ri\u0146\u0137u skaits: <span>26<\/span><\/p>\n<\/div>\n<div>\n<p>&nbsp;&#8211;&nbsp;Transp.garums (m): <span>1.36<\/span><\/p>\n<\/div>\n<p>&nbsp;<\/p>\n","protected":false},"excerpt":{"rendered":"<p>&nbsp;&#8211;&nbsp;Ra\u017eot\u0101js: Shimano &nbsp;&#8211;&nbsp;Garums (m): 3.90 &#8211; Rokturis: kor\u0137is + EVA &#8211; Ri\u0146\u0137u materi\u0101ls: Shimano Hardlite ner\u016bs\u0113jo&scaron;a t\u0113rauda &#8211; Materi\u0101ls: XT 60 + NANO &nbsp;&#8211;&nbsp;Tests (g) l\u012bdz: 120 &nbsp;&#8211;&nbsp;Svars (g): 305 &nbsp;&#8211;&nbsp;Ri\u0146\u0137u skaits: 26 &nbsp;&#8211;&nbsp;Transp.garums (m): 1.36 &nbsp;<\/p>\n","protected":false},"featured_media":74030,"template":"","meta":[],"product_brand":[3371],"product_cat":[4538,4540,4545],"product_tag":[],"class_list":{"0":"post-79771","1":"product","2":"type-product","3":"status-publish","4":"has-post-thumbnail","6":"product_brand-shimano","7":"product_cat-fishing-equipment-recreation","8":"product_cat-fishing-rods-fishing-equipment-recreation","9":"product_cat-feeder-and-picker-rods-fishing-rods-fishing-equipment-recreation","11":"first","12":"instock","13":"shipping-taxable","14":"purchasable","15":"product-type-simple"},"_links":{"self":[{"href":"https:\/\/sezona.lv\/en\/wp-json\/wp\/v2\/product\/79771","targetHints":{"allow":["GET"]}}],"collection":[{"href":"https:\/\/sezona.lv\/en\/wp-json\/wp\/v2\/product"}],"about":[{"href":"https:\/\/sezona.lv\/en\/wp-json\/wp\/v2\/types\/product"}],"wp:featuredmedia":[{"embeddable":true,"href":"https:\/\/sezona.lv\/en\/wp-json\/wp\/v2\/media\/74030"}],"wp:attachment":[{"href":"https:\/\/sezona.lv\/en\/wp-json\/wp\/v2\/media?parent=79771"}],"wp:term":[{"taxonomy":"product_brand","embeddable":true,"href":"https:\/\/sezona.lv\/en\/wp-json\/wp\/v2\/product_brand?post=79771"},{"taxonomy":"product_cat","embeddable":true,"href":"https:\/\/sezona.lv\/en\/wp-json\/wp\/v2\/product_cat?post=79771"},{"taxonomy":"product_tag","embeddable":true,"href":"https:\/\/sezona.lv\/en\/wp-json\/wp\/v2\/product_tag?post=79771"}],"curies":[{"name":"wp","href":"https:\/\/api.w.org\/{rel}","templated":true}]}}