{"id":79773,"date":"2025-07-14T15:45:43","date_gmt":"2025-07-14T12:45:43","guid":{"rendered":"https:\/\/demo8.ecube.lv\/sezona.lv\/products\/shimano-makskere-aernos-ax-feeder-14-150g\/"},"modified":"2025-07-14T15:45:43","modified_gmt":"2025-07-14T12:45:43","slug":"shimano-makskere-aernos-ax-feeder-14-150g","status":"publish","type":"product","link":"https:\/\/sezona.lv\/en\/products\/shimano-makskere-aernos-ax-feeder-14-150g\/","title":{"rendered":"Shimano mak\u0161\u0137ere AERNOS AX FEEDER 14&#8242; 150g"},"content":{"rendered":"<div>\n<p>&nbsp;&#8211;&nbsp;Ra\u017eot\u0101js: <span> Shimano <\/span><\/p>\n<\/div>\n<div>\n<p>&nbsp;&#8211;&nbsp;Garums (m): <span>4.27<\/span><\/p>\n<p><span>&#8211; Materi\u0101ls: <\/span><span>XT 60 + NANO<\/span><\/p>\n<\/div>\n<div>\n<p>&nbsp;&#8211;&nbsp;Tests (g) l\u012bdz: <span>150<\/span><\/p>\n<\/div>\n<div>\n<p>&nbsp;&#8211;&nbsp;Svars (g): 384<\/p>\n<\/div>\n<div>\n<p><span>&#8211; Sekcijas: 4<br \/><\/span><\/p>\n<\/div>\n<div>\n<p>&nbsp;&#8211;&nbsp;Transp.garums (m): <span>1.47<\/span><\/p>\n<\/div>\n<div>\n<p>&nbsp;<\/p>\n<\/div>\n<p>&nbsp;<\/p>\n","protected":false},"excerpt":{"rendered":"<p>&nbsp;&#8211;&nbsp;Ra\u017eot\u0101js: Shimano &nbsp;&#8211;&nbsp;Garums (m): 4.27 &#8211; Materi\u0101ls: XT 60 + NANO &nbsp;&#8211;&nbsp;Tests (g) l\u012bdz: 150 &nbsp;&#8211;&nbsp;Svars (g): 384 &#8211; Sekcijas: 4 &nbsp;&#8211;&nbsp;Transp.garums (m): 1.47 &nbsp; &nbsp;<\/p>\n","protected":false},"featured_media":0,"template":"","meta":[],"product_brand":[3371],"product_cat":[4538,4540,4545,4640],"product_tag":[],"class_list":{"0":"post-79773","1":"product","2":"type-product","3":"status-publish","5":"product_brand-shimano","6":"product_cat-fishing-equipment-recreation","7":"product_cat-fishing-rods-fishing-equipment-recreation","8":"product_cat-feeder-and-picker-rods-fishing-rods-fishing-equipment-recreation","9":"product_cat-recreation","11":"first","12":"instock","13":"shipping-taxable","14":"purchasable","15":"product-type-simple"},"_links":{"self":[{"href":"https:\/\/sezona.lv\/en\/wp-json\/wp\/v2\/product\/79773","targetHints":{"allow":["GET"]}}],"collection":[{"href":"https:\/\/sezona.lv\/en\/wp-json\/wp\/v2\/product"}],"about":[{"href":"https:\/\/sezona.lv\/en\/wp-json\/wp\/v2\/types\/product"}],"wp:attachment":[{"href":"https:\/\/sezona.lv\/en\/wp-json\/wp\/v2\/media?parent=79773"}],"wp:term":[{"taxonomy":"product_brand","embeddable":true,"href":"https:\/\/sezona.lv\/en\/wp-json\/wp\/v2\/product_brand?post=79773"},{"taxonomy":"product_cat","embeddable":true,"href":"https:\/\/sezona.lv\/en\/wp-json\/wp\/v2\/product_cat?post=79773"},{"taxonomy":"product_tag","embeddable":true,"href":"https:\/\/sezona.lv\/en\/wp-json\/wp\/v2\/product_tag?post=79773"}],"curies":[{"name":"wp","href":"https:\/\/api.w.org\/{rel}","templated":true}]}}