{"id":79788,"date":"2025-07-11T17:13:02","date_gmt":"2025-07-11T14:13:02","guid":{"rendered":"https:\/\/demo8.ecube.lv\/sezona.lv\/products\/shimano-spole-catana-c-3000-fd\/"},"modified":"2025-07-14T15:45:56","modified_gmt":"2025-07-14T12:45:56","slug":"shimano-spole-catana-c-3000-fd","status":"publish","type":"product","link":"https:\/\/sezona.lv\/en\/products\/shimano-spole-catana-c-3000-fd\/","title":{"rendered":"Shimano spole CATANA C 3000 FD"},"content":{"rendered":"<div id=\"cke_pastebin\">Catana jau daudzus gadus ir bijusi visvair\u0101k p\u0101rdot\u0101 spiningo&scaron;anas spole Eirop\u0101.&nbsp;<\/div>\n<div>&nbsp;<\/div>\n<div id=\"cke_pastebin\">Un tas nav nejau&scaron;i &#8211; Catana ir sp\u0113c\u012bga, iztur\u012bga, un uzticama spole par pie\u0146emamu cenu.&nbsp;<\/div>\n<div>&nbsp;<\/div>\n<div id=\"cke_pastebin\">Shimano Catana = bud\u017eeta klasika!<\/div>\n<div>&nbsp;<\/div>\n<div id=\"cke_pastebin\">Sal\u012bdzin\u0101jum\u0101 ar iepriek&scaron;\u0113jo s\u0113riju (FC), spolei  ir jauns, moderns  dizains. Spole ir nomain\u012bjusi sarkano kr\u0101su, pret  eleganti melno.&nbsp; T\u0101  grie\u017eas \u013coti gludi un klusi. Jaunaj\u0101 model\u012b ir  izdevies j\u016btami  palielin\u0101t spoles jaudu, sal\u012bdzin\u0101jum\u0101 ar FC modeli.  Tas viss padara  spoli v\u0113l sp\u0113c\u012bg\u0101ku, pievilc\u012bg\u0101ku un gatavu c\u012bn\u012bties ar  liel\u0101m ziv\u012bm!<\/div>\n<div>&nbsp;<\/div>\n<div id=\"cke_pastebin\">Catana var tikt izmantota daudzos mak&scaron;\u0137er\u0113&scaron;anas  veidos. Protams,  pirmk\u0101rt, pl\u0113s\u012bgo zivju spiningo&scaron;anai,&nbsp; bet t\u0101 ir ar\u012b  labi piem\u0113rota  pludi\u0146mak&scaron;\u0137er\u0113m un gruntsmak&scaron;\u0137er\u0113m. T\u0101 k\u0101 izm\u0113ru  diapazons tika  papildin\u0101ts ar HG versij\u0101m, spole ir v\u0113l daudzveid\u012bg\u0101ka  nek\u0101 iepriek&scaron;\u0113j\u0101  Catana paaudze!<\/div>\n<div>\n<div>\n<div>\n<div>\n<p>&#8211;&nbsp;Ra\u017eot\u0101js: <span> Shimano <\/span><\/p>\n<div>\n<p>&nbsp;&#8211;&nbsp;Tips: <span>Bezinerces<\/span><\/p>\n<\/div>\n<div>\n<p>&nbsp;&#8211;&nbsp;Svars (g.): 260<\/p>\n<\/div>\n<div>\n<p>&nbsp;&#8211;&nbsp;P\u0101rnesums: <span>5.0:1<\/span><\/p>\n<\/div>\n<div>\n<p>&nbsp;&#8211;&nbsp;Gult\u0146i: <span>2+1<\/span><\/p>\n<p><span>&#8211; Max. slodze: 8,5g<\/span><\/p>\n<p><span>&#8211; <\/span><span lang=\"EN-US\">m\/&oslash;mm:&nbsp; <\/span><span lang=\"EN-US\">0.25-210,0.30-130,0.35-100<\/span><\/p>\n<\/div>\n<\/div>\n<\/div>\n<\/div>\n<\/div>\n","protected":false},"excerpt":{"rendered":"<p>Catana jau daudzus gadus ir bijusi visvair\u0101k p\u0101rdot\u0101 spiningo&scaron;anas spole Eirop\u0101.&nbsp; &nbsp; Un tas nav nejau&scaron;i &#8211; Catana ir sp\u0113c\u012bga, iztur\u012bga, un uzticama spole par pie\u0146emamu cenu.&nbsp; &nbsp; Shimano Catana = bud\u017eeta klasika! &nbsp; Sal\u012bdzin\u0101jum\u0101 ar iepriek&scaron;\u0113jo s\u0113riju (FC), spolei ir jauns, moderns dizains. Spole ir nomain\u012bjusi sarkano kr\u0101su, pret eleganti melno.&nbsp; T\u0101 grie\u017eas \u013coti [&hellip;]<\/p>\n","protected":false},"featured_media":74051,"template":"","meta":[],"product_brand":[3371],"product_cat":[4538,4539,4541],"product_tag":[],"class_list":{"0":"post-79788","1":"product","2":"type-product","3":"status-publish","4":"has-post-thumbnail","6":"product_brand-shimano","7":"product_cat-fishing-equipment-recreation","8":"product_cat-reels-fishing-equipment-recreation","9":"product_cat-spinning-reels-reels-fishing-equipment-recreation","11":"first","12":"instock","13":"shipping-taxable","14":"purchasable","15":"product-type-simple"},"_links":{"self":[{"href":"https:\/\/sezona.lv\/en\/wp-json\/wp\/v2\/product\/79788","targetHints":{"allow":["GET"]}}],"collection":[{"href":"https:\/\/sezona.lv\/en\/wp-json\/wp\/v2\/product"}],"about":[{"href":"https:\/\/sezona.lv\/en\/wp-json\/wp\/v2\/types\/product"}],"wp:featuredmedia":[{"embeddable":true,"href":"https:\/\/sezona.lv\/en\/wp-json\/wp\/v2\/media\/74051"}],"wp:attachment":[{"href":"https:\/\/sezona.lv\/en\/wp-json\/wp\/v2\/media?parent=79788"}],"wp:term":[{"taxonomy":"product_brand","embeddable":true,"href":"https:\/\/sezona.lv\/en\/wp-json\/wp\/v2\/product_brand?post=79788"},{"taxonomy":"product_cat","embeddable":true,"href":"https:\/\/sezona.lv\/en\/wp-json\/wp\/v2\/product_cat?post=79788"},{"taxonomy":"product_tag","embeddable":true,"href":"https:\/\/sezona.lv\/en\/wp-json\/wp\/v2\/product_tag?post=79788"}],"curies":[{"name":"wp","href":"https:\/\/api.w.org\/{rel}","templated":true}]}}