{"id":79791,"date":"2025-07-14T15:45:58","date_gmt":"2025-07-14T12:45:58","guid":{"rendered":"https:\/\/demo8.ecube.lv\/sezona.lv\/products\/shimano-spole-nexave-8000-fe\/"},"modified":"2025-07-14T15:45:58","modified_gmt":"2025-07-14T12:45:58","slug":"shimano-spole-nexave-8000-fe","status":"publish","type":"product","link":"https:\/\/sezona.lv\/en\/products\/shimano-spole-nexave-8000-fe\/","title":{"rendered":"Shimano spole NEXAVE 8000 FE"},"content":{"rendered":"<p>Shimano spo\u013cu s\u0113rija Nexave FE &#8211; t\u0101 ir atjaunin\u0101ta un uzlabota no iepriek&scaron;\u0113j\u0101s , popul\u0101r\u0101s spo\u013cu s\u0113rijas Nexave FD!<br \/> &Scaron;\u012b spo\u013cu s\u0113rija ir paredz\u0113ta k\u0101 ikdienas copei, t\u0101 trofejzivju   vilk&scaron;anai! Pateicoties lieliski nostr\u0101d\u0101tajiem gult\u0146iem, spole str\u0101d\u0101   \u013coti vienm\u0113r\u012bgi un labi. Spoles bremzi var pieregul\u0113t \u013coti prec\u012bzi,   t\u0101p\u0113c spole tiks gal\u0101 ar\u012b, ja gal\u0101 b\u016bs trofejzivs! &Scaron;\u012b ir uzticama un   laba spole, par sapr\u0101t\u012bgu cenu! \u013boti laba spole ies\u0101c\u0113jiem, lai sajustu,   ko noz\u012bm\u0113 Shimano.<\/p>\n<div>\n<p>&#8211;&nbsp;Ra\u017eot\u0101js: <span> Shimano <\/span><\/p>\n<div>\n<p>&nbsp;&#8211;&nbsp;Svars (g.): 580<\/p>\n<\/div>\n<div>\n<p>&nbsp;&#8211;&nbsp;P\u0101rnesums: <span>4.9:1<\/span><\/p>\n<\/div>\n<div>\n<p>&nbsp;&#8211; Lod\u012b&scaron;u gult\u0146i: 3 S SUS + 1 RB<\/p>\n<p><span>&#8211; <\/span><span lang=\"EN-US\">Auklas ietilp\u012bba m\/&oslash;mm:&nbsp; <\/span>0.40-200<\/p>\n<\/div>\n<\/div>\n","protected":false},"excerpt":{"rendered":"<p>Shimano spo\u013cu s\u0113rija Nexave FE &#8211; t\u0101 ir atjaunin\u0101ta un uzlabota no iepriek&scaron;\u0113j\u0101s , popul\u0101r\u0101s spo\u013cu s\u0113rijas Nexave FD! &Scaron;\u012b spo\u013cu s\u0113rija ir paredz\u0113ta k\u0101 ikdienas copei, t\u0101 trofejzivju vilk&scaron;anai! Pateicoties lieliski nostr\u0101d\u0101tajiem gult\u0146iem, spole str\u0101d\u0101 \u013coti vienm\u0113r\u012bgi un labi. Spoles bremzi var pieregul\u0113t \u013coti prec\u012bzi, t\u0101p\u0113c spole tiks gal\u0101 ar\u012b, ja gal\u0101 b\u016bs trofejzivs! [&hellip;]<\/p>\n","protected":false},"featured_media":0,"template":"","meta":[],"product_brand":[3371],"product_cat":[4538,4539,4541,4640],"product_tag":[],"class_list":{"0":"post-79791","1":"product","2":"type-product","3":"status-publish","5":"product_brand-shimano","6":"product_cat-fishing-equipment-recreation","7":"product_cat-reels-fishing-equipment-recreation","8":"product_cat-spinning-reels-reels-fishing-equipment-recreation","9":"product_cat-recreation","11":"first","12":"instock","13":"shipping-taxable","14":"purchasable","15":"product-type-simple"},"_links":{"self":[{"href":"https:\/\/sezona.lv\/en\/wp-json\/wp\/v2\/product\/79791","targetHints":{"allow":["GET"]}}],"collection":[{"href":"https:\/\/sezona.lv\/en\/wp-json\/wp\/v2\/product"}],"about":[{"href":"https:\/\/sezona.lv\/en\/wp-json\/wp\/v2\/types\/product"}],"wp:attachment":[{"href":"https:\/\/sezona.lv\/en\/wp-json\/wp\/v2\/media?parent=79791"}],"wp:term":[{"taxonomy":"product_brand","embeddable":true,"href":"https:\/\/sezona.lv\/en\/wp-json\/wp\/v2\/product_brand?post=79791"},{"taxonomy":"product_cat","embeddable":true,"href":"https:\/\/sezona.lv\/en\/wp-json\/wp\/v2\/product_cat?post=79791"},{"taxonomy":"product_tag","embeddable":true,"href":"https:\/\/sezona.lv\/en\/wp-json\/wp\/v2\/product_tag?post=79791"}],"curies":[{"name":"wp","href":"https:\/\/api.w.org\/{rel}","templated":true}]}}