{"id":79793,"date":"2025-07-14T15:46:00","date_gmt":"2025-07-14T12:46:00","guid":{"rendered":"https:\/\/demo8.ecube.lv\/sezona.lv\/products\/shimano-spole-stella-2500-shgfj\/"},"modified":"2025-07-14T15:46:00","modified_gmt":"2025-07-14T12:46:00","slug":"shimano-spole-stella-2500-shgfj","status":"publish","type":"product","link":"https:\/\/sezona.lv\/en\/products\/shimano-spole-stella-2500-shgfj\/","title":{"rendered":"Shimano spole STELLA 2500 SHGFJ"},"content":{"rendered":"<p>Shimano Stella 2500SHGFJ ir 2018 gada jaunums un &scaron;\u012b spole ir jauns flagmanis, jauna virsotne, spo\u013cu ra\u017eo&scaron;an\u0101!<\/p>\n<p>Jaun\u0101 Shimano Stella, t\u0101 ir elites klases spole priek&scaron; izsmalcin\u0101tiem  mak&scaron;\u0137erniekiem, kuri no copes apr\u012bkojuma sagaida maksim\u0101lu komfortu!<\/p>\n<p>&#8211;&nbsp;Ra\u017eot\u0101js: <span> Shimano <\/span><\/p>\n<div>\n<p>&nbsp;&#8211;&nbsp;Svars (g.): 205<\/p>\n<\/div>\n<div>\n<p>&nbsp;&#8211;&nbsp;P\u0101rnesums: <span>6.1:1<\/span><\/p>\n<\/div>\n<p>&nbsp;-Lod\u012b&scaron;u gult\u0146i: 12+1<\/p>\n<p>&#8211; Maksim\u0101l\u0101 jauda: 5kg<\/p>\n<p>-Iet\u012btais auklas garums ar veinu roktura apgriezienu cm: 89<strong><\/strong><\/p>\n<p>&#8211; Auklas ietilp\u012bba mm\/m: 0.16-150,0.18-120,0.20-95<\/p>\n","protected":false},"excerpt":{"rendered":"<p>Shimano Stella 2500SHGFJ ir 2018 gada jaunums un &scaron;\u012b spole ir jauns flagmanis, jauna virsotne, spo\u013cu ra\u017eo&scaron;an\u0101! Jaun\u0101 Shimano Stella, t\u0101 ir elites klases spole priek&scaron; izsmalcin\u0101tiem mak&scaron;\u0137erniekiem, kuri no copes apr\u012bkojuma sagaida maksim\u0101lu komfortu! &#8211;&nbsp;Ra\u017eot\u0101js: Shimano &nbsp;&#8211;&nbsp;Svars (g.): 205 &nbsp;&#8211;&nbsp;P\u0101rnesums: 6.1:1 &nbsp;-Lod\u012b&scaron;u gult\u0146i: 12+1 &#8211; Maksim\u0101l\u0101 jauda: 5kg -Iet\u012btais auklas garums ar veinu roktura [&hellip;]<\/p>\n","protected":false},"featured_media":0,"template":"","meta":[],"product_brand":[3371],"product_cat":[4538,4539,4541,4640],"product_tag":[],"class_list":{"0":"post-79793","1":"product","2":"type-product","3":"status-publish","5":"product_brand-shimano","6":"product_cat-fishing-equipment-recreation","7":"product_cat-reels-fishing-equipment-recreation","8":"product_cat-spinning-reels-reels-fishing-equipment-recreation","9":"product_cat-recreation","11":"first","12":"instock","13":"shipping-taxable","14":"purchasable","15":"product-type-simple"},"_links":{"self":[{"href":"https:\/\/sezona.lv\/en\/wp-json\/wp\/v2\/product\/79793","targetHints":{"allow":["GET"]}}],"collection":[{"href":"https:\/\/sezona.lv\/en\/wp-json\/wp\/v2\/product"}],"about":[{"href":"https:\/\/sezona.lv\/en\/wp-json\/wp\/v2\/types\/product"}],"wp:attachment":[{"href":"https:\/\/sezona.lv\/en\/wp-json\/wp\/v2\/media?parent=79793"}],"wp:term":[{"taxonomy":"product_brand","embeddable":true,"href":"https:\/\/sezona.lv\/en\/wp-json\/wp\/v2\/product_brand?post=79793"},{"taxonomy":"product_cat","embeddable":true,"href":"https:\/\/sezona.lv\/en\/wp-json\/wp\/v2\/product_cat?post=79793"},{"taxonomy":"product_tag","embeddable":true,"href":"https:\/\/sezona.lv\/en\/wp-json\/wp\/v2\/product_tag?post=79793"}],"curies":[{"name":"wp","href":"https:\/\/api.w.org\/{rel}","templated":true}]}}