{"id":79795,"date":"2025-07-11T17:13:10","date_gmt":"2025-07-11T14:13:10","guid":{"rendered":"https:\/\/demo8.ecube.lv\/sezona.lv\/products\/shimano-spole-stella-sw-8000-hgc\/"},"modified":"2025-07-14T15:46:02","modified_gmt":"2025-07-14T12:46:02","slug":"shimano-spole-stella-sw-8000-hgc","status":"publish","type":"product","link":"https:\/\/sezona.lv\/en\/products\/shimano-spole-stella-sw-8000-hgc\/","title":{"rendered":"Shimano spole STELLA SW 8000 HGC"},"content":{"rendered":"<p>&#8211;&nbsp;Ra\u017eot\u0101js: <span> Shimano <\/span><\/p>\n<div>\n<p>&nbsp;&#8211;&nbsp;Svars (g.): 623<\/p>\n<\/div>\n<div>\n<p>&nbsp;&#8211;&nbsp;P\u0101rnesums: <span>5.6:1<\/span><\/p>\n<\/div>\n<p>&nbsp;-Lod\u012b&scaron;u gult\u0146i: 13+1<\/p>\n<p>&#8211; Maksim\u0101l\u0101 jauda: 25kg<\/p>\n<p>-Iet\u012btais auklas garums ar veinu roktura apgriezienu cm: 106<\/p>\n","protected":false},"excerpt":{"rendered":"<p>&#8211;&nbsp;Ra\u017eot\u0101js: Shimano &nbsp;&#8211;&nbsp;Svars (g.): 623 &nbsp;&#8211;&nbsp;P\u0101rnesums: 5.6:1 &nbsp;-Lod\u012b&scaron;u gult\u0146i: 13+1 &#8211; Maksim\u0101l\u0101 jauda: 25kg -Iet\u012btais auklas garums ar veinu roktura apgriezienu cm: 106<\/p>\n","protected":false},"featured_media":74054,"template":"","meta":[],"product_brand":[3371],"product_cat":[4538,4539,4541],"product_tag":[],"class_list":{"0":"post-79795","1":"product","2":"type-product","3":"status-publish","4":"has-post-thumbnail","6":"product_brand-shimano","7":"product_cat-fishing-equipment-recreation","8":"product_cat-reels-fishing-equipment-recreation","9":"product_cat-spinning-reels-reels-fishing-equipment-recreation","11":"first","12":"instock","13":"shipping-taxable","14":"purchasable","15":"product-type-simple"},"_links":{"self":[{"href":"https:\/\/sezona.lv\/en\/wp-json\/wp\/v2\/product\/79795","targetHints":{"allow":["GET"]}}],"collection":[{"href":"https:\/\/sezona.lv\/en\/wp-json\/wp\/v2\/product"}],"about":[{"href":"https:\/\/sezona.lv\/en\/wp-json\/wp\/v2\/types\/product"}],"wp:featuredmedia":[{"embeddable":true,"href":"https:\/\/sezona.lv\/en\/wp-json\/wp\/v2\/media\/74054"}],"wp:attachment":[{"href":"https:\/\/sezona.lv\/en\/wp-json\/wp\/v2\/media?parent=79795"}],"wp:term":[{"taxonomy":"product_brand","embeddable":true,"href":"https:\/\/sezona.lv\/en\/wp-json\/wp\/v2\/product_brand?post=79795"},{"taxonomy":"product_cat","embeddable":true,"href":"https:\/\/sezona.lv\/en\/wp-json\/wp\/v2\/product_cat?post=79795"},{"taxonomy":"product_tag","embeddable":true,"href":"https:\/\/sezona.lv\/en\/wp-json\/wp\/v2\/product_tag?post=79795"}],"curies":[{"name":"wp","href":"https:\/\/api.w.org\/{rel}","templated":true}]}}