{"id":79802,"date":"2025-07-14T15:46:08","date_gmt":"2025-07-14T12:46:08","guid":{"rendered":"https:\/\/demo8.ecube.lv\/sezona.lv\/products\/shimano-spole-vanquish-c5000-xgfb\/"},"modified":"2025-07-14T15:46:08","modified_gmt":"2025-07-14T12:46:08","slug":"shimano-spole-vanquish-c5000-xgfb","status":"publish","type":"product","link":"https:\/\/sezona.lv\/en\/products\/shimano-spole-vanquish-c5000-xgfb\/","title":{"rendered":"Shimano spole VANQUISH C5000 XGFB"},"content":{"rendered":"<p>Vanquish jaun\u0101 paaudze iemieso sev\u012b \u013coti vieglu svaru, lieliskas  metiena \u012bpa&scaron;\u012bbas un iztur\u012bbu. Vanquish s\u0113rijas spoles nu ir paliku&scaron;as  v\u0113l viegl\u0101kas pateicoties virknei uzlabojumu. Spolei ir Hagane materi\u0101la  korpuss, k\u0101 ar\u012b galvenie zobrati no &scaron;\u012b pa&scaron;a materi\u0101la. Hagane nodro&scaron;ina  \u013coti augstu iztur\u012bbu mezgliem, tai pat laik\u0101 nodro&scaron;inot \u013coti vieglu  svaru. Nav aizmirsts ar\u012b par aizsardz\u012bbu pret mitrumu un \u016bdens iek\u013c\u016b&scaron;anu  spoles iek&scaron;pus\u0113. Jaun\u0101 X Protect sist\u0113ma, kas sast\u0101v no speci\u0101l\u0101m  gumijas bl\u012bv\u0113m un kan\u0101liem, praktiski izsl\u0113dz iesp\u0113ju, ka spoles  iek&scaron;pus\u0113 var iek\u013c\u016bt \u016bdens. Zobrati ir veidoti ar Micromodule II  tehnolo\u0123iju, un pateicoties Silent Drive, spoles gaita ir \u013coti m\u012bksta,  nav nek\u0101du lieku vibr\u0101ciju. X-Ship pastiprina mezglu iztur\u012bbu, un nu  spolei ir 11 S AR-B sl\u0113gt\u0101 tipa gult\u0146i. Rotors nu ir jaunas formas un  atvieglots. Rotors grie\u017eas j\u016btami viegl\u0101k, un piedod spolei papildus  m\u012bkstu gaitu. Nav aizmirsts par metiena distanci. Vanquish ir AR-C tipa  spole, bet t\u0101 ir krietni augst\u0101ka, sal\u012bdzinot ar iepriek&scaron;\u0113j\u0101m. Attiec\u012bgi  aukla kl\u0101jas pla&scaron;\u0101k, un daudz br\u012bv\u0101k sl\u012bd nost no kasetes. Auklas  uzkl\u0101j\u0113j loci\u0146&scaron; ir veidots no viena gabala, tit\u0101na.<\/p>\n<p>&nbsp;<\/p>\n<p><strong>Hagane gear<\/strong>&nbsp;&ndash; galvenais zobratu p\u0101ris ir izgatavots  p\u0113c speci\u0101las tehnolo\u0123ijas, kur\u0101 met\u0101ls tiek saspiests ar 200 tonnu  sp\u0113ku, un p\u0113c tam l\u012bdz mikroniem sl\u012bp\u0113ts un pul\u0113ts. &Scaron;\u0101d\u0101 veid\u0101 galvenie  zobrati ir ar paaugstin\u0101tu iztur\u012bbu, turkl\u0101t nodro&scaron;ina \u013coti vieglu  gaitu.<\/p>\n<p><strong>Hagane body<\/strong>&nbsp;&ndash; spolei ir pastiprin\u0101ts met\u0101la korpus, kur&scaron; nodro&scaron;ina augstu iztur\u012bbu, k\u0101 ar\u012b iztur\u012bbu pret triecieniem.<\/p>\n<p><strong>Micromodule II <\/strong>&ndash; zobratu &ldquo;zobi&rdquo; ir veidoti maksim\u0101li  mazi, un daudz, attiec\u012bgi &scaron;\u0101d\u0101 veid\u0101 tiek pan\u0101kta daudz liel\u0101ka  iztur\u012bba, k\u0101 ar\u012b gaita ir \u013coti samtaina<\/p>\n<p><strong>Silent Drive<\/strong>&#8211; visas spoles deta\u013cas ir r\u016bp\u012bgi veidotas,  lai maksim\u0101li samazin\u0101tu da\u017e\u0101dus trok&scaron;\u0146us, ska\u0146as kuras var b\u016bt  lieto&scaron;anas gait\u0101. T\u0101dej\u0101di spole ir absol\u016bti klusa. Jaunas formas rotors  ar\u012b nerada papildus trok&scaron;\u0146us.<\/p>\n<p><strong>X Ship<\/strong>&nbsp;&ndash; tehnolo\u0123ija, kas dod papildus jaudu. Tiek  piemekl\u0113ts optim\u0101lais zobratu izvietojums, zobratu izm\u0113ri, lai sasniegtu  daudz lab\u0101ku izpild\u012bjumu.<\/p>\n<p><strong>MGL rotor&nbsp;<\/strong>&#8211; tehnolo\u0123iski uzlabots rotors. Ir main\u012bta  auklas uzkl\u0101j\u0113jloci\u0146a men\u0101nisma atra&scaron;an\u0101s vieta. Pateicoties svara  samazin\u0101&scaron;anai, rotora biezuma korekcijai un auklas loci\u0146am ir samazin\u0101ta  inerce par 14%<\/p>\n<p><strong>X Protect<\/strong>&nbsp;&ndash; sist\u0113ma, kas aizsarg\u0101 pret \u016bdens iek\u013c\u016b&scaron;anu  spoles iek&scaron;pus\u0113. Pateicoties speci\u0101lai konstrukcijai, k\u0101 ar\u012b speci\u0101las  sm\u0113rvielas izmanto&scaron;anai, tiek sasniegts maksim\u0101ls efekts, kur&scaron; ir  ekvivalents IPX8 standartam. Spole ir dro&scaron;i pasarg\u0101ta no \u016bdens  iek\u013c\u016b&scaron;anas iek&scaron;pus\u0113.<\/p>\n<p><strong>AR-C<\/strong>&#8211; auklas kasete ir atvieglota, tai pat laik\u0101,  speci\u0101las formas kasetes borti sekm\u0113 daudz br\u012bv\u0101ku auklas not\u012b&scaron;anos,  attiec\u012bgi metiena att\u0101lums palielin\u0101s<\/p>\n<p align=\"left\"><strong>S A-RB<\/strong>&#8211; speci\u0101li gult\u0146i, kurus var izmantot ar\u012b s\u0101ls\u016bden\u012b, un kuri ir aizsarg\u0101ti pret r\u016bsu un koroziju<\/p>\n<p align=\"left\"><strong>One piece bail<\/strong>&#8211; auklas uzkl\u0101j\u0113j loci\u0146&scaron; ir veidots p\u0113c aukst\u0101s kal&scaron;anas metodes, un ir \u013coti iztur\u012bgs un ciets. Loci\u0146&scaron; ir veidots viengabalains.<\/p>\n<p align=\"left\"><strong>Saltwater&nbsp;<\/strong>&ndash; spoli var lietot s\u0101ls\u016bden\u012b, pateicoties S  A-RB gult\u0146iem, un X Protect sist\u0113mai. P\u0113c spoles izmanto&scaron;anas s\u0101ls\u016bden\u012b,  spoli ir ieteicams noskalot sald\u016bden\u012b<\/p>\n<p align=\"left\">&#8211; Ra\u017eot\u0101js: Shimano<\/p>\n<p align=\"left\">&#8211; Gult\u0146i: 11 S AR-B + 1RB<\/p>\n<p align=\"left\">&#8211; Svars: 220g<\/p>\n<p align=\"left\">&#8211; Zobratu attiec\u012bba: 6.2:1<\/p>\n<p align=\"left\">&#8211; Auklas uzt\u012b&scaron;ana 1 apgriezien\u0101 (cm): 101<\/p>\n<p align=\"left\">&#8211; Kasetes ietilp\u012bba (mm\/m): 0.30-240\/0.35-175\/0.40-120<\/p>\n<p align=\"left\">&#8211; Max drag: 11kg<\/p>\n<p>&nbsp;<\/p>\n<p>&nbsp;<\/p>\n<p>&nbsp;<\/p>\n","protected":false},"excerpt":{"rendered":"<p>Vanquish jaun\u0101 paaudze iemieso sev\u012b \u013coti vieglu svaru, lieliskas metiena \u012bpa&scaron;\u012bbas un iztur\u012bbu. Vanquish s\u0113rijas spoles nu ir paliku&scaron;as v\u0113l viegl\u0101kas pateicoties virknei uzlabojumu. Spolei ir Hagane materi\u0101la korpuss, k\u0101 ar\u012b galvenie zobrati no &scaron;\u012b pa&scaron;a materi\u0101la. Hagane nodro&scaron;ina \u013coti augstu iztur\u012bbu mezgliem, tai pat laik\u0101 nodro&scaron;inot \u013coti vieglu svaru. Nav aizmirsts ar\u012b par aizsardz\u012bbu [&hellip;]<\/p>\n","protected":false},"featured_media":0,"template":"","meta":[],"product_brand":[3371],"product_cat":[4538,4539,4541,4640],"product_tag":[],"class_list":{"0":"post-79802","1":"product","2":"type-product","3":"status-publish","5":"product_brand-shimano","6":"product_cat-fishing-equipment-recreation","7":"product_cat-reels-fishing-equipment-recreation","8":"product_cat-spinning-reels-reels-fishing-equipment-recreation","9":"product_cat-recreation","11":"first","12":"instock","13":"shipping-taxable","14":"purchasable","15":"product-type-simple"},"_links":{"self":[{"href":"https:\/\/sezona.lv\/en\/wp-json\/wp\/v2\/product\/79802","targetHints":{"allow":["GET"]}}],"collection":[{"href":"https:\/\/sezona.lv\/en\/wp-json\/wp\/v2\/product"}],"about":[{"href":"https:\/\/sezona.lv\/en\/wp-json\/wp\/v2\/types\/product"}],"wp:attachment":[{"href":"https:\/\/sezona.lv\/en\/wp-json\/wp\/v2\/media?parent=79802"}],"wp:term":[{"taxonomy":"product_brand","embeddable":true,"href":"https:\/\/sezona.lv\/en\/wp-json\/wp\/v2\/product_brand?post=79802"},{"taxonomy":"product_cat","embeddable":true,"href":"https:\/\/sezona.lv\/en\/wp-json\/wp\/v2\/product_cat?post=79802"},{"taxonomy":"product_tag","embeddable":true,"href":"https:\/\/sezona.lv\/en\/wp-json\/wp\/v2\/product_tag?post=79802"}],"curies":[{"name":"wp","href":"https:\/\/api.w.org\/{rel}","templated":true}]}}