{"id":79805,"date":"2025-07-14T15:46:11","date_gmt":"2025-07-14T12:46:11","guid":{"rendered":"https:\/\/demo8.ecube.lv\/sezona.lv\/products\/shimano-spinings-aernos-ax-8-6-xxh-45-135g\/"},"modified":"2025-07-14T15:46:11","modified_gmt":"2025-07-14T12:46:11","slug":"shimano-spinings-aernos-ax-8-6-xxh-45-135g","status":"publish","type":"product","link":"https:\/\/sezona.lv\/en\/products\/shimano-spinings-aernos-ax-8-6-xxh-45-135g\/","title":{"rendered":"Shimano spinings AERNOS AX 8&#8217;6&#8221; XXH 45-135g"},"content":{"rendered":"<p>&#8211; Ra\u017eot\u0101js: Shimano<\/p>\n<p>&#8211; Garums 2.59 m<\/p>\n<div class=\"product-shop col-sm-7 col-md-87 col-sms-8 col-smb-12\">\n<div class=\"short-description\">\n<div class=\"std\">\n<p>&#8211; Tests: 45-135 gr<\/p>\n<p>&#8211; Sekciju skaits: 2<\/p>\n<p>&#8211; Transport\u0113&scaron;anas garums: 1,33m<\/p>\n<\/div>\n<div class=\"std\">\n<p>&#8211; Svars: 216g<\/p>\n<p>&#8211; Gredzenu skaits: 9<\/p>\n<\/div>\n<\/div>\n<\/div>\n<p>&nbsp;<\/p>\n<div class=\"ma-main-container col2-right-layout\">\n<div class=\"container\">\n<div class=\"main\">\n<div class=\"main-inner\">\n<div class=\"row\">\n<div class=\"col-main col-xs-12 col-sm-9\"><\/div>\n<\/div>\n<\/div>\n<\/div>\n<\/div>\n<\/div>\n<div class=\"ma-main-container col2-right-layout\">\n<div class=\"container\"><\/div>\n<\/div>\n","protected":false},"excerpt":{"rendered":"<p>&#8211; Ra\u017eot\u0101js: Shimano &#8211; Garums 2.59 m &#8211; Tests: 45-135 gr &#8211; Sekciju skaits: 2 &#8211; Transport\u0113&scaron;anas garums: 1,33m &#8211; Svars: 216g &#8211; Gredzenu skaits: 9 &nbsp;<\/p>\n","protected":false},"featured_media":0,"template":"","meta":[],"product_brand":[3371],"product_cat":[4538,4540,4551,4640],"product_tag":[],"class_list":{"0":"post-79805","1":"product","2":"type-product","3":"status-publish","5":"product_brand-shimano","6":"product_cat-fishing-equipment-recreation","7":"product_cat-fishing-rods-fishing-equipment-recreation","8":"product_cat-spin-fishing-rods-fishing-rods-fishing-equipment-recreation","9":"product_cat-recreation","11":"first","12":"instock","13":"shipping-taxable","14":"purchasable","15":"product-type-simple"},"_links":{"self":[{"href":"https:\/\/sezona.lv\/en\/wp-json\/wp\/v2\/product\/79805","targetHints":{"allow":["GET"]}}],"collection":[{"href":"https:\/\/sezona.lv\/en\/wp-json\/wp\/v2\/product"}],"about":[{"href":"https:\/\/sezona.lv\/en\/wp-json\/wp\/v2\/types\/product"}],"wp:attachment":[{"href":"https:\/\/sezona.lv\/en\/wp-json\/wp\/v2\/media?parent=79805"}],"wp:term":[{"taxonomy":"product_brand","embeddable":true,"href":"https:\/\/sezona.lv\/en\/wp-json\/wp\/v2\/product_brand?post=79805"},{"taxonomy":"product_cat","embeddable":true,"href":"https:\/\/sezona.lv\/en\/wp-json\/wp\/v2\/product_cat?post=79805"},{"taxonomy":"product_tag","embeddable":true,"href":"https:\/\/sezona.lv\/en\/wp-json\/wp\/v2\/product_tag?post=79805"}],"curies":[{"name":"wp","href":"https:\/\/api.w.org\/{rel}","templated":true}]}}