{"id":79808,"date":"2025-07-14T15:46:14","date_gmt":"2025-07-14T12:46:14","guid":{"rendered":"https:\/\/demo8.ecube.lv\/sezona.lv\/products\/shimano-spole-big-baitrunner-ci4-xt-b-lc\/"},"modified":"2025-07-14T15:46:14","modified_gmt":"2025-07-14T12:46:14","slug":"shimano-spole-big-baitrunner-ci4-xt-b-lc","status":"publish","type":"product","link":"https:\/\/sezona.lv\/en\/products\/shimano-spole-big-baitrunner-ci4-xt-b-lc\/","title":{"rendered":"Shimano spole BIG BAITRUNNER CI4 XT-B LC"},"content":{"rendered":"<div>\n<p>&nbsp;&#8211;&nbsp;Ra\u017eot\u0101js: <span> Shimano <\/span><\/p>\n<\/div>\n<div>\n<p>&nbsp;&#8211; Tests:20kg<\/p>\n<\/div>\n<div>\n<p>&nbsp;&#8211;&nbsp;Svars (g.): <span>640<\/span><\/p>\n<\/div>\n<div>\n<p>&nbsp;&#8211;&nbsp;P\u0101rnesums:4<span>.6:1<\/span><\/p>\n<\/div>\n<div>\n<p>&nbsp;&#8211;&nbsp;Gult\u0146i: <span class=\"a-list-item\">6+1<\/span><\/p>\n<p><span class=\"a-list-item\">&nbsp;&#8211; mm\/m: <\/span>0.35-550,0.40-400,0.45-300<\/p>\n<\/div>\n<p>&nbsp;<\/p>\n<p>&nbsp;<\/p>\n","protected":false},"excerpt":{"rendered":"<p>&nbsp;&#8211;&nbsp;Ra\u017eot\u0101js: Shimano &nbsp;&#8211; Tests:20kg &nbsp;&#8211;&nbsp;Svars (g.): 640 &nbsp;&#8211;&nbsp;P\u0101rnesums:4.6:1 &nbsp;&#8211;&nbsp;Gult\u0146i: 6+1 &nbsp;&#8211; mm\/m: 0.35-550,0.40-400,0.45-300 &nbsp; &nbsp;<\/p>\n","protected":false},"featured_media":0,"template":"","meta":[],"product_brand":[3371],"product_cat":[4538,4539,4542,4640],"product_tag":[],"class_list":{"0":"post-79808","1":"product","2":"type-product","3":"status-publish","5":"product_brand-shimano","6":"product_cat-fishing-equipment-recreation","7":"product_cat-reels-fishing-equipment-recreation","8":"product_cat-baitcasting-reels-reels-fishing-equipment-recreation","9":"product_cat-recreation","11":"first","12":"instock","13":"shipping-taxable","14":"purchasable","15":"product-type-simple"},"_links":{"self":[{"href":"https:\/\/sezona.lv\/en\/wp-json\/wp\/v2\/product\/79808","targetHints":{"allow":["GET"]}}],"collection":[{"href":"https:\/\/sezona.lv\/en\/wp-json\/wp\/v2\/product"}],"about":[{"href":"https:\/\/sezona.lv\/en\/wp-json\/wp\/v2\/types\/product"}],"wp:attachment":[{"href":"https:\/\/sezona.lv\/en\/wp-json\/wp\/v2\/media?parent=79808"}],"wp:term":[{"taxonomy":"product_brand","embeddable":true,"href":"https:\/\/sezona.lv\/en\/wp-json\/wp\/v2\/product_brand?post=79808"},{"taxonomy":"product_cat","embeddable":true,"href":"https:\/\/sezona.lv\/en\/wp-json\/wp\/v2\/product_cat?post=79808"},{"taxonomy":"product_tag","embeddable":true,"href":"https:\/\/sezona.lv\/en\/wp-json\/wp\/v2\/product_tag?post=79808"}],"curies":[{"name":"wp","href":"https:\/\/api.w.org\/{rel}","templated":true}]}}