{"id":79809,"date":"2025-07-14T15:46:14","date_gmt":"2025-07-14T12:46:14","guid":{"rendered":"https:\/\/demo8.ecube.lv\/sezona.lv\/products\/shimano-spinings-zodias-casting-172-h2\/"},"modified":"2025-07-14T15:46:14","modified_gmt":"2025-07-14T12:46:14","slug":"shimano-spinings-zodias-casting-172-h2","status":"publish","type":"product","link":"https:\/\/sezona.lv\/en\/products\/shimano-spinings-zodias-casting-172-h2\/","title":{"rendered":"Shimano spinings ZODIAS CASTING 172 H2"},"content":{"rendered":"<p>&#8211;&nbsp;Ra\u017eot\u0101js: <span> Shimano <\/span><\/p>\n<div>\n<p>&nbsp;&#8211; Roktura materi\u0101ls: EVA<\/p>\n<p>&#8211; Materi\u0101ls: Hi-Power X construction<\/p>\n<\/div>\n<div>\n<p>&nbsp;&#8211;&nbsp;Garums (m): <span>2.18<\/span><\/p>\n<p><span>&#8211; Gredzenu skaits: 9<br \/><\/span><\/p>\n<\/div>\n<div>\n<p>&nbsp;&#8211;&nbsp;Tests (g) no: <span>14<\/span><\/p>\n<\/div>\n<div>\n<p>&nbsp;&#8211;&nbsp;Tests (g) l\u012bdz: <span>42<\/span><\/p>\n<\/div>\n<div>\n<p>&nbsp;&#8211;&nbsp;Svars (g): <span>127<\/span><\/p>\n<\/div>\n<div>\n<p>&nbsp;&#8211;&nbsp;Sekcijas skaits: <span>2<\/span><\/p>\n<\/div>\n<div>\n<p>&nbsp;&#8211;&nbsp;Transp.garums (m): <span>1.12<\/span><\/p>\n<\/div>\n<p>&nbsp;&#8211; Gredzeni: Fuji<\/p>\n","protected":false},"excerpt":{"rendered":"<p>&#8211;&nbsp;Ra\u017eot\u0101js: Shimano &nbsp;&#8211; Roktura materi\u0101ls: EVA &#8211; Materi\u0101ls: Hi-Power X construction &nbsp;&#8211;&nbsp;Garums (m): 2.18 &#8211; Gredzenu skaits: 9 &nbsp;&#8211;&nbsp;Tests (g) no: 14 &nbsp;&#8211;&nbsp;Tests (g) l\u012bdz: 42 &nbsp;&#8211;&nbsp;Svars (g): 127 &nbsp;&#8211;&nbsp;Sekcijas skaits: 2 &nbsp;&#8211;&nbsp;Transp.garums (m): 1.12 &nbsp;&#8211; Gredzeni: Fuji<\/p>\n","protected":false},"featured_media":0,"template":"","meta":[],"product_brand":[3371],"product_cat":[4538,4540,4551,4640],"product_tag":[],"class_list":{"0":"post-79809","1":"product","2":"type-product","3":"status-publish","5":"product_brand-shimano","6":"product_cat-fishing-equipment-recreation","7":"product_cat-fishing-rods-fishing-equipment-recreation","8":"product_cat-spin-fishing-rods-fishing-rods-fishing-equipment-recreation","9":"product_cat-recreation","11":"first","12":"instock","13":"shipping-taxable","14":"purchasable","15":"product-type-simple"},"_links":{"self":[{"href":"https:\/\/sezona.lv\/en\/wp-json\/wp\/v2\/product\/79809","targetHints":{"allow":["GET"]}}],"collection":[{"href":"https:\/\/sezona.lv\/en\/wp-json\/wp\/v2\/product"}],"about":[{"href":"https:\/\/sezona.lv\/en\/wp-json\/wp\/v2\/types\/product"}],"wp:attachment":[{"href":"https:\/\/sezona.lv\/en\/wp-json\/wp\/v2\/media?parent=79809"}],"wp:term":[{"taxonomy":"product_brand","embeddable":true,"href":"https:\/\/sezona.lv\/en\/wp-json\/wp\/v2\/product_brand?post=79809"},{"taxonomy":"product_cat","embeddable":true,"href":"https:\/\/sezona.lv\/en\/wp-json\/wp\/v2\/product_cat?post=79809"},{"taxonomy":"product_tag","embeddable":true,"href":"https:\/\/sezona.lv\/en\/wp-json\/wp\/v2\/product_tag?post=79809"}],"curies":[{"name":"wp","href":"https:\/\/api.w.org\/{rel}","templated":true}]}}