{"id":79812,"date":"2025-07-11T17:13:36","date_gmt":"2025-07-11T14:13:36","guid":{"rendered":"https:\/\/demo8.ecube.lv\/sezona.lv\/products\/shimano-spinings-aernos-ax-casting-6-10-xh-28-84g\/"},"modified":"2025-07-14T15:46:17","modified_gmt":"2025-07-14T12:46:17","slug":"shimano-spinings-aernos-ax-casting-6-10-xh-28-84g","status":"publish","type":"product","link":"https:\/\/sezona.lv\/en\/products\/shimano-spinings-aernos-ax-casting-6-10-xh-28-84g\/","title":{"rendered":"Shimano spinings AERNOS AX CASTING 6&#8217;10&#8221; XH 28-84g"},"content":{"rendered":"<p>&#8211;&nbsp;Ra\u017eot\u0101js: <span> Shimano <\/span><\/p>\n<p><span>&#8211; Rokturis: <\/span><span>Split EVA grip<\/span><\/p>\n<p><span>&#8211; K\u0101ta materi\u0101ls: <\/span><span>XT 100 Carbon<\/span><\/p>\n<div>\n<p>&nbsp;&#8211;&nbsp;Garums (m): <span>2.08<\/span><\/p>\n<p><span>&#8211; Sekcijas: 1+1<\/span><\/p>\n<p><span>&#8211; Gredzenu skaits: 10<br \/><\/span><\/p>\n<\/div>\n<div>\n<p>&nbsp;&#8211;&nbsp;Tests (g) no: <span>28<\/span><\/p>\n<\/div>\n<div>\n<p>&nbsp;&#8211;&nbsp;Tests (g) l\u012bdz: <span>84<\/span><\/p>\n<\/div>\n<div>\n<p>&nbsp;&#8211;&nbsp;Svars (g): <span>136<\/span><\/p>\n<\/div>\n<div>\n<p>&nbsp;&#8211;&nbsp;Transp.garums (m): <span>1.75<\/span><\/p>\n<\/div>\n<div>\n<p>&nbsp;<\/p>\n<\/div>\n","protected":false},"excerpt":{"rendered":"<p>&#8211;&nbsp;Ra\u017eot\u0101js: Shimano &#8211; Rokturis: Split EVA grip &#8211; K\u0101ta materi\u0101ls: XT 100 Carbon &nbsp;&#8211;&nbsp;Garums (m): 2.08 &#8211; Sekcijas: 1+1 &#8211; Gredzenu skaits: 10 &nbsp;&#8211;&nbsp;Tests (g) no: 28 &nbsp;&#8211;&nbsp;Tests (g) l\u012bdz: 84 &nbsp;&#8211;&nbsp;Svars (g): 136 &nbsp;&#8211;&nbsp;Transp.garums (m): 1.75 &nbsp;<\/p>\n","protected":false},"featured_media":74109,"template":"","meta":[],"product_brand":[3371],"product_cat":[4538,4540,4551],"product_tag":[],"class_list":{"0":"post-79812","1":"product","2":"type-product","3":"status-publish","4":"has-post-thumbnail","6":"product_brand-shimano","7":"product_cat-fishing-equipment-recreation","8":"product_cat-fishing-rods-fishing-equipment-recreation","9":"product_cat-spin-fishing-rods-fishing-rods-fishing-equipment-recreation","11":"first","12":"instock","13":"shipping-taxable","14":"purchasable","15":"product-type-simple"},"_links":{"self":[{"href":"https:\/\/sezona.lv\/en\/wp-json\/wp\/v2\/product\/79812","targetHints":{"allow":["GET"]}}],"collection":[{"href":"https:\/\/sezona.lv\/en\/wp-json\/wp\/v2\/product"}],"about":[{"href":"https:\/\/sezona.lv\/en\/wp-json\/wp\/v2\/types\/product"}],"wp:featuredmedia":[{"embeddable":true,"href":"https:\/\/sezona.lv\/en\/wp-json\/wp\/v2\/media\/74109"}],"wp:attachment":[{"href":"https:\/\/sezona.lv\/en\/wp-json\/wp\/v2\/media?parent=79812"}],"wp:term":[{"taxonomy":"product_brand","embeddable":true,"href":"https:\/\/sezona.lv\/en\/wp-json\/wp\/v2\/product_brand?post=79812"},{"taxonomy":"product_cat","embeddable":true,"href":"https:\/\/sezona.lv\/en\/wp-json\/wp\/v2\/product_cat?post=79812"},{"taxonomy":"product_tag","embeddable":true,"href":"https:\/\/sezona.lv\/en\/wp-json\/wp\/v2\/product_tag?post=79812"}],"curies":[{"name":"wp","href":"https:\/\/api.w.org\/{rel}","templated":true}]}}