{"id":79818,"date":"2025-07-14T15:46:23","date_gmt":"2025-07-14T12:46:23","guid":{"rendered":"https:\/\/demo8.ecube.lv\/sezona.lv\/products\/shimano-spinings-expride-black-bass-266-l\/"},"modified":"2025-07-14T15:46:23","modified_gmt":"2025-07-14T12:46:23","slug":"shimano-spinings-expride-black-bass-266-l","status":"publish","type":"product","link":"https:\/\/sezona.lv\/en\/products\/shimano-spinings-expride-black-bass-266-l\/","title":{"rendered":"Shimano spinings EXPRIDE BLACK BASS 266 L"},"content":{"rendered":"<p>&#8211;&nbsp;Ra\u017eot\u0101js: <span> Shimano <\/span><\/p>\n<p><span>&#8211; Rokturis: EVA<\/span><\/p>\n<p><span>&#8211; Materi\u0101ls: <\/span><span>Hi-Power X + Taftec<\/span><\/p>\n<div>\n<p>&nbsp;&#8211;&nbsp;Garums (m): <span>1.98<\/span><\/p>\n<p><span>&#8211; Sekcijas: 2<br \/><\/span><\/p>\n<p><span>&#8211; Gredzenu skaits: 9<br \/><\/span><\/p>\n<\/div>\n<div>\n<p>&nbsp;&#8211;&nbsp;Tests (g) no: <span>3<\/span><\/p>\n<\/div>\n<div>\n<p>&nbsp;&#8211;&nbsp;Tests (g) l\u012bdz: <span>10<\/span><\/p>\n<\/div>\n<div>\n<p>&nbsp;&#8211;&nbsp;Svars (g): <span>102<\/span><\/p>\n<\/div>\n<div>\n<p>&nbsp;&#8211;&nbsp;Transp.garums (m): 1.02<\/p>\n<\/div>\n<div>\n<p>&nbsp;<\/p>\n<\/div>\n","protected":false},"excerpt":{"rendered":"<p>&#8211;&nbsp;Ra\u017eot\u0101js: Shimano &#8211; Rokturis: EVA &#8211; Materi\u0101ls: Hi-Power X + Taftec &nbsp;&#8211;&nbsp;Garums (m): 1.98 &#8211; Sekcijas: 2 &#8211; Gredzenu skaits: 9 &nbsp;&#8211;&nbsp;Tests (g) no: 3 &nbsp;&#8211;&nbsp;Tests (g) l\u012bdz: 10 &nbsp;&#8211;&nbsp;Svars (g): 102 &nbsp;&#8211;&nbsp;Transp.garums (m): 1.02 &nbsp;<\/p>\n","protected":false},"featured_media":0,"template":"","meta":[],"product_brand":[3371],"product_cat":[4538,4540,4551,4640],"product_tag":[],"class_list":{"0":"post-79818","1":"product","2":"type-product","3":"status-publish","5":"product_brand-shimano","6":"product_cat-fishing-equipment-recreation","7":"product_cat-fishing-rods-fishing-equipment-recreation","8":"product_cat-spin-fishing-rods-fishing-rods-fishing-equipment-recreation","9":"product_cat-recreation","11":"first","12":"instock","13":"shipping-taxable","14":"purchasable","15":"product-type-simple"},"_links":{"self":[{"href":"https:\/\/sezona.lv\/en\/wp-json\/wp\/v2\/product\/79818","targetHints":{"allow":["GET"]}}],"collection":[{"href":"https:\/\/sezona.lv\/en\/wp-json\/wp\/v2\/product"}],"about":[{"href":"https:\/\/sezona.lv\/en\/wp-json\/wp\/v2\/types\/product"}],"wp:attachment":[{"href":"https:\/\/sezona.lv\/en\/wp-json\/wp\/v2\/media?parent=79818"}],"wp:term":[{"taxonomy":"product_brand","embeddable":true,"href":"https:\/\/sezona.lv\/en\/wp-json\/wp\/v2\/product_brand?post=79818"},{"taxonomy":"product_cat","embeddable":true,"href":"https:\/\/sezona.lv\/en\/wp-json\/wp\/v2\/product_cat?post=79818"},{"taxonomy":"product_tag","embeddable":true,"href":"https:\/\/sezona.lv\/en\/wp-json\/wp\/v2\/product_tag?post=79818"}],"curies":[{"name":"wp","href":"https:\/\/api.w.org\/{rel}","templated":true}]}}