{"id":79820,"date":"2025-07-11T17:13:44","date_gmt":"2025-07-11T14:13:44","guid":{"rendered":"https:\/\/demo8.ecube.lv\/sezona.lv\/products\/sufix-monofila-aukla-elite-clear-100m\/"},"modified":"2025-07-14T15:46:25","modified_gmt":"2025-07-14T12:46:25","slug":"sufix-monofila-aukla-elite-clear-100m","status":"publish","type":"product","link":"https:\/\/sezona.lv\/en\/products\/sufix-monofila-aukla-elite-clear-100m\/","title":{"rendered":"Sufix monof\u012bl\u0101 aukla Elite Clear 100m"},"content":{"rendered":"<p>Monof\u012bl\u0101 Aukla Sufix Elite Clear 100m.<\/p>\n<p><strong>Iztur\u012bbas tabula:<br \/> 0.12mm- 1.30kg<br \/> 0.14mm &#8211; 1.90kg<br \/> 0.16mm &#8211; 2.20kg<br \/> 0.18mm &#8211; 2.80kg<br \/> 0.20mm &#8211; 3.30kg<br \/> 0.23mm &#8211; 4.40kg<br \/> 0.25mm &#8211; 5.40kg<\/strong><\/p>\n","protected":false},"excerpt":{"rendered":"<p>Monof\u012bl\u0101 Aukla Sufix Elite Clear 100m. Iztur\u012bbas tabula: 0.12mm- 1.30kg 0.14mm &#8211; 1.90kg 0.16mm &#8211; 2.20kg 0.18mm &#8211; 2.80kg 0.20mm &#8211; 3.30kg 0.23mm &#8211; 4.40kg 0.25mm &#8211; 5.40kg<\/p>\n","protected":false},"featured_media":0,"template":"","meta":[],"product_brand":[894],"product_cat":[4538,4552,4553],"product_tag":[],"class_list":{"0":"post-79820","1":"product","2":"type-product","3":"status-publish","5":"product_brand-salmo","6":"product_cat-fishing-equipment-recreation","7":"product_cat-cords-fishing-equipment-recreation","8":"product_cat-monofilament-fishing-lines-cords-fishing-equipment-recreation","10":"first","11":"instock","12":"shipping-taxable","13":"purchasable","14":"product-type-simple"},"_links":{"self":[{"href":"https:\/\/sezona.lv\/en\/wp-json\/wp\/v2\/product\/79820","targetHints":{"allow":["GET"]}}],"collection":[{"href":"https:\/\/sezona.lv\/en\/wp-json\/wp\/v2\/product"}],"about":[{"href":"https:\/\/sezona.lv\/en\/wp-json\/wp\/v2\/types\/product"}],"wp:attachment":[{"href":"https:\/\/sezona.lv\/en\/wp-json\/wp\/v2\/media?parent=79820"}],"wp:term":[{"taxonomy":"product_brand","embeddable":true,"href":"https:\/\/sezona.lv\/en\/wp-json\/wp\/v2\/product_brand?post=79820"},{"taxonomy":"product_cat","embeddable":true,"href":"https:\/\/sezona.lv\/en\/wp-json\/wp\/v2\/product_cat?post=79820"},{"taxonomy":"product_tag","embeddable":true,"href":"https:\/\/sezona.lv\/en\/wp-json\/wp\/v2\/product_tag?post=79820"}],"curies":[{"name":"wp","href":"https:\/\/api.w.org\/{rel}","templated":true}]}}